{"id":11016,"date":"2020-11-26T19:29:22","date_gmt":"2020-11-26T18:29:22","guid":{"rendered":"https:\/\/www.comune.sestu.ca.it\/?page_id=11016"},"modified":"2024-02-29T15:50:05","modified_gmt":"2024-02-29T14:50:05","slug":"matteo-taccori-2020-2025","status":"publish","type":"page","link":"https:\/\/at.comune.sestu.ca.it\/index.php\/amministrazione\/politici\/matteo-taccori-2020-2025\/","title":{"rendered":"Matteo Taccori (2020-2025)"},"content":{"rendered":"\n<h3 class=\"wp-block-heading has-text-color\" style=\"color:#796c31\">Assessore alla Programmazione, Bilancio, Tributi, Societ\u00e0 partecipate, Sport, Cultura e Tradizioni popolari <\/h3>\n\n\n\n<h4 class=\"wp-block-heading has-text-color\" style=\"color:#555555\">Orari di ricevimento al pubblico<\/h4>\n\n\n\n<ul>\n<li>marted\u00ec e gioved\u00ec, dalle 10 alle 13 e dalle 16.30 alle 18<\/li>\n\n\n\n<li>luned\u00ec, mercoled\u00ec e venerd\u00ec previo appuntamento<\/li>\n<\/ul>\n\n\n\n<div style=\"height:20px\" aria-hidden=\"true\" class=\"wp-block-spacer\"><\/div>\n\n\n\n<h4 class=\"wp-block-heading has-text-color\" style=\"color:#555555\">Contatti<\/h4>\n\n\n\n<table id=\"tablepress-170\" class=\"tablepress tablepress-id-170 tablepress-responsive\">\n<thead>\n<tr class=\"row-1\">\n\t<th class=\"column-1\"><strong>Telefono<\/strong><\/th><th class=\"column-2\">0702360262<\/th>\n<\/tr>\n<\/thead>\n<tbody>\n<tr class=\"row-2\">\n\t<td class=\"column-1\"><strong>Email<\/strong><\/td><td class=\"column-2\"><a href=\"mailto:matteo.taccori@comune.sestu.ca.it\">matteo.taccori@comune.sestu.ca.it\ufeff<\/a><\/td>\n<\/tr>\n<\/tbody>\n<\/table>\n<!-- #tablepress-170 from cache -->\n\n\n\n<div style=\"height:100px\" aria-hidden=\"true\" class=\"wp-block-spacer\"><\/div>\n\n\n\n<p><strong>Atto di nomina o di proclamazione e durata incarico\/mandato elettivo<\/strong><\/p>\n\n\n\n<ul>\n<li>Delibera Consiglio Comunale del 12 novembre 2020 n. 47 \u201cElezioni amministrative 25 e 26 ottobre 2020. Convalida eletti alla carica di Sindaco e di Consigliere comunale\u201d.<\/li>\n\n\n\n<li>Decreto della Sindaca del 16 novembre 2020 n. 5 \u201cNomina Giunta, determinazione ambiti di competenza e deleghe Assessori comunali\u201d.<\/li>\n\n\n\n<li>dimissioni dal 09.04.2021<\/li>\n\n\n\n<li>Decreto della Sindaca del 04\/04\/2022 n. 5 &#8220;Rideterminazione numero di assessori componenti la Giunta comunale e determinazione ambiti di competenze e deleghe Assessori comunali&#8221;;<\/li>\n<\/ul>\n\n\n\n<p><strong>Compensi connessi all&#8217;assunzione della carica<\/strong><\/p>\n\n\n\n<ul>\n<li>Importo complessivo lordo percepito a titolo di indennit\u00e0 di carica consiliatura 2015-2020: euro 13.133,48<\/li>\n\n\n\n<li>Importo complessivo lordo percepito a titolo di gettoni di presenza anno 2020: euro 20,99<\/li>\n\n\n\n<li>Importo complessivo lordo percepito a titolo di indennit\u00e0 di carica nel 2020 attuale consiliatura: euro 1.976,61<\/li>\n\n\n\n<li>Importo complessivo lordo percepito a titolo di indennit\u00e0 di carica nel 2021: euro  4.348,54<\/li>\n\n\n\n<li>Importo complessivo lordo percepito a titolo di indennit\u00e0 di carica nel 2022: euro  8.060,19<\/li>\n\n\n\n<li>Importo complessivo lordo percepito a titolo di indennit\u00e0 di carica nel 2023: euro 10.818,84<\/li>\n<\/ul>\n\n\n\n<p><strong>Spese viaggi di servizio e missioni<\/strong><\/p>\n\n\n\n<ul>\n<li>anno 2020: euro zero<\/li>\n\n\n\n<li>anno 2021: euro zero<\/li>\n\n\n\n<li>anno 2022: euro zero<\/li>\n\n\n\n<li>anno 2023: euro zero<\/li>\n<\/ul>\n\n\n\n<div style=\"height:100px\" aria-hidden=\"true\" class=\"wp-block-spacer\"><\/div>\n\n\n\n<p><\/p>\n\n\n\n<p class=\"has-text-color has-medium-font-size\" style=\"color:#555555\"><strong>Pubblicazione dati ex decreto legislativo n. 33\/2013 (articolo 13, comma 1, lettera a) e articolo 14<\/strong>.<\/p>\n\n\n\n<table id=\"tablepress-257\" class=\"tablepress tablepress-id-257 tablepress-responsive\">\n<thead>\n<tr class=\"row-1 odd\">\n\t<th class=\"column-1\">Allegati<\/th><th class=\"column-2\">File PDF<\/th>\n<\/tr>\n<\/thead>\n<tbody class=\"row-hover\">\n<tr class=\"row-2 even\">\n\t<td class=\"column-1\">Delibera Consiglio Comunale - Convalida eletti alla carica di Sindaco e di Consigliere comunale<\/td><td class=\"column-2\"><a href=\"http:\/\/at.comune.sestu.ca.it\/wp-content\/uploads\/2021\/03\/Delibera_C.C_47_2020_Convalida_Eletti-3.pdf\">Delibera C.C n.47 del 2020<\/a><\/td>\n<\/tr>\n<tr class=\"row-3 odd\">\n\t<td class=\"column-1\">Decreto Sindacale \"Nomina Giunta, determinazione ambiti di competenza e deleghe Assessori comunali\"<\/td><td class=\"column-2\"><a href=\"http:\/\/at.comune.sestu.ca.it\/wp-content\/uploads\/2021\/03\/Decreto_5_2020-4.pdf\">Decreto Sindacale n. 5 del 2020<\/a><\/td>\n<\/tr>\n<tr class=\"row-4 even\">\n\t<td class=\"column-1\">Curriculum Vitae<\/td><td class=\"column-2\"><a href=\"http:\/\/at.comune.sestu.ca.it\/wp-content\/uploads\/2021\/03\/Curriculum-Vitae-di-Matteo-Taccori-2019.pdf\">Curriculum<\/a><\/td>\n<\/tr>\n<tr class=\"row-5 odd\">\n\t<td class=\"column-1\">Dichiarazione spese elettorali<br \/>\n<\/td><td class=\"column-2\"><a href=\"http:\/\/at.comune.sestu.ca.it\/wp-content\/uploads\/2023\/12\/Allegato_3_Dich_Incarichi-2.pdf\">Spese elettorali<\/a><\/td>\n<\/tr>\n<tr class=\"row-6 even\">\n\t<td class=\"column-1\">Dichiarazione assunzione altre cariche<\/td><td class=\"column-2\"><a href=\"http:\/\/at.comune.sestu.ca.it\/wp-content\/uploads\/2023\/12\/Allegato_4.pdf\">Dichiarazioni assunzione altre cariche<\/a><\/td>\n<\/tr>\n<tr class=\"row-7 odd\">\n\t<td class=\"column-1\">Dichiarazione Patrimoniale - Aggiornamento<\/td><td class=\"column-2\"><a href=\"http:\/\/at.comune.sestu.ca.it\/wp-content\/uploads\/2021\/03\/Dichiarazione_VARIAZIONE_situaz_patrimoniale_1-2.pdf\">Dichiarazione patrimoniale<\/a><\/td>\n<\/tr>\n<tr class=\"row-8 even\">\n\t<td class=\"column-1\">Dichiarazione di diniego<\/td><td class=\"column-2\"><a href=\"http:\/\/at.comune.sestu.ca.it\/wp-content\/uploads\/2021\/03\/Dichiarazione_DINIEGO-5.pdf\">Dichiarazione di diniego<\/a><\/td>\n<\/tr>\n<tr class=\"row-9 odd\">\n\t<td class=\"column-1\">Dichiarazione Redditi - 2020<\/td><td class=\"column-2\"><a href=\"http:\/\/at.comune.sestu.ca.it\/wp-content\/uploads\/2021\/03\/REDDITI_20219_TACCORI.pdf\">Dichiarazione Redditi 2020<\/a><\/td>\n<\/tr>\n<tr class=\"row-10 even\">\n\t<td class=\"column-1\">Dichiarazione - soggetti cessati<\/td><td class=\"column-2\"><a href=\"http:\/\/at.comune.sestu.ca.it\/wp-content\/uploads\/2021\/07\/Dichiarazione-cessati.pdf\">Dichiarazione cessato<\/a><\/td>\n<\/tr>\n<tr class=\"row-11 odd\">\n\t<td class=\"column-1\">Decreto Sindacale \"Rideterminazione numero di assessori componenti la Giunta comunale e determinazione ambiti di competenze e deleghe Assessori comunali\"<\/td><td class=\"column-2\"><a href=\"http:\/\/at.comune.sestu.ca.it\/wp-content\/uploads\/2022\/05\/Decreto-n.-5_2022.pdf\">Decreto n. 5 del 2022<\/a><\/td>\n<\/tr>\n<tr class=\"row-12 even\">\n\t<td class=\"column-1\">Aggiornamento situazione patrimoniale 2022<\/td><td class=\"column-2\"><a href=\"http:\/\/at.comune.sestu.ca.it\/wp-content\/uploads\/2023\/01\/Dichiarazione_VARIAZIONE_2022-5.pdf\">Aggiornamento 2022<\/a><\/td>\n<\/tr>\n<tr class=\"row-13 odd\">\n\t<td class=\"column-1\">Dichiarazione di diniego 2022<\/td><td class=\"column-2\"><a href=\"http:\/\/at.comune.sestu.ca.it\/wp-content\/uploads\/2023\/01\/Dichiarazione_DINIEGO_2022-2.pdf\">Dichiarazione di diniego 2022<\/a><\/td>\n<\/tr>\n<tr class=\"row-14 even\">\n\t<td class=\"column-1\">Dichiarazione Redditi 2022<\/td><td class=\"column-2\"><a href=\"http:\/\/at.comune.sestu.ca.it\/wp-content\/uploads\/2023\/01\/730-2022.pdf\">Dichiarazione Redditi 2022<\/a><br \/>\n<\/td>\n<\/tr>\n<tr class=\"row-15 odd\">\n\t<td class=\"column-1\">Aggiornamento situazione patrimoniale 2023<\/td><td class=\"column-2\"><a href=\"http:\/\/at.comune.sestu.ca.it\/wp-content\/uploads\/2023\/12\/Allegato_6_Variaz_2023_TCC.pdf\">Aggiornamento 2023<\/a><\/td>\n<\/tr>\n<tr class=\"row-16 even\">\n\t<td class=\"column-1\">Dichiarazione di diniego 2023<\/td><td class=\"column-2\"><a href=\"http:\/\/at.comune.sestu.ca.it\/wp-content\/uploads\/2023\/12\/Allegato_7_DINIEGO_2023-1.pdf\">Dichiarazione di diniego 2023<\/a><\/td>\n<\/tr>\n<tr class=\"row-17 odd\">\n\t<td class=\"column-1\">Dichiarazione redditi 2023<\/td><td class=\"column-2\"><a href=\"http:\/\/at.comune.sestu.ca.it\/wp-content\/uploads\/2023\/12\/REDDITI_2023_TCC.pdf\">Dichiarazione Redditi 2023<\/a><\/td>\n<\/tr>\n<\/tbody>\n<\/table>\n<!-- #tablepress-257 from cache -->\n\n\n\n<div style=\"height:100px\" aria-hidden=\"true\" class=\"wp-block-spacer\"><\/div>\n","protected":false},"excerpt":{"rendered":"<p>Assessore alla Programmazione, Bilancio, Tributi, Societ\u00e0 partecipate, Sport, Cultura e Tradizioni popolari Orari di ricevimento al pubblico Contatti Atto di nomina o di proclamazione e durata incarico\/mandato elettivo Compensi connessi all&#8217;assunzione della carica Spese viaggi di servizio e missioni Pubblicazione dati ex decreto legislativo n.<\/p>\n","protected":false},"author":3,"featured_media":0,"parent":3771,"menu_order":4,"comment_status":"closed","ping_status":"closed","template":"","meta":[],"_links":{"self":[{"href":"https:\/\/at.comune.sestu.ca.it\/index.php\/wp-json\/wp\/v2\/pages\/11016"}],"collection":[{"href":"https:\/\/at.comune.sestu.ca.it\/index.php\/wp-json\/wp\/v2\/pages"}],"about":[{"href":"https:\/\/at.comune.sestu.ca.it\/index.php\/wp-json\/wp\/v2\/types\/page"}],"author":[{"embeddable":true,"href":"https:\/\/at.comune.sestu.ca.it\/index.php\/wp-json\/wp\/v2\/users\/3"}],"replies":[{"embeddable":true,"href":"https:\/\/at.comune.sestu.ca.it\/index.php\/wp-json\/wp\/v2\/comments?post=11016"}],"version-history":[{"count":11,"href":"https:\/\/at.comune.sestu.ca.it\/index.php\/wp-json\/wp\/v2\/pages\/11016\/revisions"}],"predecessor-version":[{"id":30622,"href":"https:\/\/at.comune.sestu.ca.it\/index.php\/wp-json\/wp\/v2\/pages\/11016\/revisions\/30622"}],"up":[{"embeddable":true,"href":"https:\/\/at.comune.sestu.ca.it\/index.php\/wp-json\/wp\/v2\/pages\/3771"}],"wp:attachment":[{"href":"https:\/\/at.comune.sestu.ca.it\/index.php\/wp-json\/wp\/v2\/media?parent=11016"}],"curies":[{"name":"wp","href":"https:\/\/api.w.org\/{rel}","templated":true}]}}