{"id":11345,"date":"2020-12-23T12:34:35","date_gmt":"2020-12-23T11:34:35","guid":{"rendered":"https:\/\/www.comune.sestu.ca.it\/?page_id=11345"},"modified":"2021-02-11T13:14:39","modified_gmt":"2021-02-11T12:14:39","slug":"consiglio-comunale-28-dicembre-2020","status":"publish","type":"page","link":"https:\/\/at.comune.sestu.ca.it\/index.php\/amministrazione\/organi-di-governo\/il-consiglio\/convocazioni-e-verbali\/convocazioni-e-verbali-anno-2020\/consiglio-comunale-28-dicembre-2020\/","title":{"rendered":"Consiglio comunale 28 Dicembre 2020"},"content":{"rendered":"\n<div style=\"height:36px\" aria-hidden=\"true\" class=\"wp-block-spacer\"><\/div>\n\n\n\n<p>Il Consiglio comunale \u00e8 convocato in seduta straordinaria di prima convocazione per il giorno Luned\u00ec 28 dicembre 2020, alle ore 18.00, ed in seconda convocazione per il giorno Mercoled\u00ec 30 dicembre 2020, alle ore 18.00,  presso l\u2019aula consiliare del Comune.<\/p>\n\n\n\n<p><\/p>\n\n\n\n<p>Ordine del giorno:<\/p>\n\n\n\n<p>Interrogazioni e comunicazioni<\/p>\n\n\n\n<ol><li>Revisione periodica delle partecipazioni ai sensi dell&#8217;art. 20 D.Lgs. 175\/2016 (TUSP) e Censimento delle partecipazioni pubbliche (art. 17 D.L. n. 90\/2014) al 31.12.2019.<\/li><\/ol>\n\n\n\n<p>IL PRESIDENTE: Antonio Manca<\/p>\n\n\n\n<div style=\"height:54px\" aria-hidden=\"true\" class=\"wp-block-spacer\"><\/div>\n\n\n\n<p>I verbali delle sedute sono consultabili in allegato non appena disponibili.<\/p>\n","protected":false},"excerpt":{"rendered":"<p>Il Consiglio comunale \u00e8 convocato in seduta straordinaria di prima convocazione per il giorno Luned\u00ec 28 dicembre 2020, alle ore 18.<\/p>\n","protected":false},"author":3,"featured_media":0,"parent":199,"menu_order":-19,"comment_status":"closed","ping_status":"closed","template":"","meta":[],"_links":{"self":[{"href":"https:\/\/at.comune.sestu.ca.it\/index.php\/wp-json\/wp\/v2\/pages\/11345"}],"collection":[{"href":"https:\/\/at.comune.sestu.ca.it\/index.php\/wp-json\/wp\/v2\/pages"}],"about":[{"href":"https:\/\/at.comune.sestu.ca.it\/index.php\/wp-json\/wp\/v2\/types\/page"}],"author":[{"embeddable":true,"href":"https:\/\/at.comune.sestu.ca.it\/index.php\/wp-json\/wp\/v2\/users\/3"}],"replies":[{"embeddable":true,"href":"https:\/\/at.comune.sestu.ca.it\/index.php\/wp-json\/wp\/v2\/comments?post=11345"}],"version-history":[{"count":1,"href":"https:\/\/at.comune.sestu.ca.it\/index.php\/wp-json\/wp\/v2\/pages\/11345\/revisions"}],"predecessor-version":[{"id":11346,"href":"https:\/\/at.comune.sestu.ca.it\/index.php\/wp-json\/wp\/v2\/pages\/11345\/revisions\/11346"}],"up":[{"embeddable":true,"href":"https:\/\/at.comune.sestu.ca.it\/index.php\/wp-json\/wp\/v2\/pages\/199"}],"wp:attachment":[{"href":"https:\/\/at.comune.sestu.ca.it\/index.php\/wp-json\/wp\/v2\/media?parent=11345"}],"curies":[{"name":"wp","href":"https:\/\/api.w.org\/{rel}","templated":true}]}}