{"id":11590,"date":"2021-01-11T08:38:59","date_gmt":"2021-01-11T07:38:59","guid":{"rendered":"https:\/\/www.comune.sestu.ca.it\/?page_id=11590"},"modified":"2021-01-11T08:46:42","modified_gmt":"2021-01-11T07:46:42","slug":"consiglio-comunale-2-marzo-2020","status":"publish","type":"page","link":"https:\/\/at.comune.sestu.ca.it\/index.php\/amministrazione\/organi-di-governo\/il-consiglio\/convocazioni-e-verbali\/convocazioni-e-verbali-anno-2020\/consiglio-comunale-2-marzo-2020\/","title":{"rendered":"Consiglio comunale 2 Marzo 2020"},"content":{"rendered":"\n<div style=\"height:36px\" aria-hidden=\"true\" class=\"wp-block-spacer\"><\/div>\n\n\n\n<p>Il Consiglio comunale \u00e8 convocato in seduta straordinaria di prima convocazione per il giorno Luned\u00ec 2 Marzo 2020, alle ore 18.30, ed in seconda convocazione per il giorno Mercoled\u00ec 4 Marzo 2020, alle ore 18.30,  presso l\u2019aula consiliare del Comune.<\/p>\n\n\n\n<p><\/p>\n\n\n\n<p>Ordine del giorno:<\/p>\n\n\n\n<p>Interrogazioni e comunicazioni<\/p>\n\n\n\n<ol><li>Approvazione studio di compatibilit\u00e0 variante post-intervento lavori di sistemazione idraulica ambientale del rio Sestu di cui al 2\u00b0 stralcio funzionale, comportante Variante al Piano di Assetto Idrogeologico (PAI);<\/li><li>Approvazione del nuovo Regolamento disciplinante il Servizio Nido d\u2019Infanzia comunale;<\/li><li>Modifica n. 1 al programma biennale degli acquisti di forniture e servizi 2020-2021;<\/li><li>Variazione al programma triennale delle opere pubbliche 2020-2022 ed al relativo elenco annuale 2020.<\/li><\/ol>\n\n\n\n<p>IL PRESIDENTE: Luciano Muscas<\/p>\n\n\n\n<div style=\"height:54px\" aria-hidden=\"true\" class=\"wp-block-spacer\"><\/div>\n\n\n\n<p>I verbali delle sedute sono consultabili in allegato non appena disponibili.<\/p>\n","protected":false},"excerpt":{"rendered":"<p>Il Consiglio comunale \u00e8 convocato in seduta straordinaria di prima convocazione per il giorno Luned\u00ec 2 Marzo 2020, alle ore 18.<\/p>\n","protected":false},"author":3,"featured_media":0,"parent":199,"menu_order":-3,"comment_status":"closed","ping_status":"closed","template":"","meta":[],"_links":{"self":[{"href":"https:\/\/at.comune.sestu.ca.it\/index.php\/wp-json\/wp\/v2\/pages\/11590"}],"collection":[{"href":"https:\/\/at.comune.sestu.ca.it\/index.php\/wp-json\/wp\/v2\/pages"}],"about":[{"href":"https:\/\/at.comune.sestu.ca.it\/index.php\/wp-json\/wp\/v2\/types\/page"}],"author":[{"embeddable":true,"href":"https:\/\/at.comune.sestu.ca.it\/index.php\/wp-json\/wp\/v2\/users\/3"}],"replies":[{"embeddable":true,"href":"https:\/\/at.comune.sestu.ca.it\/index.php\/wp-json\/wp\/v2\/comments?post=11590"}],"version-history":[{"count":1,"href":"https:\/\/at.comune.sestu.ca.it\/index.php\/wp-json\/wp\/v2\/pages\/11590\/revisions"}],"predecessor-version":[{"id":11591,"href":"https:\/\/at.comune.sestu.ca.it\/index.php\/wp-json\/wp\/v2\/pages\/11590\/revisions\/11591"}],"up":[{"embeddable":true,"href":"https:\/\/at.comune.sestu.ca.it\/index.php\/wp-json\/wp\/v2\/pages\/199"}],"wp:attachment":[{"href":"https:\/\/at.comune.sestu.ca.it\/index.php\/wp-json\/wp\/v2\/media?parent=11590"}],"curies":[{"name":"wp","href":"https:\/\/api.w.org\/{rel}","templated":true}]}}