{"id":11885,"date":"2021-01-25T08:29:31","date_gmt":"2021-01-25T07:29:31","guid":{"rendered":"https:\/\/www.comune.sestu.ca.it\/?page_id=11885"},"modified":"2021-02-25T15:50:38","modified_gmt":"2021-02-25T14:50:38","slug":"consiglio-comunale-28-gennaio-2021","status":"publish","type":"page","link":"https:\/\/at.comune.sestu.ca.it\/index.php\/amministrazione\/organi-di-governo\/il-consiglio\/convocazioni-e-verbali\/convocazioni-e-verbali-anno-2021\/consiglio-comunale-28-gennaio-2021\/","title":{"rendered":"Consiglio comunale 28 Gennaio 2021"},"content":{"rendered":"\n<div style=\"height:36px\" aria-hidden=\"true\" class=\"wp-block-spacer\"><\/div>\n\n\n\n<p>Il Consiglio comunale \u00e8 convocato in seduta straordinaria di prima convocazione per il giorno Gioved\u00ec 28 gennaio 2021, alle ore 18.00, ed in seconda convocazione per il giorno Venerd\u00ec 29 gennaio 2021, alle ore 18.00,  presso l\u2019aula consiliare del Comune.<\/p>\n\n\n\n<p><\/p>\n\n\n\n<p>Ordine del giorno:<\/p>\n\n\n\n<p>Interrogazioni e comunicazioni<\/p>\n\n\n\n<ol><li>Regolamento comunale per la disciplina dell&#8217;uso delle armi e dei presidi per la difesa personale del Corpo di Polizia Locale \u2013 approvazione;<\/li><li>Mozione: &#8220;Mobilitazione degli Enti Locali della Sardegna e attivazione di azioni contro l&#8217;ipotesi di stoccaggio di scorie nucleari, anche in forma provvisoria, nei Comuni del territorio della Sardegna&#8221;;<\/li><li>Mozione: &#8220;Sparizione del nostro concittadino Salvatore Angioni&#8221;;<\/li><li>Mozione: \u201cRicordo della tragedia delle foibe in vista della solennit\u00e0 civile nazionale del 10 febbraio\u201d.<\/li><\/ol>\n\n\n\n<p>IL PRESIDENTE: Antonio Manca<\/p>\n\n\n\n<div style=\"height:54px\" aria-hidden=\"true\" class=\"wp-block-spacer\"><\/div>\n\n\n\n<p>I verbali delle sedute sono consultabili in allegato non appena disponibili.<\/p>\n","protected":false},"excerpt":{"rendered":"<p>Il Consiglio comunale \u00e8 convocato in seduta straordinaria di prima convocazione per il giorno Gioved\u00ec 28 gennaio 2021, alle ore 18.<\/p>\n","protected":false},"author":3,"featured_media":0,"parent":11890,"menu_order":-1,"comment_status":"closed","ping_status":"closed","template":"","meta":[],"_links":{"self":[{"href":"https:\/\/at.comune.sestu.ca.it\/index.php\/wp-json\/wp\/v2\/pages\/11885"}],"collection":[{"href":"https:\/\/at.comune.sestu.ca.it\/index.php\/wp-json\/wp\/v2\/pages"}],"about":[{"href":"https:\/\/at.comune.sestu.ca.it\/index.php\/wp-json\/wp\/v2\/types\/page"}],"author":[{"embeddable":true,"href":"https:\/\/at.comune.sestu.ca.it\/index.php\/wp-json\/wp\/v2\/users\/3"}],"replies":[{"embeddable":true,"href":"https:\/\/at.comune.sestu.ca.it\/index.php\/wp-json\/wp\/v2\/comments?post=11885"}],"version-history":[{"count":1,"href":"https:\/\/at.comune.sestu.ca.it\/index.php\/wp-json\/wp\/v2\/pages\/11885\/revisions"}],"predecessor-version":[{"id":11888,"href":"https:\/\/at.comune.sestu.ca.it\/index.php\/wp-json\/wp\/v2\/pages\/11885\/revisions\/11888"}],"up":[{"embeddable":true,"href":"https:\/\/at.comune.sestu.ca.it\/index.php\/wp-json\/wp\/v2\/pages\/11890"}],"wp:attachment":[{"href":"https:\/\/at.comune.sestu.ca.it\/index.php\/wp-json\/wp\/v2\/media?parent=11885"}],"curies":[{"name":"wp","href":"https:\/\/api.w.org\/{rel}","templated":true}]}}