{"id":12201,"date":"2021-02-09T11:46:17","date_gmt":"2021-02-09T10:46:17","guid":{"rendered":"https:\/\/www.comune.sestu.ca.it\/?page_id=12201"},"modified":"2023-03-08T11:26:14","modified_gmt":"2023-03-08T10:26:14","slug":"disposizioni-anticipate-di-trattamento-dat","status":"publish","type":"page","link":"https:\/\/at.comune.sestu.ca.it\/index.php\/servizi\/anagrafe-e-stato-civile\/disposizioni-anticipate-di-trattamento-dat\/","title":{"rendered":"Disposizioni Anticipate di Trattamento (DAT)"},"content":{"rendered":"\n<div style=\"height:31px\" aria-hidden=\"true\" class=\"wp-block-spacer\"><\/div>\n\n\n\n<h4 class=\"wp-block-heading\">Cos&#8217;\u00e8<\/h4>\n\n\n\n<p>Il 31 gennaio 2018 \u00e8 entrata in vigore la legge n. 219\/2017, avente ad oggetto: &#8220;Norme in materia di consenso informato e disposizioni anticipate di trattamento&#8221; che riguardano&nbsp;le (DAT) Disposizioni anticipate di trattamento.<\/p>\n\n\n\n<p>L&#8217;articolo 4 della citata legge introduce nel nostro ordinamento giuridico le DAT secondo cui ogni persona maggiorenne e capace di intendere e di volere, in previsione di una eventuale futura incapacit\u00e0 di autodeterminarsi e dopo aver acquisito adeguate informazioni mediche sulle conseguenze delle proprie scelte, pu\u00f2 esprimere le proprie volont\u00e0 in materia di trattamenti sanitari, nonch\u00e8 il consenso o il rifiuto rispetto ad accertamenti diagnostici o scelte terapeutiche e a singoli trattamenti sanitari. Indica altres\u00ec una persona di sua fiducia, denominata fiduciario, che ne faccia le veci e la rappresenti nelle relazioni con il medico e con le strutture sanitarie.<\/p>\n\n\n\n<p>Le DAT possono essere rese:<\/p>\n\n\n\n<ul>\n<li>tramite atto pubblico o con scrittura privata autenticata, entrambe da redigersi presso un notaio;<\/li>\n\n\n\n<li>tramite scrittura privata da consegnare presso l&#8217;Ufficio di Stato Civile del Comune di Sestu&nbsp;che provvede all&#8217;iscrizione nell&#8217;apposito registro;<\/li>\n\n\n\n<li>tramite scrittura privata da consegnare direttamente presso le strutture sanitarie che abbiano adottato modalit\u00e0 telematiche di gestione della cartella clinica o il fascicolo sanitario elettronico.<\/li>\n<\/ul>\n\n\n\n<h4 class=\"wp-block-heading\">Accedere al servizio<\/h4>\n\n\n\n<p>L&#8217;interessato deve presentarsi (previo appuntamento) di persona insieme all&#8217;eventuale fiduciario, per la presentazione della richiesta di iscrizione al registro che dovr\u00e0 essere sottoscritta davanti all&#8217;ufficiale di Stato Civile.<br>Il documento contenente la DAT, deve essere consegnato in busta e sottoscritto in originale dall&#8217;interessato e potr\u00e0 contenere anche la firma del fiduciario.<\/p>\n\n\n\n<p><\/p>\n\n\n\n<p><strong>Procedure collegate all&#8217;esito<\/strong><\/p>\n\n\n\n<p>L&#8217;Ufficio di Stato Civile rilascia una ricevuta con l&#8217;indicazione del luogo dove la documentazione \u00e8 depositata e conservata.<\/p>\n\n\n\n<p>A seguito dell&#8217;entrata in vigore del Decreto 10 dicembre 2019, n. 168 (Regolamento concernente la banca dati nazionale destinata alla registrazione delle Disposizioni Anticipate di Trattamento) a partire dal 1 febbraio 2020, all&#8217;atto della formazione, consegna e ricezione della DAT, l&#8217;Ufficiale dello Stato Civile trasmette le informazioni relative alla consegna della stessa alla Banca Dati Nazionale istituita presso il Ministero della Salute mediante un modulo elettronico, mentre la DAT sar\u00e0 trasmessa solo previo consenso del disponente.<\/p>\n\n\n\n<p><strong>Accesso agli uffici<\/strong><\/p>\n\n\n\n<p>Il servizio viene erogato previo appuntamento:<\/p>\n\n\n\n<ul>\n<li>Stato Civile Sestu &#8211; Via Scipione 1 (Piano Terra);<\/li>\n<\/ul>\n\n\n\n<p><\/p>\n\n\n\n<h4 class=\"wp-block-heading\">Orario Ufficio Servizi Demografici<\/h4>\n\n\n\n<table id=\"tablepress-72\" class=\"tablepress tablepress-id-72 tablepress-responsive\">\n<tbody>\n<tr class=\"row-1 odd\">\n\t<td colspan=\"5\" class=\"column-1\"><strong>Orario al pubblico<\/strong><\/td>\n<\/tr>\n<tr class=\"row-2 even\">\n\t<td class=\"column-1\"><strong> Luned\u00ec<\/strong><br \/>\n11:00\/13:00<\/td><td class=\"column-2\"><strong>Marted\u00ec<\/strong><br \/>\n11:00\/13:00<br \/>\n15:30\/17:00<\/td><td class=\"column-3\"><strong>Mercoled\u00ec<\/strong><br \/>\n11:00\/13:00<\/td><td class=\"column-4\"><strong>Gioved\u00ec<\/strong><br \/>\n11:00\/13:00<br \/>\n15:30\/17:00<\/td><td class=\"column-5\"><strong>Venerd\u00ec<\/strong><br \/>\n11:00\/13:00<\/td>\n<\/tr>\n<\/tbody>\n<\/table>\n<!-- #tablepress-72 from cache -->\n\n\n\n<p><\/p>\n","protected":false},"excerpt":{"rendered":"<p>Cos&#8217;\u00e8 Il 31 gennaio 2018 \u00e8 entrata in vigore la legge n.<\/p>\n","protected":false},"author":3,"featured_media":0,"parent":3898,"menu_order":1,"comment_status":"closed","ping_status":"closed","template":"","meta":[],"_links":{"self":[{"href":"https:\/\/at.comune.sestu.ca.it\/index.php\/wp-json\/wp\/v2\/pages\/12201"}],"collection":[{"href":"https:\/\/at.comune.sestu.ca.it\/index.php\/wp-json\/wp\/v2\/pages"}],"about":[{"href":"https:\/\/at.comune.sestu.ca.it\/index.php\/wp-json\/wp\/v2\/types\/page"}],"author":[{"embeddable":true,"href":"https:\/\/at.comune.sestu.ca.it\/index.php\/wp-json\/wp\/v2\/users\/3"}],"replies":[{"embeddable":true,"href":"https:\/\/at.comune.sestu.ca.it\/index.php\/wp-json\/wp\/v2\/comments?post=12201"}],"version-history":[{"count":10,"href":"https:\/\/at.comune.sestu.ca.it\/index.php\/wp-json\/wp\/v2\/pages\/12201\/revisions"}],"predecessor-version":[{"id":24431,"href":"https:\/\/at.comune.sestu.ca.it\/index.php\/wp-json\/wp\/v2\/pages\/12201\/revisions\/24431"}],"up":[{"embeddable":true,"href":"https:\/\/at.comune.sestu.ca.it\/index.php\/wp-json\/wp\/v2\/pages\/3898"}],"wp:attachment":[{"href":"https:\/\/at.comune.sestu.ca.it\/index.php\/wp-json\/wp\/v2\/media?parent=12201"}],"curies":[{"name":"wp","href":"https:\/\/api.w.org\/{rel}","templated":true}]}}