{"id":12207,"date":"2021-02-03T12:16:08","date_gmt":"2021-02-03T11:16:08","guid":{"rendered":"https:\/\/www.comune.sestu.ca.it\/?page_id=12207"},"modified":"2021-03-09T16:08:57","modified_gmt":"2021-03-09T15:08:57","slug":"consiglio-comunale-9-febbraio-2021","status":"publish","type":"page","link":"https:\/\/at.comune.sestu.ca.it\/index.php\/amministrazione\/organi-di-governo\/il-consiglio\/convocazioni-e-verbali\/convocazioni-e-verbali-anno-2021\/consiglio-comunale-9-febbraio-2021\/","title":{"rendered":"Consiglio comunale 9 Febbraio 2021"},"content":{"rendered":"\n<div style=\"height:36px\" aria-hidden=\"true\" class=\"wp-block-spacer\"><\/div>\n\n\n\n<p>Il Consiglio comunale \u00e8 convocato in seduta straordinaria di prima convocazione per il giorno Marted\u00ec 9 febbraio 2021, alle ore 18.00, ed in seconda convocazione per il giorno Gioved\u00ec 11 febbraio 2021, alle ore 18.00,  presso l\u2019aula consiliare del Comune.<\/p>\n\n\n\n<p><\/p>\n\n\n\n<p>Ordine del giorno:<\/p>\n\n\n\n<p>Interrogazioni e comunicazioni<\/p>\n\n\n\n<ol><li>Mozione: &#8220;Mobilitazione degli Enti Locali della Sardegna e attivazione di azioni contro l&#8217;ipotesi di stoccaggio di scorie nucleari, anche in forma provvisoria, nei Comuni del territorio della Sardegna&#8221;;<\/li><li>Mozione: &#8220;Sparizione del nostro concittadino Salvatore Angioni&#8221;;<\/li><li>Mozione: \u201cIstituzione del registro di raccolta dei testamenti biologici\u201d;<\/li><li>Elezione della Commissione per la formazione e l&#8217;aggiornamento degli elenchi dei cittadini idonei all&#8217;esercizio delle funzioni di giudice popolare;<\/li><li>Approvazione elenco dei candidati ammessi a far parte della Compagnia Barracellare &#8211; art. 7 bis comma 3 del Regolamento comunale della Compagnia Barracellare;<\/li><li>Rinnovo gestione in forma associata con il Comune di Serrenti di una procedura concorsuale finalizzata alla formazione di una graduatoria per il profilo professionale di &#8220;istruttore tecnico&#8221;, categoria giuridica &#8220;C&#8221;, del comparto Funzioni locali, da cui attingere per l&#8217;effettuazione delle assunzioni programmate nel periodo di validit\u00e0 della medesima &#8211; Approvazione schema di convenzione.<\/li><\/ol>\n\n\n\n<p>IL PRESIDENTE: Antonio Manca<\/p>\n\n\n\n<div style=\"height:54px\" aria-hidden=\"true\" class=\"wp-block-spacer\"><\/div>\n\n\n\n<p>I verbali delle sedute sono consultabili in allegato non appena disponibili.<\/p>\n","protected":false},"excerpt":{"rendered":"<p>Il Consiglio comunale \u00e8 convocato in seduta straordinaria di prima convocazione per il giorno Marted\u00ec 9 febbraio 2021, alle ore 18.<\/p>\n","protected":false},"author":3,"featured_media":0,"parent":11890,"menu_order":-2,"comment_status":"closed","ping_status":"closed","template":"","meta":[],"_links":{"self":[{"href":"https:\/\/at.comune.sestu.ca.it\/index.php\/wp-json\/wp\/v2\/pages\/12207"}],"collection":[{"href":"https:\/\/at.comune.sestu.ca.it\/index.php\/wp-json\/wp\/v2\/pages"}],"about":[{"href":"https:\/\/at.comune.sestu.ca.it\/index.php\/wp-json\/wp\/v2\/types\/page"}],"author":[{"embeddable":true,"href":"https:\/\/at.comune.sestu.ca.it\/index.php\/wp-json\/wp\/v2\/users\/3"}],"replies":[{"embeddable":true,"href":"https:\/\/at.comune.sestu.ca.it\/index.php\/wp-json\/wp\/v2\/comments?post=12207"}],"version-history":[{"count":1,"href":"https:\/\/at.comune.sestu.ca.it\/index.php\/wp-json\/wp\/v2\/pages\/12207\/revisions"}],"predecessor-version":[{"id":12208,"href":"https:\/\/at.comune.sestu.ca.it\/index.php\/wp-json\/wp\/v2\/pages\/12207\/revisions\/12208"}],"up":[{"embeddable":true,"href":"https:\/\/at.comune.sestu.ca.it\/index.php\/wp-json\/wp\/v2\/pages\/11890"}],"wp:attachment":[{"href":"https:\/\/at.comune.sestu.ca.it\/index.php\/wp-json\/wp\/v2\/media?parent=12207"}],"curies":[{"name":"wp","href":"https:\/\/api.w.org\/{rel}","templated":true}]}}