{"id":12302,"date":"2021-02-09T12:11:45","date_gmt":"2021-02-09T11:11:45","guid":{"rendered":"https:\/\/www.comune.sestu.ca.it\/?page_id=12302"},"modified":"2021-04-01T13:19:27","modified_gmt":"2021-04-01T11:19:27","slug":"copia-di-consiglio-comunale-9-febbraio-2021","status":"publish","type":"page","link":"https:\/\/at.comune.sestu.ca.it\/index.php\/amministrazione\/organi-di-governo\/il-consiglio\/convocazioni-e-verbali\/convocazioni-e-verbali-anno-2021\/copia-di-consiglio-comunale-9-febbraio-2021\/","title":{"rendered":"Consiglio comunale 16 Febbraio 2021"},"content":{"rendered":"\n<div style=\"height:36px\" aria-hidden=\"true\" class=\"wp-block-spacer\"><\/div>\n\n\n\n<p>Il Consiglio comunale \u00e8 convocato in seduta straordinaria di prima convocazione per il giorno Marted\u00ec 16 febbraio 2021, alle ore 18.00, ed in seconda convocazione per il giorno Gioved\u00ec 18 febbraio 2021, alle ore 18.00,  presso l\u2019aula consiliare del Comune.<\/p>\n\n\n\n<p><\/p>\n\n\n\n<p>Ordine del giorno:<\/p>\n\n\n\n<p>Interrogazioni e comunicazioni<\/p>\n\n\n\n<ol><li>Linee programmatiche di mandato 2020 &#8211; 2025 presentate dalla Sindaca ai sensi dell&#8217;art. 18 quinquies del vigente Statuto comunale;<\/li><li>Regolamento per l&#8217;istituzione e la disciplina del canone patrimoniale di concessione, autorizzazione o esposizione pubblicitaria di cui all&#8217;art.1 commi 816-836 della legge n. 160\/2019;<\/li><li>Regolamento per l&#8217;istituzione e la disciplina del canone di concessione per l&#8217;occupazione di aree e spazi appartenenti al demanio o al patrimonio indisponibile destinati a mercati realizzati anche in strutture attrezzate, ai sensi dell&#8217;art. 1 commi 837-845 della legge n. 160\/2019;<\/li><li>Verifiche sussistenza aree PEEP e PIP anno 2021, riflessi sul triennio 2021-2023.<\/li><\/ol>\n\n\n\n<p>Si comunica che all&#8217;ordine del giorno del Consiglio Comunale, viene aggiunto il seguente punto: <\/p>\n\n\n\n<ul><li>Surroga della Consigliera comunale De Lorenzo Maria Cristina, ai sensi dell&#8217;articolo 45 del T.U. approvato con D.Lgs del 18\/08\/2000, n. 267, a seguito di dimissioni.<\/li><\/ul>\n\n\n\n<p> <\/p>\n\n\n\n<p>IL PRESIDENTE: Antonio Manca<\/p>\n\n\n\n<div style=\"height:54px\" aria-hidden=\"true\" class=\"wp-block-spacer\"><\/div>\n\n\n\n<p>I verbali delle sedute sono consultabili in allegato non appena disponibili.<\/p>\n","protected":false},"excerpt":{"rendered":"<p>Il Consiglio comunale \u00e8 convocato in seduta straordinaria di prima convocazione per il giorno Marted\u00ec 16 febbraio 2021, alle ore 18.<\/p>\n","protected":false},"author":3,"featured_media":0,"parent":11890,"menu_order":-3,"comment_status":"closed","ping_status":"closed","template":"","meta":[],"_links":{"self":[{"href":"https:\/\/at.comune.sestu.ca.it\/index.php\/wp-json\/wp\/v2\/pages\/12302"}],"collection":[{"href":"https:\/\/at.comune.sestu.ca.it\/index.php\/wp-json\/wp\/v2\/pages"}],"about":[{"href":"https:\/\/at.comune.sestu.ca.it\/index.php\/wp-json\/wp\/v2\/types\/page"}],"author":[{"embeddable":true,"href":"https:\/\/at.comune.sestu.ca.it\/index.php\/wp-json\/wp\/v2\/users\/3"}],"replies":[{"embeddable":true,"href":"https:\/\/at.comune.sestu.ca.it\/index.php\/wp-json\/wp\/v2\/comments?post=12302"}],"version-history":[{"count":3,"href":"https:\/\/at.comune.sestu.ca.it\/index.php\/wp-json\/wp\/v2\/pages\/12302\/revisions"}],"predecessor-version":[{"id":12380,"href":"https:\/\/at.comune.sestu.ca.it\/index.php\/wp-json\/wp\/v2\/pages\/12302\/revisions\/12380"}],"up":[{"embeddable":true,"href":"https:\/\/at.comune.sestu.ca.it\/index.php\/wp-json\/wp\/v2\/pages\/11890"}],"wp:attachment":[{"href":"https:\/\/at.comune.sestu.ca.it\/index.php\/wp-json\/wp\/v2\/media?parent=12302"}],"curies":[{"name":"wp","href":"https:\/\/api.w.org\/{rel}","templated":true}]}}