{"id":13049,"date":"2021-03-22T10:10:45","date_gmt":"2021-03-22T09:10:45","guid":{"rendered":"https:\/\/www.comune.sestu.ca.it\/?page_id=13049"},"modified":"2021-05-04T15:49:39","modified_gmt":"2021-05-04T13:49:39","slug":"consiglio-comunale-23-marzo-2021","status":"publish","type":"page","link":"https:\/\/at.comune.sestu.ca.it\/index.php\/amministrazione\/organi-di-governo\/il-consiglio\/convocazioni-e-verbali\/convocazioni-e-verbali-anno-2021\/consiglio-comunale-23-marzo-2021\/","title":{"rendered":"Consiglio comunale 23 Marzo 2021"},"content":{"rendered":"\n<div style=\"height:36px\" aria-hidden=\"true\" class=\"wp-block-spacer\"><\/div>\n\n\n\n<p>Il Consiglio comunale \u00e8 convocato in seduta straordinaria di prima convocazione per il giorno Marted\u00ec 23 Marzo 2021, alle ore 18.00, ed in seconda convocazione per il giorno Gioved\u00ec 25 Marzo 2021, alle ore 18.00,  presso l\u2019aula consiliare del Comune.<\/p>\n\n\n\n<p><\/p>\n\n\n\n<p>Ordine del giorno:<\/p>\n\n\n\n<p>Comunicazioni e interrogazioni<\/p>\n\n\n\n<ol><li>Mozione: Centenario Cagliari Calcio;<\/li><li>Mozione in merito alla richiesta dello stato di calamit\u00e0 naturale per gli orticoltori di Sestu;<\/li><li>Sostituzione componente commissione consiliare &#8220;Servizi Istituzionali\u201d;<\/li><li>Nomina dei rappresentanti del Consiglio Comunale in seno al Consiglio di amministrazione dell&#8217;Associazione Pro Loco di Sestu.<\/li><\/ol>\n\n\n\n<p> <\/p>\n\n\n\n<p>IL PRESIDENTE: Antonio Manca<\/p>\n\n\n\n<div style=\"height:54px\" aria-hidden=\"true\" class=\"wp-block-spacer\"><\/div>\n\n\n\n<p>I verbali delle sedute sono consultabili in allegato non appena disponibili.<\/p>\n","protected":false},"excerpt":{"rendered":"<p>Il Consiglio comunale \u00e8 convocato in seduta straordinaria di prima convocazione per il giorno Marted\u00ec 23 Marzo 2021, alle ore 18.<\/p>\n","protected":false},"author":3,"featured_media":0,"parent":11890,"menu_order":-4,"comment_status":"closed","ping_status":"closed","template":"","meta":[],"_links":{"self":[{"href":"https:\/\/at.comune.sestu.ca.it\/index.php\/wp-json\/wp\/v2\/pages\/13049"}],"collection":[{"href":"https:\/\/at.comune.sestu.ca.it\/index.php\/wp-json\/wp\/v2\/pages"}],"about":[{"href":"https:\/\/at.comune.sestu.ca.it\/index.php\/wp-json\/wp\/v2\/types\/page"}],"author":[{"embeddable":true,"href":"https:\/\/at.comune.sestu.ca.it\/index.php\/wp-json\/wp\/v2\/users\/3"}],"replies":[{"embeddable":true,"href":"https:\/\/at.comune.sestu.ca.it\/index.php\/wp-json\/wp\/v2\/comments?post=13049"}],"version-history":[{"count":1,"href":"https:\/\/at.comune.sestu.ca.it\/index.php\/wp-json\/wp\/v2\/pages\/13049\/revisions"}],"predecessor-version":[{"id":13050,"href":"https:\/\/at.comune.sestu.ca.it\/index.php\/wp-json\/wp\/v2\/pages\/13049\/revisions\/13050"}],"up":[{"embeddable":true,"href":"https:\/\/at.comune.sestu.ca.it\/index.php\/wp-json\/wp\/v2\/pages\/11890"}],"wp:attachment":[{"href":"https:\/\/at.comune.sestu.ca.it\/index.php\/wp-json\/wp\/v2\/media?parent=13049"}],"curies":[{"name":"wp","href":"https:\/\/api.w.org\/{rel}","templated":true}]}}