{"id":13429,"date":"2021-04-14T11:10:31","date_gmt":"2021-04-14T09:10:31","guid":{"rendered":"https:\/\/www.comune.sestu.ca.it\/?page_id=13429"},"modified":"2021-04-14T11:57:43","modified_gmt":"2021-04-14T09:57:43","slug":"polizia-stradale-videosorveglianza","status":"publish","type":"page","link":"https:\/\/at.comune.sestu.ca.it\/index.php\/amministrazione\/sedi\/polizia-locale\/polizia-stradale-videosorveglianza\/","title":{"rendered":"Polizia stradale &#8211; Videosorveglianza"},"content":{"rendered":"\n<div style=\"height:29px\" aria-hidden=\"true\" class=\"wp-block-spacer\"><\/div>\n\n\n\n<p> La presente comunicazione ha valore informativo  a favore dell&#8217;utenza in virt\u00f9 di quanto previsto dalle normativa vigenti.  <\/p>\n\n\n\n<p>il Comune di Sestu istituisce dal 31 luglio 2020 il sistema di videosorveglianza nel territorio comunale, finalizzato alla tutela della sicurezza urbana, attivando n. 44 videocamere.<br>L&#8217;attivit\u00e0 di videosorveglianza \u00e8 rivolta alle finalit\u00e0 istituzionali del suddetto impianto, e risulta essere del tutto conforme alle funzioni istituzionali demandate, in particolare dal D.L.gs 18 agosto 2000, n. 267, dalla legge sull\u2019ordinamento della Polizia Locale 7 marzo 1986, n. 65, dalla legge 18 aprile 2017, n. 48 di conversione del decreto legge 20 febbraio 2017 n.14 in materia di sicurezza delle citt\u00e0 e al Regolamento Comunale in materia di videosorveglianza, approvato con deliberazione di Consiglio Comunale n. 2 del 21.1.2020.<\/p>\n\n\n\n<p><br>Il trattamento dei dati personali mediante il sistema di videosorveglianza \u00e8 effettuato ai fini di:<\/p>\n\n\n\n<p>a) protezione e incolumit\u00e0 degli individui, ivi compresi i profili attinenti alla sicurezza urbana, l\u2019ordine e la sicurezza pubblica, la prevenzione, l\u2019accertamento o la repressione dei reati, la razionalizzazione e il miglioramento dei servizi al pubblico volti anche ad accrescere la sicurezza degli utenti;<\/p>\n\n\n\n<p>b) attivit\u00e0 di polizia giudiziaria, svolte da Organi di Polizia, inerenti attivit\u00e0 d\u2019indagine e ai fini di prevenzione e repressione di reati;<\/p>\n\n\n\n<p>c) attivit\u00e0 di strumento operativo di protezione civile;<\/p>\n\n\n\n<p>d) monitoraggio delle arterie stradali a maggiore rilevanza nel territorio, ai fini di prevenzione di problemi inerenti i flussi veicolari e la mobilit\u00e0 stradale, vigilanza del traffico e individuazione dei luoghi ad elevata intensit\u00e0 che impongono il pronto intervento della Polizia Locale;<\/p>\n\n\n\n<p>e) accertamento delle situazioni di pericolo per la sicurezza urbana connessa alla circolazione stradale, con rilevazione di situazione di pericolo per gli utenti della strada e individuazione di comportamenti di guida non rispettosi del Codice della strada tali da pregiudicare la sicurezza stradale, che impongono l\u2019intervento degli operatori in casi di pericolo o di sinistri stradali;<\/p>\n\n\n\n<p>f) sorveglianza di particolari aree e siti ad alto rischio di alterazione degli equilibri ambientali;<\/p>\n\n\n\n<p>g) controllo di situazioni di degrado caratterizzate da abbandono di rifiuti su aree pubbliche ed accertamenti su aree su cui insistono fenomeni incontrastabili di deposito\/ discarica di materiali e\/o sostanze pericolose, di rilevanza penale o amministrativa;<\/p>\n\n\n\n<p>h) tutela degli immobili di propriet\u00e0 o in gestione dell\u2019Amministrazione comunale e prevenzione di eventuali atti di vandalismo o danneggiamento del patrimonio pubblico, a garanzia della sicurezza negli ambienti circostanti, nelle piazze, nelle scuole, parchi, parcheggi, complessivamente nella propriet\u00e0 pubblica e privata soggetta a pubblico utilizzo, accertando e reprimendo eventuali reati, in funzione di far crescere la percezione di sicurezza, nel pieno rispetto delle competenze attribuite dalla legge all\u2019Ente locale Comune;<\/p>\n\n\n\n<p>i) rilevazione di situazioni di occupazione abusiva del suolo pubblico e di disturbo della quiete pubblica.<\/p>\n\n\n\n<p><br>I dati personali oggetto di trattamento, effettuato con strumenti elettronici nel rispetto delle misure minime indicate dalla normativa relative alla protezione delle persone fisiche con riguardo al trattamento dei dati personali rispettano i seguenti principi:<\/p>\n\n\n\n<p>a) liceit\u00e0, correttezza e trasparenza, in piena ottemperanza della normativa vigente, nei confronti dell\u2019interessato;<\/p>\n\n\n\n<p>b) adeguatezza, in modo tale da essere pertinenti e limitati a quanto necessario rispetto alle  finalit\u00e0 per le quali sono trattati;<\/p>\n\n\n\n<p>c) integrit\u00e0 e riservatezza, in maniera da garantire un\u2019adeguata sicurezza dei dati personali, compresa la protezione, mediante misure tecniche e organizzative adeguate, da trattamenti non autorizzati o illeciti e dalla perdita, dalla distruzione o dal danno accidentali;<\/p>\n\n\n\n<p>d) proporzionalit\u00e0, con sistemi attuati con attenta valutazione;<\/p>\n\n\n\n<p>e) finalit\u00e0, attuando il trattamento dei dati solo per scopi determinati ed espliciti;<\/p>\n\n\n\n<p>f) necessit\u00e0, con esclusione di uso superfluo della videosorveglianza;<\/p>\n\n\n\n<p>g) pertinenza e non eccedenza: il sistema informativo e i programmi informatici (di cui al trattamento dei dati personali) sono configurati riducendo al minimo l\u2019utilizzazione dei dati personali e di dati identificativi, in modo da escluderne il trattamento quando le finalit\u00e0 perseguite nei singoli casi possono essere realizzati mediante dati anonimi od opportune modalit\u00e0 che permettano di identificare l\u2019interessato solo in caso di necessit\u00e0.<\/p>\n\n\n\n<p><br>I dati personali sono raccolti attraverso riprese video e captazione di immagini effettuate da sistemi di telecamere installate in luoghi pubblici ed aperti al pubblico, nonch\u00e9 in immobili di propriet\u00e0 comunale, ubicati nel territorio.<br><\/p>\n\n\n\n<p>Le telecamere consentono riprese video a colori o in bianco e nero, sono collegate alla centrale operativa del Comando di Polizia Locale, che potr\u00e0, esclusivamente per il perseguimento dei fini istituzionali, eventualmente digitalizzare o indicizzare le immagini.<\/p>\n\n\n\n<p><br>Le immagini videoregistrate sono conservate per il periodo di sette giorni, nella centrale di registrazione. Al termine del periodo stabilito il sistema di videoregistrazione provvede in automatico alla loro cancellazione &#8211; ove tecnicamente possibile &#8211; mediante sovraregistrazione, con modalit\u00e0 tali da rendere non pi\u00f9 utilizzabili i dati cancellati.<\/p>\n\n\n\n<div style=\"height:91px\" aria-hidden=\"true\" class=\"wp-block-spacer\"><\/div>\n\n\n\n<div style=\"height:108px\" aria-hidden=\"true\" class=\"wp-block-spacer\"><\/div>\n","protected":false},"excerpt":{"rendered":"<p>La presente comunicazione ha valore informativo a favore dell&#8217;utenza in virt\u00f9 di quanto previsto dalle normativa vigenti.<\/p>\n","protected":false},"author":3,"featured_media":0,"parent":223,"menu_order":3,"comment_status":"closed","ping_status":"closed","template":"","meta":[],"_links":{"self":[{"href":"https:\/\/at.comune.sestu.ca.it\/index.php\/wp-json\/wp\/v2\/pages\/13429"}],"collection":[{"href":"https:\/\/at.comune.sestu.ca.it\/index.php\/wp-json\/wp\/v2\/pages"}],"about":[{"href":"https:\/\/at.comune.sestu.ca.it\/index.php\/wp-json\/wp\/v2\/types\/page"}],"author":[{"embeddable":true,"href":"https:\/\/at.comune.sestu.ca.it\/index.php\/wp-json\/wp\/v2\/users\/3"}],"replies":[{"embeddable":true,"href":"https:\/\/at.comune.sestu.ca.it\/index.php\/wp-json\/wp\/v2\/comments?post=13429"}],"version-history":[{"count":3,"href":"https:\/\/at.comune.sestu.ca.it\/index.php\/wp-json\/wp\/v2\/pages\/13429\/revisions"}],"predecessor-version":[{"id":13439,"href":"https:\/\/at.comune.sestu.ca.it\/index.php\/wp-json\/wp\/v2\/pages\/13429\/revisions\/13439"}],"up":[{"embeddable":true,"href":"https:\/\/at.comune.sestu.ca.it\/index.php\/wp-json\/wp\/v2\/pages\/223"}],"wp:attachment":[{"href":"https:\/\/at.comune.sestu.ca.it\/index.php\/wp-json\/wp\/v2\/media?parent=13429"}],"curies":[{"name":"wp","href":"https:\/\/api.w.org\/{rel}","templated":true}]}}