{"id":1433,"date":"2018-12-19T10:56:20","date_gmt":"2018-12-19T09:56:20","guid":{"rendered":"http:\/\/192.168.10.215\/wordpress\/?page_id=1433"},"modified":"2019-12-16T09:02:58","modified_gmt":"2019-12-16T08:02:58","slug":"itinerario-chiese","status":"publish","type":"page","link":"https:\/\/at.comune.sestu.ca.it\/index.php\/amministrazione\/luoghi\/edifici-di-culto\/itinerario-chiese\/","title":{"rendered":"Itinerario chiese"},"content":{"rendered":"\n<p>Entrando a Sestu dalla SP 8 si accede all\u2019abitato attraverso Via Vittorio Veneto. Si percorre la via e si svolta a sinistra su Via Caravaggio dove, sul lato destro della strada si trova la Piazza Paolo VI e la chiesa di <strong>Nostra Signora delle Grazie<\/strong>.&nbsp;Il santuario fu eretto nel 1968 per l\u2019esigenza religiosa della popolazione del nuovo rione si era sviluppato al di la del Rio Cannas. Ha una struttura moderna con la caratteristica pianta a forma di un ventaglio nel quale il presbiterio rappresenta il fulcro. <\/p>\n\n\n\n<p>La chiesa possiede anche una propria pagina Facebook con la quale informa i fedeli sugli orari delle funzioni e con comunicazioni di vario tipo.<\/p>\n\n\n\n<figure class=\"wp-block-embed-facebook wp-block-embed\"><div class=\"wp-block-embed__wrapper\">\nhttps:\/\/www.facebook.com\/parrocchialegrazie.sestu\/\n<\/div><\/figure>\n\n\n\n<p><br>La festa in onore di Nostra Signora delle Grazie si celebra dal 7 al 10 Settembre.<br><\/p>\n\n\n\n<p>Le coordinate&nbsp;Google Maps sono le seguenti: 39.294216 \u2013 9.090084<\/p>\n\n\n\n<p>Riprendendo Via Vittorio Veneto in direzione nord ci si immette in via Monserrato con una leggera svolta a sinistra. Sulla destra si pu\u00f2 notare la chiesa di <strong>Sant\u2019Antonio<\/strong>, posizionata in piazza Sant\u2019Antonio da Padova al lato del Rio Cannas. Originaria del 600 la chiesa venne ristrutturata nel 1933 da tutti i cittadini del paese, che si impegnarono a livello economico e\/o offrendo la propria manodopera gratuitamente. Al lato sinistro del santuario \u00e8 possibile vedere anche uno dei due alberi monumentali presenti a Sestu: una grande pianta di Eucalipto. <\/p>\n\n\n\n<p>I festeggiamenti in onore di Sant\u2019Antonio si svolgono dal 13 al 15 giugno.<br><\/p>\n\n\n\n<p>Le coordinate&nbsp;Google Maps sono le seguenti: 39.299758 \u2013 9.092742<\/p>\n\n\n\n<p>Attraversando il ponte e svoltando a sinistra ci si immette in Via Roma e, percorrendola fino all\u2019angolo, sempre sulla sinistra, si trova Via Parrocchia. Percorrendo Via Parrocchia, troviamo Piazza Giovanni XXIII e la chiesa di <strong>San Giorgio Martire<\/strong>. In stile tardo gotico \u00e8 ottimamente conservata sia all\u2019esterno che all\u2019interno in quanto non si hanno massicci rimaneggiamenti o aggiunte di altri stili. Al suo interno \u00e8 possibile ammirare il pulpito del 1775 finemente adornato e l\u2019altare maggiore risalente al 1704 e terminato quattro anni pi\u00f9 tardi con l\u2019aggiunta dei due angeli sulle colonne dell\u2019altare. San Giorgio Martire custodisce al suo interno i dipinti di San Girolamo, opera del XVIII sec., \u201cSant\u2019 Anna, San Gioacchino e la Vergine\u201d tela del secolo XVII e l\u2019 Ecce Homo databile al XVIII secolo e realizzato sotto gli influssi spagnoli.&nbsp; \u00c8 presente anche un organo del 1913 che sostitu\u00ec il precedente del 1754 a sua volta sostituto del primo organo del 1693. <\/p>\n\n\n\n<p>Anche la parrocchia di San Giorgio Martire \u00e8 su Facebook con una pagina a lei dedicata.&nbsp;<\/p>\n\n\n\n<figure class=\"wp-block-embed-facebook wp-block-embed\"><div class=\"wp-block-embed__wrapper\">\nhttps:\/\/it-it.facebook.com\/Parrocchia-San-Giorgio-Martire-576426582422024\/\n<\/div><\/figure>\n\n\n\n<p>Le celebrazioni per San Giorgio, che \u00e8 anche patrono della citt\u00e0, si svolgono dal 17 aprile, con l\u2019inizio delle celebrazioni liturgiche, fino al 23 dello stesso mese.<br><\/p>\n\n\n\n<p>Le coordinate Google Maps sono le seguenti: 39.301985 \u2013 9.091492<\/p>\n\n\n\n<p>Attraversando tutta la piazza Giovanni XXIII si arriva in Via Repubblica e procedendo a est si raggiunge via San Gemiliano che, percorsa verso nord, si ricongiunge a via San Salvatore e proprio la chiesa dedicata a questo santo \u00e8 visitabile seguendo la suddetta via verso sinistra. La chiesa di <strong>San Salvatore<\/strong>, che fu la prima chiesa ad essere edificata all\u2019interno dell\u2019abitato tra quelle ancora presenti, ebbe la sua origine verso il 1100. Realizzata in calcare e arenaria ha una facciata a capanna sormontata dal campanile a vela.&nbsp; <\/p>\n\n\n\n<p>La festa dedicata al santo si svolge nei giorni 5 e 6 agosto.<br><\/p>\n\n\n\n<p>Le coordinate Google Maps sono le seguenti: 39.302993 \u2013 9.093298<\/p>\n\n\n\n<p>Se da via Repubblica si svolta a sinistra, o se si prosegue in direzione nord da via San Salvatore, si pu\u00f2 percorrere via <strong>San Gemiliano<\/strong> che permettere di raggiungere l\u2019omonimo santuario presente a circa cinque chilometri dal centro abitato. Costruita nella seconda met\u00e0 del XIII secolo ha la curiosit\u00e0 di essere stata teatro di un delitto nel 1726. L\u2019eremitano Lorenzo Usay venne ucciso per ragioni sconosciute e il suo corpo ritrovato dentro un pozzo. Tracce di sangue dell\u2019Usay vennero ritrovate sull\u2019altare in legno che si trovava nel porticato e per questo ne fu decretata l\u2019interdizione e la demolizione.&nbsp; <\/p>\n\n\n\n<p>La festivit\u00e0 in onore di San Gemiliano \u00e8 sicuramente quella pi\u00f9 sentita dalla popolazione che onora il santo dal 2 al 7 Settembre con molti appuntamenti sia religiosi sia civili. <\/p>\n\n\n\n<p>Nella sezione link \u00e8 presente un link al video della festa in onore del santo presente sul portale di Sardegna Digital Library.<br><\/p>\n\n\n\n<p>Le coordinate Google Maps sono le seguenti:&nbsp;39.340083 \u2013 9.069428<\/p>\n\n\n\n<p>Le chiese di Sestu sono state oggetto di studio da parte di Franco Secci e i suoi scritti sono riportati nelle pagine relative ad ognuna di esse, riportate nel men\u00f9 a destra.<\/p>\n\n\n","protected":false},"excerpt":{"rendered":"<p>Entrando a Sestu dalla SP 8 si accede all\u2019abitato attraverso Via Vittorio Veneto.<\/p>\n","protected":false},"author":3,"featured_media":0,"parent":3780,"menu_order":4,"comment_status":"closed","ping_status":"closed","template":"","meta":[],"_links":{"self":[{"href":"https:\/\/at.comune.sestu.ca.it\/index.php\/wp-json\/wp\/v2\/pages\/1433"}],"collection":[{"href":"https:\/\/at.comune.sestu.ca.it\/index.php\/wp-json\/wp\/v2\/pages"}],"about":[{"href":"https:\/\/at.comune.sestu.ca.it\/index.php\/wp-json\/wp\/v2\/types\/page"}],"author":[{"embeddable":true,"href":"https:\/\/at.comune.sestu.ca.it\/index.php\/wp-json\/wp\/v2\/users\/3"}],"replies":[{"embeddable":true,"href":"https:\/\/at.comune.sestu.ca.it\/index.php\/wp-json\/wp\/v2\/comments?post=1433"}],"version-history":[{"count":11,"href":"https:\/\/at.comune.sestu.ca.it\/index.php\/wp-json\/wp\/v2\/pages\/1433\/revisions"}],"predecessor-version":[{"id":1475,"href":"https:\/\/at.comune.sestu.ca.it\/index.php\/wp-json\/wp\/v2\/pages\/1433\/revisions\/1475"}],"up":[{"embeddable":true,"href":"https:\/\/at.comune.sestu.ca.it\/index.php\/wp-json\/wp\/v2\/pages\/3780"}],"wp:attachment":[{"href":"https:\/\/at.comune.sestu.ca.it\/index.php\/wp-json\/wp\/v2\/media?parent=1433"}],"curies":[{"name":"wp","href":"https:\/\/api.w.org\/{rel}","templated":true}]}}