{"id":1540,"date":"2018-12-19T13:33:45","date_gmt":"2018-12-19T12:33:45","guid":{"rendered":"http:\/\/192.168.10.215\/wordpress\/?page_id=1540"},"modified":"2018-12-19T13:35:17","modified_gmt":"2018-12-19T12:35:17","slug":"associazione-cantiere-civico","status":"publish","type":"page","link":"https:\/\/at.comune.sestu.ca.it\/index.php\/servizi\/turismo-e-cultura\/associazioni\/associazione-cantiere-civico\/","title":{"rendered":"Associazione &#8220;Cantiere Civico&#8221;"},"content":{"rendered":"\n<p>L\u2019Associazione\n Cantiere Civico \u00e8 un movimento di partecipazione civica formato da \ncittadini che sentono la necessit\u00e0 e il dovere di assumere un ruolo \nattivo nella societ\u00e0.<\/p>\n\n\n\n<p>\n\tIn una democrazia autentica i cittadini non possono limitarsi ad avere \nun ruolo passivo all\u2019interno della comunit\u00e0, ma \u00e8 necessario che \npartecipino alla vita democratica, consapevoli dei loro diritti e delle \nresponsabilit\u00e0 che hanno nei confronti della societ\u00e0: tutti i cittadini \nhanno infatti il dovere, ognuno secondo le proprie capacit\u00e0 e \npossibilit\u00e0, di formare, tutelare e valorizzare i beni comuni.<br>\n\tL\u2019ambiente, l\u2019acqua, il territorio sono facilmente riconoscibili come \nbeni comuni, ma non bisogna dimenticare che ne esistono degli altri, \nmeno tangibili ma non per questo meno importanti, come la legalit\u00e0, la \nsicurezza, la sanit\u00e0, i diritti sociali, l\u2019informazione e altri ancora.<\/p>\n\n\n\n<p>\n\tL\u2019Associazione si occupa anche di politica ma non persegue interessi n\u00e9\n obiettivi partitici. L\u2019intento dei soci \u00e8 quello di mettere a \ndisposizione della collettivit\u00e0 esperienze, idee e tempo libero per il \nperseguimento di obiettivi di interesse generale e per la valorizzazione\n dei beni comuni. Non sar\u00e0 un\u2019impresa facile e per questo l\u2019Associazione\n avr\u00e0 bisogno della collaborazione di tutte le persone che ne approvano i\n principi e che vorranno, in qualunque misura, dare il loro apporto. La \npartecipazione di ogni socio rafforzer\u00e0 l\u2019Associazione: con il piccolo \ncontributo di tante persone si potranno raggiungere grandi risultati.<\/p>\n","protected":false},"excerpt":{"rendered":"<p>L\u2019Associazione Cantiere Civico \u00e8 un movimento di partecipazione civica formato da cittadini che sentono la necessit\u00e0 e il dovere di assumere un ruolo attivo nella societ\u00e0.<\/p>\n","protected":false},"author":3,"featured_media":0,"parent":1497,"menu_order":7,"comment_status":"closed","ping_status":"closed","template":"","meta":[],"_links":{"self":[{"href":"https:\/\/at.comune.sestu.ca.it\/index.php\/wp-json\/wp\/v2\/pages\/1540"}],"collection":[{"href":"https:\/\/at.comune.sestu.ca.it\/index.php\/wp-json\/wp\/v2\/pages"}],"about":[{"href":"https:\/\/at.comune.sestu.ca.it\/index.php\/wp-json\/wp\/v2\/types\/page"}],"author":[{"embeddable":true,"href":"https:\/\/at.comune.sestu.ca.it\/index.php\/wp-json\/wp\/v2\/users\/3"}],"replies":[{"embeddable":true,"href":"https:\/\/at.comune.sestu.ca.it\/index.php\/wp-json\/wp\/v2\/comments?post=1540"}],"version-history":[{"count":2,"href":"https:\/\/at.comune.sestu.ca.it\/index.php\/wp-json\/wp\/v2\/pages\/1540\/revisions"}],"predecessor-version":[{"id":1543,"href":"https:\/\/at.comune.sestu.ca.it\/index.php\/wp-json\/wp\/v2\/pages\/1540\/revisions\/1543"}],"up":[{"embeddable":true,"href":"https:\/\/at.comune.sestu.ca.it\/index.php\/wp-json\/wp\/v2\/pages\/1497"}],"wp:attachment":[{"href":"https:\/\/at.comune.sestu.ca.it\/index.php\/wp-json\/wp\/v2\/media?parent=1540"}],"curies":[{"name":"wp","href":"https:\/\/api.w.org\/{rel}","templated":true}]}}