{"id":15423,"date":"2021-09-20T13:28:37","date_gmt":"2021-09-20T11:28:37","guid":{"rendered":"https:\/\/www.comune.sestu.ca.it\/?page_id=15423"},"modified":"2024-07-01T10:03:44","modified_gmt":"2024-07-01T08:03:44","slug":"consiglio-comunale-23-settembre-2021","status":"publish","type":"page","link":"https:\/\/at.comune.sestu.ca.it\/index.php\/amministrazione\/organi-di-governo\/il-consiglio\/convocazioni-e-verbali\/convocazioni-e-verbali-anno-2021\/consiglio-comunale-23-settembre-2021\/","title":{"rendered":"Consiglio comunale 23 Settembre 2021"},"content":{"rendered":"\n<div style=\"height:36px\" aria-hidden=\"true\" class=\"wp-block-spacer\"><\/div>\n\n\n\n<p>Il Consiglio comunale \u00e8 convocato in seduta straordinaria di prima convocazione per il giorno <strong>Gioved\u00ec 23 Settembre 2021<\/strong>, alle ore 18.30,<strong> <\/strong>e in seconda convocazione per il giorno <strong>Venerd\u00ec 24 Settembre 2021<\/strong>, alle ore 18.30,  presso l\u2019aula consiliare del Comune.<\/p>\n\n\n\n<p>Ordine del giorno:<\/p>\n\n\n\n<p>Comunicazioni e interrogazioni<\/p>\n\n\n\n<ol>\n<li>Ratifica Delibera Giunta Comunale n.134 del 31\/08\/2021 -&#8221; Variazione d&#8217;urgenza al Bilancio di Previsione Finanziario 2021\/2023 &#8211; (Art. 175, comma 4, del D.Lgs. n. 267\/2000)&#8221;;<\/li>\n\n\n\n<li>Acquisizione di una quota del capitale sociale della Societ\u00e0 &#8220;ITS CITT\u00c0 METROPOLITANA S.C. A R.L.&#8221; (ex ITS AREA VASTA societ\u00e0 consortile a.r.l.);<\/li>\n\n\n\n<li>Variazione al Bilancio di previsione finanziario 2021\/2023 ex art. 175 del D.Lgs. n. 267\/2000;<\/li>\n\n\n\n<li>Modifica n. 2 al programma biennale degli acquisti di forniture e servizi 2021 \u2013 2022.<\/li>\n<\/ol>\n\n\n\n<p> <\/p>\n\n\n\n<p>IL PRESIDENTE: Antonio Manca<\/p>\n\n\n\n<div style=\"height:54px\" aria-hidden=\"true\" class=\"wp-block-spacer\"><\/div>\n\n\n\n<p>I verbali delle sedute sono consultabili in allegato non appena disponibili.<\/p>\n","protected":false},"excerpt":{"rendered":"<p>Il Consiglio comunale \u00e8 convocato in seduta straordinaria di prima convocazione per il giorno Gioved\u00ec 23 Settembre 2021, alle ore 18.<\/p>\n","protected":false},"author":34,"featured_media":0,"parent":11890,"menu_order":-11,"comment_status":"closed","ping_status":"closed","template":"","meta":[],"_links":{"self":[{"href":"https:\/\/at.comune.sestu.ca.it\/index.php\/wp-json\/wp\/v2\/pages\/15423"}],"collection":[{"href":"https:\/\/at.comune.sestu.ca.it\/index.php\/wp-json\/wp\/v2\/pages"}],"about":[{"href":"https:\/\/at.comune.sestu.ca.it\/index.php\/wp-json\/wp\/v2\/types\/page"}],"author":[{"embeddable":true,"href":"https:\/\/at.comune.sestu.ca.it\/index.php\/wp-json\/wp\/v2\/users\/34"}],"replies":[{"embeddable":true,"href":"https:\/\/at.comune.sestu.ca.it\/index.php\/wp-json\/wp\/v2\/comments?post=15423"}],"version-history":[{"count":3,"href":"https:\/\/at.comune.sestu.ca.it\/index.php\/wp-json\/wp\/v2\/pages\/15423\/revisions"}],"predecessor-version":[{"id":31060,"href":"https:\/\/at.comune.sestu.ca.it\/index.php\/wp-json\/wp\/v2\/pages\/15423\/revisions\/31060"}],"up":[{"embeddable":true,"href":"https:\/\/at.comune.sestu.ca.it\/index.php\/wp-json\/wp\/v2\/pages\/11890"}],"wp:attachment":[{"href":"https:\/\/at.comune.sestu.ca.it\/index.php\/wp-json\/wp\/v2\/media?parent=15423"}],"curies":[{"name":"wp","href":"https:\/\/api.w.org\/{rel}","templated":true}]}}