{"id":158,"date":"2018-11-26T12:58:15","date_gmt":"2018-11-26T11:58:15","guid":{"rendered":"http:\/\/192.168.10.215\/wordpress\/?page_id=158"},"modified":"2023-12-05T16:40:52","modified_gmt":"2023-12-05T15:40:52","slug":"la-giunta","status":"publish","type":"page","link":"https:\/\/at.comune.sestu.ca.it\/index.php\/amministrazione\/organi-di-governo\/la-giunta\/","title":{"rendered":"La Giunta"},"content":{"rendered":"\n<p>Secondo l&#8217;articolo 36 del decreto legislativo n.267 del 2000, la giunta comunale \u00e8 uno degli organi di governo del Comune.&nbsp; Il sindaco, nel rispetto del principio di pari opportunit\u00e0 tra donne e uomini, garantendo la presenza di entrambi i sessi, nomina i componenti della giunta, tra cui un vicesindaco, dandone comunicazione al consiglio nella prima seduta successiva alla elezione. Nei comuni con popolazione superiore a 15.000 abitanti gli assessori sono nominati dal sindaco, anche al di fuori dei componenti del consiglio, fra i cittadini in possesso dei requisiti di candidabilit\u00e0, eleggibilit\u00e0 e compatibilit\u00e0 alla carica di consigliere. Gli assessori possono essere revocati dal sindaco dandone motivata motivazione al consiglio.<\/p>\n\n\n\n<p>La giunta compie tutti gli atti rientranti ai sensi dell&#8217;articolo 107, commi 1 e 2, del predetto decreto legislativo, nelle funzioni degli organi di governo, che non siano riservati dalla legge al consiglio e che non ricadano nelle competenze, previste dalle leggi o dallo statuto, del sindaco; collabora inoltre con il sindaco nell&#8217;attuazione degli indirizzi generali del consiglio e riferisce annualmente a quest&#8217;ultimo sulla propria attivit\u00e0, svolgendo attivit\u00e0 propositive e di impulso nei confronti dello stesso. E&#8217;, altres\u00ec, di competenza della giunta l&#8217;adozione dei regolamenti sull&#8217;ordinamento degli uffici e dei servizi, nel rispetto dei criteri generali stabiliti dal consiglio.<\/p>\n\n\n\n<p>L&#8217;attuale Giunta comunale di Sestu si compone della Sindaca e di sei assessori.<\/p>\n\n\n\n<figure class=\"wp-block-table is-style-stripes\"><table><tbody><tr><td>                          <strong>Ruolo\/Assessorato<\/strong><\/td><td>      <strong>Nominativo<\/strong><\/td><\/tr><tr><td>Sindaca<\/td><td><a href=\"http:\/\/at.comune.sestu.ca.it\/index.php\/amministrazione\/politici\/maria-paola-secci\/\">Maria Paola Secci<\/a><\/td><\/tr><tr><td>Vice Sindaco e Assessore all&#8217;Urbanistica, Viabilit\u00e0 e traffico, Arredo Urbano, Energia.<\/td><td><a href=\"http:\/\/at.comune.sestu.ca.it\/index.php\/amministrazione\/politici\/massimiliano-bullita\/\">Massimiliano Bullita<\/a><\/td><\/tr><tr><td>Assessora alle Attivit\u00e0 produttive, Agricoltura, Artigianato, Commercio, Turismo, Pubblica istruzione.<\/td><td><a href=\"http:\/\/at.comune.sestu.ca.it\/index.php\/amministrazione\/politici\/petronio-laura\/\" data-type=\"page\" data-id=\"12144\">Laura Petronio<\/a><\/td><\/tr><tr><td>Assessore ai Lavori pubblici, Servizi tecnologici, Servizio igiene e raccolta rifiuti, Trasporti, Bilancio e Tributi.<\/td><td><a href=\"http:\/\/at.comune.sestu.ca.it\/index.php\/amministrazione\/politici\/emanuele-meloni\/\" data-type=\"page\" data-id=\"11003\">Emanuele Meloni<\/a><\/td><\/tr><tr><td>Assessore alla Programmazione, Bilancio, Tributi, Societ\u00e0 partecipate, Cultura e Tradizioni popolari<\/td><td><a href=\"http:\/\/at.comune.sestu.ca.it\/index.php\/amministrazione\/politici\/matteo-taccori-2020-2025\/\">Matteo Taccori<\/a><\/td><\/tr><tr><td>Assessore ai Servizi Sociali, Politiche Giovanili, Igiene e Sanit\u00e0, Societ\u00e0 Partecipate, Sport.<\/td><td><a href=\"http:\/\/at.comune.sestu.ca.it\/index.php\/amministrazione\/politici\/serrau-mario-alberto\/\" data-type=\"page\" data-id=\"12164\">Mario Alberto Serrau<\/a><\/td><\/tr><tr><td>Assessora al Verde pubblico, Ambiente, Sviluppo sostenibile e Pianificazione ambientale, Infrastrutturazione agricola, Protezione civile.<\/td><td><a href=\"http:\/\/at.comune.sestu.ca.it\/index.php\/amministrazione\/politici\/roberta-argiolas\/\" data-type=\"page\" data-id=\"11013\">Roberta Argiolas<\/a><\/td><\/tr><tr><td>Assessora alle Attivit\u00e0 produttive, Agricoltura, Artigianato, Commercio, Turismo, Pubblica istruzione (<strong>CESSATA DAL 13\/06\/2023<\/strong>).<\/td><td><a href=\"http:\/\/at.comune.sestu.ca.it\/index.php\/amministrazione\/politici\/roberta-recchia\/\" data-type=\"URL\" data-id=\"http:\/\/at.comune.sestu.ca.it\/index.php\/amministrazione\/politici\/roberta-recchia\/\">Roberta Recchia<\/a><\/td><\/tr><tr><td>Assessora ai Servizi Sociali, Politiche Giovanili, Igiene e Sanit\u00e0, Societ\u00e0 Partecipate, Sport. (<strong>CESSATA DAL 30\/04\/2023<\/strong>)<\/td><td><a href=\"http:\/\/at.comune.sestu.ca.it\/index.php\/amministrazione\/politici\/ilaria-annis\/\" data-type=\"URL\" data-id=\"http:\/\/at.comune.sestu.ca.it\/index.php\/amministrazione\/politici\/ilaria-annis\/\">Ilaria Annis<\/a><\/td><\/tr><\/tbody><\/table><\/figure>\n\n\n\n<p><\/p>\n\n\n\n<p><a href=\"http:\/\/at.comune.sestu.ca.it\/?page_id=10987\">Dati relativi alla Giunta della consiliatura 2015-2020<\/a><\/p>\n\n\n\n<div style=\"height:110px\" aria-hidden=\"true\" class=\"wp-block-spacer\"><\/div>\n\n\n\n<p><strong>Assessori cessati<\/strong><\/p>\n\n\n\n<ul>\n<li><\/li>\n<\/ul>\n\n\n\n<p><\/p>\n\n\n\n<p><\/p>\n","protected":false},"excerpt":{"rendered":"<p>Secondo l&#8217;articolo 36 del decreto legislativo n.<\/p>\n","protected":false},"author":1,"featured_media":4057,"parent":3718,"menu_order":0,"comment_status":"closed","ping_status":"closed","template":"","meta":[],"_links":{"self":[{"href":"https:\/\/at.comune.sestu.ca.it\/index.php\/wp-json\/wp\/v2\/pages\/158"}],"collection":[{"href":"https:\/\/at.comune.sestu.ca.it\/index.php\/wp-json\/wp\/v2\/pages"}],"about":[{"href":"https:\/\/at.comune.sestu.ca.it\/index.php\/wp-json\/wp\/v2\/types\/page"}],"author":[{"embeddable":true,"href":"https:\/\/at.comune.sestu.ca.it\/index.php\/wp-json\/wp\/v2\/users\/1"}],"replies":[{"embeddable":true,"href":"https:\/\/at.comune.sestu.ca.it\/index.php\/wp-json\/wp\/v2\/comments?post=158"}],"version-history":[{"count":25,"href":"https:\/\/at.comune.sestu.ca.it\/index.php\/wp-json\/wp\/v2\/pages\/158\/revisions"}],"predecessor-version":[{"id":29141,"href":"https:\/\/at.comune.sestu.ca.it\/index.php\/wp-json\/wp\/v2\/pages\/158\/revisions\/29141"}],"up":[{"embeddable":true,"href":"https:\/\/at.comune.sestu.ca.it\/index.php\/wp-json\/wp\/v2\/pages\/3718"}],"wp:featuredmedia":[{"embeddable":true,"href":"https:\/\/at.comune.sestu.ca.it\/index.php\/wp-json\/wp\/v2\/media\/4057"}],"wp:attachment":[{"href":"https:\/\/at.comune.sestu.ca.it\/index.php\/wp-json\/wp\/v2\/media?parent=158"}],"curies":[{"name":"wp","href":"https:\/\/api.w.org\/{rel}","templated":true}]}}