{"id":15822,"date":"2021-10-11T10:14:03","date_gmt":"2021-10-11T08:14:03","guid":{"rendered":"https:\/\/www.comune.sestu.ca.it\/?page_id=15822"},"modified":"2024-07-01T10:04:28","modified_gmt":"2024-07-01T08:04:28","slug":"copia-di-consiglio-comunale-05-ottobre-2021","status":"publish","type":"page","link":"https:\/\/at.comune.sestu.ca.it\/index.php\/amministrazione\/organi-di-governo\/il-consiglio\/convocazioni-e-verbali\/convocazioni-e-verbali-anno-2021\/copia-di-consiglio-comunale-05-ottobre-2021\/","title":{"rendered":"Consiglio comunale 14 Ottobre 2021"},"content":{"rendered":"\n<div style=\"height:36px\" aria-hidden=\"true\" class=\"wp-block-spacer\"><\/div>\n\n\n\n<p>Il Consiglio comunale \u00e8 convocato in seduta straordinaria di prima convocazione per il giorno <strong>Gioved\u00ec 14 Ottobre 2021<\/strong>, alle ore 18:30,<strong> <\/strong>e in seconda convocazione per il giorno <strong>Venerd\u00ec 15 Ottobre 2021<\/strong>, alle ore 18:30,  presso l\u2019aula consiliare del Comune.<\/p>\n\n\n\n<p>Ordine del giorno:<\/p>\n\n\n\n<p>Comunicazioni e interrogazioni<\/p>\n\n\n\n<ol>\n<li>Acquisizione di una quota del capitale sociale della Societ\u00e0 &#8220;ITS CITT\u00c0 METROPOLITANA S.C. A R.L.&#8221; (ex ITS AREA VASTA societ\u00e0 consortile a.r.l.). Approvazione definitiva;<\/li>\n\n\n\n<li>Modifica n. 03 al Programma biennale degli acquisti di servizi e forniture 2021\/2022;<\/li>\n\n\n\n<li>Seconda variazione al programma triennale dei lavori pubblici 2021 &#8211; 2023 ed al relativo elenco annuale 2021;<\/li>\n\n\n\n<li>Mozione: proposta per una razionale sistemazione nel sottosuolo degli impianti tecnologici.<\/li>\n<\/ol>\n\n\n\n<p> <\/p>\n\n\n\n<p>IL PRESIDENTE: Antonio Manca<\/p>\n\n\n\n<div style=\"height:54px\" aria-hidden=\"true\" class=\"wp-block-spacer\"><\/div>\n\n\n\n<p>I verbali delle sedute sono consultabili in allegato non appena disponibili.<\/p>\n","protected":false},"excerpt":{"rendered":"<p>Il Consiglio comunale \u00e8 convocato in seduta straordinaria di prima convocazione per il giorno Gioved\u00ec 14 Ottobre 2021, alle ore 18:30, e in seconda convocazione per il giorno Venerd\u00ec 15 Ottobre 2021, alle ore 18:30, presso l\u2019aula consiliare del Comune.<\/p>\n","protected":false},"author":34,"featured_media":0,"parent":11890,"menu_order":-13,"comment_status":"closed","ping_status":"closed","template":"","meta":[],"_links":{"self":[{"href":"https:\/\/at.comune.sestu.ca.it\/index.php\/wp-json\/wp\/v2\/pages\/15822"}],"collection":[{"href":"https:\/\/at.comune.sestu.ca.it\/index.php\/wp-json\/wp\/v2\/pages"}],"about":[{"href":"https:\/\/at.comune.sestu.ca.it\/index.php\/wp-json\/wp\/v2\/types\/page"}],"author":[{"embeddable":true,"href":"https:\/\/at.comune.sestu.ca.it\/index.php\/wp-json\/wp\/v2\/users\/34"}],"replies":[{"embeddable":true,"href":"https:\/\/at.comune.sestu.ca.it\/index.php\/wp-json\/wp\/v2\/comments?post=15822"}],"version-history":[{"count":3,"href":"https:\/\/at.comune.sestu.ca.it\/index.php\/wp-json\/wp\/v2\/pages\/15822\/revisions"}],"predecessor-version":[{"id":31062,"href":"https:\/\/at.comune.sestu.ca.it\/index.php\/wp-json\/wp\/v2\/pages\/15822\/revisions\/31062"}],"up":[{"embeddable":true,"href":"https:\/\/at.comune.sestu.ca.it\/index.php\/wp-json\/wp\/v2\/pages\/11890"}],"wp:attachment":[{"href":"https:\/\/at.comune.sestu.ca.it\/index.php\/wp-json\/wp\/v2\/media?parent=15822"}],"curies":[{"name":"wp","href":"https:\/\/api.w.org\/{rel}","templated":true}]}}