{"id":160,"date":"2018-11-26T13:07:29","date_gmt":"2018-11-26T12:07:29","guid":{"rendered":"http:\/\/192.168.10.215\/wordpress\/?page_id=160"},"modified":"2023-02-14T11:59:21","modified_gmt":"2023-02-14T10:59:21","slug":"il-consiglio","status":"publish","type":"page","link":"https:\/\/at.comune.sestu.ca.it\/index.php\/amministrazione\/organi-di-governo\/il-consiglio\/","title":{"rendered":"Il Consiglio comunale"},"content":{"rendered":"\n<p><\/p>\n\n\n\n<p>\n\nIl Consiglio comunale \u00e8 l&#8217;organo assembleare pubblico rappresentativo di ogni comune. Il Consiglio comunale di Sestu \u00e8 composto dal Sindaco e da venti consiglieri. La durata del mandato \u00e8 di 5 anni.\n\n<\/p>\n\n\n\n<p> Il consiglio \u00e8 l&#8217;organo di indirizzo e di controllo politico &#8211; amministrativo ed ha competenza, in base all&#8217;articolo 42 del decreto legislativo n.267\/2000 (TUEL) limitatamente ai seguenti atti fondamentali:<\/p>\n\n\n\n<ol><li>statuti dell&#8217;ente e delle aziende speciali, regolamenti salva l&#8217;ipotesi di cui all&#8217;articolo 48, comma 3, criteri generali in materia di ordinamento degli uffici e dei servizi;<\/li><li> programmi, relazioni previsionali e programmatiche, piani finanziari, programmi triennali e elenco annuale dei lavori pubblici, bilanci annuali e pluriennali e relative variazioni, rendiconto, piani territoriali ed urbanistici, programmi annuali e pluriennali per la loro attuazione, eventuali deroghe ad essi, pareri da rendere per dette materie;<\/li><li> convenzioni tra i comuni e quelle tra i comuni e provincia, costituzione e modificazione di forme associative;<\/li><li> istituzione, compiti e norme sul funzionamento degli organismi di decentramento e di partecipazione;<\/li><li> organizzazione dei pubblici servizi, costituzione di istituzioni e aziende speciali, concessione dei pubblici servizi, partecipazione dell&#8217;ente locale a societ\u00e0 di capitali, affidamento di attivit\u00e0 o servizi mediante convenzione;<\/li><li> istituzione e ordinamento dei tributi, con esclusione della determinazione delle relative aliquote; disciplina generale delle tariffe per la fruizione dei beni e dei servizi;<\/li><li> indirizzi da osservare da parte delle aziende pubbliche e degli enti dipendenti, sovvenzionati o sottoposti a vigilanza;<\/li><li> contrazione di mutui e aperture di credito non previste espressamente in  atti fondamentali del consiglio ed emissioni di prestiti obbligazionari;<\/li><li> spese che impegnino i bilanci per gli esercizi successivi, escluse quelle relative alle locazioni di immobili ed alla somministrazione e fornitura di beni e servizi a carattere continuativo;<\/li><li> acquisti e alienazioni immobiliari, relative permute, appalti e concessioni che non siano previsti espressamente in atti fondamentali del consiglio o che non ne costituiscano mera esecuzione e che, comunque, non rientrino nella ordinaria amministrazione di funzioni e servizi di competenza della giunta, del segretario o di altri funzionari;<\/li><li> definizione degli indirizzi per la nomina e la designazione dei rappresentanti del comune presso enti, aziende ed istituzioni, nonch\u00e9 nomina dei rappresentanti del consiglio presso enti, aziende ed istituzioni ad esso espressamente riservata dalla legge. <\/li><\/ol>\n\n\n\n<p>Il Consiglio, nei modi disciplinati dallo statuto, partecipa altres\u00ec alla definizione, all&#8217;adeguamento e alla verifica periodica dell&#8217;attuazione delle linee programmatiche da parte del sindaco o del presidente della provincia e dei singoli assessori.<\/p>\n\n\n\n<p><a href=\"http:\/\/at.comune.sestu.ca.it\/index.php\/composizione-del-consiglio-comunale\/\">Consulta l&#8217;attuale composizione del Consiglio comunale<\/a><\/p>\n","protected":false},"excerpt":{"rendered":"<p>Il Consiglio comunale \u00e8 l&#8217;organo assembleare pubblico rappresentativo di ogni comune.<\/p>\n","protected":false},"author":1,"featured_media":4069,"parent":3718,"menu_order":1,"comment_status":"closed","ping_status":"closed","template":"","meta":[],"_links":{"self":[{"href":"https:\/\/at.comune.sestu.ca.it\/index.php\/wp-json\/wp\/v2\/pages\/160"}],"collection":[{"href":"https:\/\/at.comune.sestu.ca.it\/index.php\/wp-json\/wp\/v2\/pages"}],"about":[{"href":"https:\/\/at.comune.sestu.ca.it\/index.php\/wp-json\/wp\/v2\/types\/page"}],"author":[{"embeddable":true,"href":"https:\/\/at.comune.sestu.ca.it\/index.php\/wp-json\/wp\/v2\/users\/1"}],"replies":[{"embeddable":true,"href":"https:\/\/at.comune.sestu.ca.it\/index.php\/wp-json\/wp\/v2\/comments?post=160"}],"version-history":[{"count":20,"href":"https:\/\/at.comune.sestu.ca.it\/index.php\/wp-json\/wp\/v2\/pages\/160\/revisions"}],"predecessor-version":[{"id":24182,"href":"https:\/\/at.comune.sestu.ca.it\/index.php\/wp-json\/wp\/v2\/pages\/160\/revisions\/24182"}],"up":[{"embeddable":true,"href":"https:\/\/at.comune.sestu.ca.it\/index.php\/wp-json\/wp\/v2\/pages\/3718"}],"wp:featuredmedia":[{"embeddable":true,"href":"https:\/\/at.comune.sestu.ca.it\/index.php\/wp-json\/wp\/v2\/media\/4069"}],"wp:attachment":[{"href":"https:\/\/at.comune.sestu.ca.it\/index.php\/wp-json\/wp\/v2\/media?parent=160"}],"curies":[{"name":"wp","href":"https:\/\/api.w.org\/{rel}","templated":true}]}}