{"id":16168,"date":"2021-10-29T09:57:40","date_gmt":"2021-10-29T07:57:40","guid":{"rendered":"https:\/\/www.comune.sestu.ca.it\/?page_id=16168"},"modified":"2024-07-01T10:05:16","modified_gmt":"2024-07-01T08:05:16","slug":"consiglio-comunale-11-novembre-2021","status":"publish","type":"page","link":"https:\/\/at.comune.sestu.ca.it\/index.php\/amministrazione\/organi-di-governo\/il-consiglio\/convocazioni-e-verbali\/convocazioni-e-verbali-anno-2021\/consiglio-comunale-11-novembre-2021\/","title":{"rendered":"Consiglio comunale 04 Novembre 2021"},"content":{"rendered":"\n<div style=\"height:36px\" aria-hidden=\"true\" class=\"wp-block-spacer\"><\/div>\n\n\n\n<p>Il Consiglio comunale \u00e8 convocato in seduta straordinaria di prima convocazione per il giorno <strong>Gioved\u00ec 04 Novembre 2021<\/strong>, alle ore 18:30,<strong> <\/strong>e in seconda convocazione per il giorno <strong>Venerd\u00ec 05 Novembre 2021<\/strong>, alle ore 18:30,  presso l\u2019aula consiliare del Comune.<\/p>\n\n\n\n<p>Ordine del giorno:<\/p>\n\n\n\n<p>Comunicazioni e interrogazioni<\/p>\n\n\n\n<ol>\n<li>Costituzione del Diritto di superficie a tempo determinato ai sesnsi dell&#8217;articolo 953 del Codice Civile della porzione di terreno al foglio 16 particella 537 parte situata nel Comune di Sestu (Loc. Magangiosa) destinata ad Area Servizi Tecnologici della sottona G4 &#8220;Centro AgroAlimentare&#8221; in diritto di superficie alla Soc. Medea SPA. Per la realizzazione di un deposito di stoccaggio di GNL a servizio della rete cittadina;<\/li>\n\n\n\n<li>Ratifica Delibera Giunta Comunale n.158 del 05\/10\/2021 -&#8221; Variazione d&#8217;urgenza al Bilancio di Previsione Finanziario 2021\/2023 &#8211; (Art. 175, comma 4, del D.Lgs. n. 267\/2000)&#8221;;<\/li>\n\n\n\n<li>Approvazione del Bilancio consolidato e della relazione sulla gestione consolidata contente la nota integrativa &#8211; anno 2020.<\/li>\n<\/ol>\n\n\n\n<p> <\/p>\n\n\n\n<p>IL PRESIDENTE: Antonio Manca<\/p>\n\n\n\n<div style=\"height:54px\" aria-hidden=\"true\" class=\"wp-block-spacer\"><\/div>\n\n\n\n<p>I verbali delle sedute sono consultabili in allegato non appena disponibili.<\/p>\n","protected":false},"excerpt":{"rendered":"<p>Il Consiglio comunale \u00e8 convocato in seduta straordinaria di prima convocazione per il giorno Gioved\u00ec 04 Novembre 2021, alle ore 18:30, e in seconda convocazione per il giorno Venerd\u00ec 05 Novembre 2021, alle ore 18:30, presso l\u2019aula consiliare del Comune.<\/p>\n","protected":false},"author":34,"featured_media":0,"parent":11890,"menu_order":-14,"comment_status":"closed","ping_status":"closed","template":"","meta":[],"_links":{"self":[{"href":"https:\/\/at.comune.sestu.ca.it\/index.php\/wp-json\/wp\/v2\/pages\/16168"}],"collection":[{"href":"https:\/\/at.comune.sestu.ca.it\/index.php\/wp-json\/wp\/v2\/pages"}],"about":[{"href":"https:\/\/at.comune.sestu.ca.it\/index.php\/wp-json\/wp\/v2\/types\/page"}],"author":[{"embeddable":true,"href":"https:\/\/at.comune.sestu.ca.it\/index.php\/wp-json\/wp\/v2\/users\/34"}],"replies":[{"embeddable":true,"href":"https:\/\/at.comune.sestu.ca.it\/index.php\/wp-json\/wp\/v2\/comments?post=16168"}],"version-history":[{"count":3,"href":"https:\/\/at.comune.sestu.ca.it\/index.php\/wp-json\/wp\/v2\/pages\/16168\/revisions"}],"predecessor-version":[{"id":31064,"href":"https:\/\/at.comune.sestu.ca.it\/index.php\/wp-json\/wp\/v2\/pages\/16168\/revisions\/31064"}],"up":[{"embeddable":true,"href":"https:\/\/at.comune.sestu.ca.it\/index.php\/wp-json\/wp\/v2\/pages\/11890"}],"wp:attachment":[{"href":"https:\/\/at.comune.sestu.ca.it\/index.php\/wp-json\/wp\/v2\/media?parent=16168"}],"curies":[{"name":"wp","href":"https:\/\/api.w.org\/{rel}","templated":true}]}}