{"id":16290,"date":"2021-11-09T16:59:59","date_gmt":"2021-11-09T15:59:59","guid":{"rendered":"https:\/\/www.comune.sestu.ca.it\/?page_id=16290"},"modified":"2024-02-16T13:24:09","modified_gmt":"2024-02-16T12:24:09","slug":"sposarsi-o-unirsi-civilmente-a-sestu","status":"publish","type":"page","link":"https:\/\/at.comune.sestu.ca.it\/index.php\/servizi\/anagrafe-e-stato-civile\/sposarsi-o-unirsi-civilmente-a-sestu\/","title":{"rendered":"Matrimoni e unioni civili"},"content":{"rendered":"\n<p>Informazioni e modalit\u00e0 organizzative per la celebrazione dei matrimoni civili e delle unioni civili nel Comune di Sestu.<\/p>\n\n\n\n<h4 class=\"wp-block-heading\">Luoghi individuati per la celebrazione<\/h4>\n\n\n\n<p>La celebrazione dei matrimoni e delle unioni potr\u00e0 avvenire nei seguenti luoghi, individuati quale &#8220;casa comunale&#8221; ai sensi dell&#8217;articolo 106 del Codice Civile:<\/p>\n\n\n\n<ol>\n<li>Ufficio servizi demografici presso la sede comunale in via Scipione 1;<\/li>\n\n\n\n<li>Ufficio del Sindaco presso la sede comunale in via Scipione 1;<\/li>\n\n\n\n<li>Sala consiliare presso la sede comunale in via Scipione 1;<\/li>\n\n\n\n<li>Casa Ofelia sita in via Parrocchia 88;<\/li>\n\n\n\n<li>Piazza Fra Ignazio da Laconi;<\/li>\n\n\n\n<li>Parco della Legalit\u00e0 Falcone e Borsellino. <\/li>\n<\/ol>\n\n\n\n<h4 class=\"wp-block-heading\">Giorni e orari di celebrazion<strong>e<\/strong><\/h4>\n\n\n\n<p>La celebrazione potr\u00e0 avvenire dalle ore 9,00 alle 12,00 con il limite massimo di 2 (due) matrimoni\/unioni civili nella stessa giornata, secondo la seguente articolazione:<\/p>\n\n\n\n<ol>\n<li>celebrazioni presso l&#8217;ufficio servizi demografici: dal luned\u00ec al venerd\u00ec;<\/li>\n\n\n\n<li>celebrazioni presso la sala consiliare e nell&#8217;ufficio del Sindaco: tutti i giorni feriali (con esclusione, dunque, dei giorni festivi);<\/li>\n\n\n\n<li>celebrazioni presso la Casa Ofelia: tutti i giorni feriali (con esclusione, dunque, dei giorni festivi);<\/li>\n\n\n\n<li>celebrazioni presso piazza\/parco: tutti i giorni feriali (con esclusione, dunque, dei giorni festivi).<\/li>\n<\/ol>\n\n\n\n<p>Nel caso in cui il sabato prescelto coincida con una giornata festiva (esempio: 8 dicembre) le celebrazioni potranno essere effettuate in un sabato precedente o successivo, fermo restando il limite massimo giornaliero sopra indicato.<\/p>\n\n\n\n<p>Per particolari esigenze, previa verifica della disponibilit\u00e0 delle sedi e del calendario delle prenotazioni gestito dall&#8217;ufficio dello stato civile, sar\u00e0 possibile concordare orari e giorni differenti per la celebrazione rispetto a quelli sopra indicati.<\/p>\n\n\n\n<h4 class=\"wp-block-heading\">Prenotazioni dei matrimoni\/unioni civili e organizzazione della celebrazione del rito<\/h4>\n\n\n\n<p>L&#8217;ufficio competente all&#8217;organizzazione della celebrazione dei matrimoni e delle unioni civili \u00e8 l&#8217;ufficio di stato civile, ubicato in via Scipione 1 (piano terra) &#8211; tel. 0702360472 &#8211; 0702360228 &#8211; 0702360485 &#8211; 0702360235.<\/p>\n\n\n\n<p>La prenotazione della data e del luogo di celebrazione dovr\u00e0 essere concordata con l&#8217;ufficio di stato civile al momento della richiesta della pubblicazione di matrimonio.<\/p>\n\n\n\n<p>Una volta ottenuta la conferma della disponibilit\u00e0 dell&#8217;orario e dell&#8217;ubicazione prescelta, dovr\u00e0 essere effettuato il pagamento della tariffa, se dovuta. Copia della ricevuta di pagamento dovr\u00e0 essere consegnata all&#8217;ufficio di stato civile almeno una settimana prima della celebrazione.<\/p>\n\n\n\n<p>Qualora la celebrazione non potesse avvenire, nel luogo o nella data prescelta, per causa imputabile al comune, si provveder\u00e0 alla restituzione della tariffa eventualmente corrisposta. Nessun rimborso spetter\u00e0 qualora la mancata celebrazione del rito sia imputabile alle parti richiedenti.<\/p>\n\n\n\n<h4 class=\"wp-block-heading\">Tariffe<\/h4>\n\n\n\n<p>Per la celebrazione dei matrimoni e delle unioni civili sono previste tariffe differenziate in base al luogo di celebrazione:<\/p>\n\n\n\n<ol>\n<li>presso l&#8217;ufficio servizi demografici: gratuiti;<\/li>\n\n\n\n<li>presso la sala consiliare o l&#8217;ufficio del Sindaco: gratuiti dal luned\u00ec al venerd\u00ec e \u20ac 50,00 il sabato;<\/li>\n\n\n\n<li>presso Casa Ofelia: \u20ac 100,00;<\/li>\n\n\n\n<li>presso il parco o le piazze: \u20ac 50,00<\/li>\n<\/ol>\n\n\n\n<h4 class=\"wp-block-heading\"> Regole per l&#8217;utilizzo dei locali<\/h4>\n\n\n\n<p>Gli sposi e gli unendi, nonch\u00e8 coloro che partecipano alla cerimonia, dovranno garantire la massima puntualit\u00e0 di inizio  della cerimonia e dovranno lasciare liberi gli spazi con giusta sollecitudine, al fine di consentire la celebrazione di eventuali riti successivi.<\/p>\n\n\n\n<p>Per i matrimoni e unioni civili celebrati nell&#8217;aula consiliare o presso la Casa Ofelia, \u00e8 consentita durante la cerimonia l&#8217;esecuzione di musica dal vivo in forma acustica. I musicisti dovranno predisporre autonomamente gli strumenti e rimuovere gli stessi a conclusione della celabrazione. Gli strumenti non potranno essere in numero superiore a tre. E&#8217; consentita la riproduzione musicale da dispositivi che non necessitano collegamenti elettrici. Resta a carico degli sposi o degli unendi ogni onere inerente il pagamento dei diritti SIAE, se e in quanto dovuti.<\/p>\n\n\n\n<p>E&#8217; consentita la predisposizione di un sobrio addobbo floreale realizzato da fioristi di fiducia degli sposi\/unendi. In tal caso i fiori dovranno essere consegnati immediatamente prima dell&#8217;inizio della cerimonia e rimossi al termine della stessa.<\/p>\n\n\n\n<p>Gli sposi\/unendi potranno effettuare il servizio fotografico o video nel luogo di celebrazione, avvalendosi di operatori di propria fiducia.<\/p>\n\n\n\n<p>E&#8217; assolutamente vietato il lancio di riso, confetti, coriandoli o altro materiale all&#8217;interno delle sale e delle piazze ove vengono celebrati i matrimoni. Nel caso di violazione del presente divieto, le spese per le pulizie straordinarie dei locali, delle aree pubbliche e ogni altro eventuale onere sostenuto per il ripristino dello stato dei luoghi, saranno poste a carico degli sposi\/unendi.<\/p>\n\n\n\n<h4 class=\"wp-block-heading\">Accesso all&#8217;ufficio di Stato Civile per matrimoni e unioni civili<\/h4>\n\n\n\n<table id=\"tablepress-72\" class=\"tablepress tablepress-id-72 tablepress-responsive\">\n<tbody>\n<tr class=\"row-1 odd\">\n\t<td colspan=\"5\" class=\"column-1\"><strong>Orario al pubblico<\/strong><\/td>\n<\/tr>\n<tr class=\"row-2 even\">\n\t<td class=\"column-1\"><strong> Luned\u00ec<\/strong><br \/>\n11:00\/13:00<\/td><td class=\"column-2\"><strong>Marted\u00ec<\/strong><br \/>\n11:00\/13:00<br \/>\n15:30\/17:00<\/td><td class=\"column-3\"><strong>Mercoled\u00ec<\/strong><br \/>\n11:00\/13:00<\/td><td class=\"column-4\"><strong>Gioved\u00ec<\/strong><br \/>\n11:00\/13:00<br \/>\n15:30\/17:00<\/td><td class=\"column-5\"><strong>Venerd\u00ec<\/strong><br \/>\n11:00\/13:00<\/td>\n<\/tr>\n<\/tbody>\n<\/table>\n<!-- #tablepress-72 from cache -->\n\n\n\n<p><\/p>\n","protected":false},"excerpt":{"rendered":"<p>Informazioni e modalit\u00e0 organizzative per la celebrazione dei matrimoni civili e delle unioni civili nel Comune di Sestu.<\/p>\n","protected":false},"author":23,"featured_media":0,"parent":3898,"menu_order":1,"comment_status":"closed","ping_status":"closed","template":"","meta":[],"_links":{"self":[{"href":"https:\/\/at.comune.sestu.ca.it\/index.php\/wp-json\/wp\/v2\/pages\/16290"}],"collection":[{"href":"https:\/\/at.comune.sestu.ca.it\/index.php\/wp-json\/wp\/v2\/pages"}],"about":[{"href":"https:\/\/at.comune.sestu.ca.it\/index.php\/wp-json\/wp\/v2\/types\/page"}],"author":[{"embeddable":true,"href":"https:\/\/at.comune.sestu.ca.it\/index.php\/wp-json\/wp\/v2\/users\/23"}],"replies":[{"embeddable":true,"href":"https:\/\/at.comune.sestu.ca.it\/index.php\/wp-json\/wp\/v2\/comments?post=16290"}],"version-history":[{"count":16,"href":"https:\/\/at.comune.sestu.ca.it\/index.php\/wp-json\/wp\/v2\/pages\/16290\/revisions"}],"predecessor-version":[{"id":30362,"href":"https:\/\/at.comune.sestu.ca.it\/index.php\/wp-json\/wp\/v2\/pages\/16290\/revisions\/30362"}],"up":[{"embeddable":true,"href":"https:\/\/at.comune.sestu.ca.it\/index.php\/wp-json\/wp\/v2\/pages\/3898"}],"wp:attachment":[{"href":"https:\/\/at.comune.sestu.ca.it\/index.php\/wp-json\/wp\/v2\/media?parent=16290"}],"curies":[{"name":"wp","href":"https:\/\/api.w.org\/{rel}","templated":true}]}}