{"id":16857,"date":"2021-12-16T13:18:31","date_gmt":"2021-12-16T12:18:31","guid":{"rendered":"https:\/\/www.comune.sestu.ca.it\/?page_id=16857"},"modified":"2024-07-22T09:32:23","modified_gmt":"2024-07-22T07:32:23","slug":"consiglio-comunale-22-dicembre-2021","status":"publish","type":"page","link":"https:\/\/at.comune.sestu.ca.it\/index.php\/amministrazione\/organi-di-governo\/il-consiglio\/convocazioni-e-verbali\/convocazioni-e-verbali-anno-2021\/consiglio-comunale-22-dicembre-2021\/","title":{"rendered":"Consiglio comunale 22 Dicembre 2021"},"content":{"rendered":"\n<div style=\"height:36px\" aria-hidden=\"true\" class=\"wp-block-spacer\"><\/div>\n\n\n\n<p>Il Consiglio comunale \u00e8 convocato in seduta ordinaria di prima convocazione per il giorno <strong>Mercoled\u00ec 22 Dicembre 2021<\/strong>, alle ore 18:30,<strong> <\/strong>e in seconda convocazione per il giorno <strong>Gioved\u00ec 23 Dicembre 2021<\/strong>, alle ore 18:30,  presso l\u2019aula consiliare del Comune.<\/p>\n\n\n\n<p>Ordine del giorno:<\/p>\n\n\n\n<p><\/p>\n\n\n\n<ol>\n<li>Istituzione di tipologia di entrata a destinazione vincolata e correlativo programma di spesa &#8211; variazione al bilancio 2021\/2023 ex. art. 175 comma 3 lett. a) D.Lgs. 267\/2000;<\/li>\n\n\n\n<li>Riconoscimento debito fuori bilancio ai sensi dell&#8217;art. 194, c. 1 lett. a), del Decreto Legislativo 267\/2000, a seguito di sentenza del Giudice di Pace di Cagliari n. 904\/2021 del 23 luglio 2021;<\/li>\n\n\n\n<li>Individuazione delle scadenze per il pagamento della tassa sui rifiuti (TARI) relativa all&#8217;anno 2021, ai sensi dell&#8217;art. 25 del regolamento comunale;<\/li>\n\n\n\n<li>Documento Unico di Programmazione (DUP) &#8211; periodo 2022\/2024 (art. 170, comma 1, del D.Lgs. n. 267\/2000);<\/li>\n\n\n\n<li>Approvazione del bilancio di previsione finanziario 2022-2024 (art. 11 D.Lgs. n.118\/2011).<\/li>\n<\/ol>\n\n\n\n<p> <\/p>\n\n\n\n<p>IL PRESIDENTE: Antonio Manca<\/p>\n\n\n\n<div style=\"height:54px\" aria-hidden=\"true\" class=\"wp-block-spacer\"><\/div>\n\n\n\n<p>I verbali delle sedute sono consultabili in allegato non appena disponibili.<\/p>\n","protected":false},"excerpt":{"rendered":"<p>Il Consiglio comunale \u00e8 convocato in seduta ordinaria di prima convocazione per il giorno Mercoled\u00ec 22 Dicembre 2021, alle ore 18:30, e in seconda convocazione per il giorno Gioved\u00ec 23 Dicembre 2021, alle ore 18:30, presso l\u2019aula consiliare del Comune.<\/p>\n","protected":false},"author":34,"featured_media":0,"parent":11890,"menu_order":-16,"comment_status":"closed","ping_status":"closed","template":"","meta":[],"_links":{"self":[{"href":"https:\/\/at.comune.sestu.ca.it\/index.php\/wp-json\/wp\/v2\/pages\/16857"}],"collection":[{"href":"https:\/\/at.comune.sestu.ca.it\/index.php\/wp-json\/wp\/v2\/pages"}],"about":[{"href":"https:\/\/at.comune.sestu.ca.it\/index.php\/wp-json\/wp\/v2\/types\/page"}],"author":[{"embeddable":true,"href":"https:\/\/at.comune.sestu.ca.it\/index.php\/wp-json\/wp\/v2\/users\/34"}],"replies":[{"embeddable":true,"href":"https:\/\/at.comune.sestu.ca.it\/index.php\/wp-json\/wp\/v2\/comments?post=16857"}],"version-history":[{"count":2,"href":"https:\/\/at.comune.sestu.ca.it\/index.php\/wp-json\/wp\/v2\/pages\/16857\/revisions"}],"predecessor-version":[{"id":31073,"href":"https:\/\/at.comune.sestu.ca.it\/index.php\/wp-json\/wp\/v2\/pages\/16857\/revisions\/31073"}],"up":[{"embeddable":true,"href":"https:\/\/at.comune.sestu.ca.it\/index.php\/wp-json\/wp\/v2\/pages\/11890"}],"wp:attachment":[{"href":"https:\/\/at.comune.sestu.ca.it\/index.php\/wp-json\/wp\/v2\/media?parent=16857"}],"curies":[{"name":"wp","href":"https:\/\/api.w.org\/{rel}","templated":true}]}}