{"id":16905,"date":"2021-12-20T12:23:44","date_gmt":"2021-12-20T11:23:44","guid":{"rendered":"https:\/\/www.comune.sestu.ca.it\/?page_id=16905"},"modified":"2024-07-22T09:31:42","modified_gmt":"2024-07-22T07:31:42","slug":"consiglio-comunale-28-dicembre-2021","status":"publish","type":"page","link":"https:\/\/at.comune.sestu.ca.it\/index.php\/amministrazione\/organi-di-governo\/il-consiglio\/convocazioni-e-verbali\/convocazioni-e-verbali-anno-2021\/consiglio-comunale-28-dicembre-2021\/","title":{"rendered":"Consiglio comunale 28 Dicembre 2021"},"content":{"rendered":"\n<div style=\"height:36px\" aria-hidden=\"true\" class=\"wp-block-spacer\"><\/div>\n\n\n\n<p>Il Consiglio comunale \u00e8 convocato in seduta straordinaria di prima convocazione per il giorno <strong>Marted\u00ec 28 Dicembre 2021<\/strong>, alle ore 18:30,<strong> <\/strong>e in seconda convocazione per il giorno <strong>Mercoled\u00ec 29 Dicembre 2021<\/strong>, alle ore 18:30,  presso l\u2019aula consiliare del Comune.<\/p>\n\n\n\n<p>Ordine del giorno:<\/p>\n\n\n\n<p><\/p>\n\n\n\n<ol>\n<li>Revisione periodica delle partecipazioni ai sensi dell&#8217;art. 20 D.Lgs. n. 175\/2016 (TUSP) e Censimento delle partecipazioni pubbliche ( art. 17 D.L. n. 90\/2014) al 31\/12\/2020;<\/li>\n\n\n\n<li>Lavori di &#8220;Sistemazione strade interne \u2013 Via Verdi tratto compreso tra Via Palestrina e Via Catalani \u2013 CUP: H41B18000260004&#8221; &#8211; Approvazione della Variante Urbanistica art. 20 L.R. 45\/89, apposizione vincolo preordinato all&#8217;esproprio art. 9 DPR 327\/01 e dichiarazione di pubblica utilit\u00e0 dell&#8217;opera ai sensi dell&#8217;art. 12 DPR 327\/01 in esecuzione della delibera C.C. n. 45\/2021;<\/li>\n\n\n\n<li>Adozione di variante al PUC per la modifica dei tasselli di zona &#8220;S&#8221;, numeri 57, 58 e 59, e per la rettifica di alcuni errori materiali, ai sensi dell&#8217;art. 20 commi 25 e 26 della L.R. 45\/89 e ss.mm.ii.;<\/li>\n\n\n\n<li>Adozione di variante al Programma Integrato &#8220;Dedalo&#8221; ai sensi dell&#8217;art. 20 e 21 della L.R. 45\/89 e ss.mm.ii.<\/li>\n<\/ol>\n\n\n\n<p> <\/p>\n\n\n\n<p>IL PRESIDENTE: Antonio Manca<\/p>\n\n\n\n<div style=\"height:54px\" aria-hidden=\"true\" class=\"wp-block-spacer\"><\/div>\n\n\n\n<p>I verbali delle sedute sono consultabili in allegato non appena disponibili.<\/p>\n","protected":false},"excerpt":{"rendered":"<p>Il Consiglio comunale \u00e8 convocato in seduta straordinaria di prima convocazione per il giorno Marted\u00ec 28 Dicembre 2021, alle ore 18:30, e in seconda convocazione per il giorno Mercoled\u00ec 29 Dicembre 2021, alle ore 18:30, presso l\u2019aula consiliare del Comune.<\/p>\n","protected":false},"author":34,"featured_media":0,"parent":11890,"menu_order":-17,"comment_status":"closed","ping_status":"closed","template":"","meta":[],"_links":{"self":[{"href":"https:\/\/at.comune.sestu.ca.it\/index.php\/wp-json\/wp\/v2\/pages\/16905"}],"collection":[{"href":"https:\/\/at.comune.sestu.ca.it\/index.php\/wp-json\/wp\/v2\/pages"}],"about":[{"href":"https:\/\/at.comune.sestu.ca.it\/index.php\/wp-json\/wp\/v2\/types\/page"}],"author":[{"embeddable":true,"href":"https:\/\/at.comune.sestu.ca.it\/index.php\/wp-json\/wp\/v2\/users\/34"}],"replies":[{"embeddable":true,"href":"https:\/\/at.comune.sestu.ca.it\/index.php\/wp-json\/wp\/v2\/comments?post=16905"}],"version-history":[{"count":4,"href":"https:\/\/at.comune.sestu.ca.it\/index.php\/wp-json\/wp\/v2\/pages\/16905\/revisions"}],"predecessor-version":[{"id":31071,"href":"https:\/\/at.comune.sestu.ca.it\/index.php\/wp-json\/wp\/v2\/pages\/16905\/revisions\/31071"}],"up":[{"embeddable":true,"href":"https:\/\/at.comune.sestu.ca.it\/index.php\/wp-json\/wp\/v2\/pages\/11890"}],"wp:attachment":[{"href":"https:\/\/at.comune.sestu.ca.it\/index.php\/wp-json\/wp\/v2\/media?parent=16905"}],"curies":[{"name":"wp","href":"https:\/\/api.w.org\/{rel}","templated":true}]}}