{"id":17459,"date":"2022-01-12T13:23:41","date_gmt":"2022-01-12T12:23:41","guid":{"rendered":"https:\/\/www.comune.sestu.ca.it\/?page_id=17459"},"modified":"2022-01-12T13:23:42","modified_gmt":"2022-01-12T12:23:42","slug":"provvedimenti-che-determinano-le-esclusioni-dalla-procedura-di-affidamento-anno-2022","status":"publish","type":"page","link":"https:\/\/at.comune.sestu.ca.it\/index.php\/amministrazione-trasparente\/bandi-di-gara-e-contratti\/atti-delle-amministrazioni-aggiudicatrici-e-degli-enti-aggiudicatori-distintamente-per-ogni-procedura\/provvedimenti-che-determinano-le-esclusioni-dalla-procedura-di-affidamento-e-le-ammissioni-allesito-delle-valutazioni\/provvedimenti-che-determinano-le-esclusioni-dalla-procedura-di-affidamento-anno-2022\/","title":{"rendered":"Provvedimenti che determinano le esclusioni dalla procedura di affidamento &#8211; Anno 2022"},"content":{"rendered":"\n<div style=\"height:20px\" aria-hidden=\"true\" class=\"wp-block-spacer\"><\/div>\n\n\n\n<table id=\"tablepress-312\" class=\"tablepress tablepress-id-312 tablepress-responsive\">\n<thead>\n<tr class=\"row-1 odd\">\n\t<th class=\"column-1\">N. Atto<\/th><th class=\"column-2\">Data Atto<\/th><th class=\"column-3\">Oggetto<\/th><th class=\"column-4\">CIG<\/th><th class=\"column-5\">Download pdf<\/th>\n<\/tr>\n<\/thead>\n<tbody class=\"row-hover\">\n<tr class=\"row-2 even\">\n\t<td class=\"column-1\">1450<\/td><td class=\"column-2\">01\/12\/2022<\/td><td class=\"column-3\">Procedura negoziata, tramite RdO sul portale SardegnaCAT,  per l'affidamento dei lavori di \"Manutenzione straordinaria di strade e piazze interne al centro abitato\". CUP: H47H21002950004 - CIG: 9376995D0E. Provvedimento di non aggiudicazione.<\/td><td class=\"column-4\">9376995D0E<\/td><td class=\"column-5\"><a href=\"http:\/\/at.comune.sestu.ca.it\/wp-content\/uploads\/2022\/12\/DET.1450-NON-AGGIUDICAZIONE-M.LOI_.pdf\">Determina n. 1450 del 2022<\/a><\/td>\n<\/tr>\n<tr class=\"row-3 odd\">\n\t<td class=\"column-1\">1168<\/td><td class=\"column-2\">11\/10\/2022<\/td><td class=\"column-3\">Procedura negoziata, tramite RdO sul portale SardegnaCAT, per l'affidamento dei lavori di \"Sistemazione strade interne \u2013 via Verdi nel tratto compreso tra via Palestrina e via Catalani\". CUP:  H41B18000260004 - CIG: 9382876239. Provvedimento di ammissione degli operatori economici alla fase successiva della procedura di gara.<\/td><td class=\"column-4\">9382876239<\/td><td class=\"column-5\"><a href=\"http:\/\/at.comune.sestu.ca.it\/wp-content\/uploads\/2022\/10\/Determina-1168.pdf\">Determina n. 1168 del 2022<\/a><\/td>\n<\/tr>\n<tr class=\"row-4 even\">\n\t<td class=\"column-1\">1133<\/td><td class=\"column-2\">04\/10\/2022<\/td><td class=\"column-3\">Procedura negoziata, tramite RdO sul portale SardegnaCAT,  per l'affidamento dei lavori di \"Manutenzione straordinaria di strade e piazze interne al centro abitato\"   CUP: H47H21002950004 - CIG: 9376995D0E. Provvedimento di ammissione e di esclusione degli operatori economici dalla fase successiva alla procedura di gara.<\/td><td class=\"column-4\">9376995D0E<\/td><td class=\"column-5\"><a href=\"http:\/\/at.comune.sestu.ca.it\/wp-content\/uploads\/2022\/10\/Determina-1133-04-10-2022.pdf\">Determina n. 1133 del 2022<\/a><\/td>\n<\/tr>\n<tr class=\"row-5 odd\">\n\t<td class=\"column-1\">943<\/td><td class=\"column-2\">17\/08\/2022<\/td><td class=\"column-3\">Procedura negoziata, tramite RdO sul portale Sardegna CAT, ai sensi dell'art. 1 comma 2 lett. b) e comma 3 del D.L. 76\/2020, convertito con legge n. 120\/2020 e ss.mm.ii. come modificato con L. 108\/2021 e dell'art. 63 del D. Lgs. 50\/2016 e ss.mm.ii., per l'affidamento dei lavori relativi all'intervento \"Manutenzione straordinaria della piscina comunale- Lotto 2B\" CUP: H49H19000030004 CIG: 9272603A0E. Determina di ammissione del candidato alla fase successiva della procedura di gara.<\/td><td class=\"column-4\">9272603A0E<\/td><td class=\"column-5\"><a href=\"http:\/\/at.comune.sestu.ca.it\/wp-content\/uploads\/2022\/08\/DET.-943-DEL-17-08-2022.pdf\">Determina n.943 del 17\/08\/2022<\/a><\/td>\n<\/tr>\n<tr class=\"row-6 even\">\n\t<td class=\"column-1\">792<\/td><td class=\"column-2\">11\/07\/2022<\/td><td class=\"column-3\">Procedura negoziata, tramite RdO sul portale Sardegna CAT, per l'affidamento dei Lavori per la realizzazione di un collettore fognario per la raccolta e lo smaltimento delle acque nere nella S.P. Sestu-Elmas, in localit\u00e0 Su Moriscau, a servizio delle zona D1 e D2 per attivit\u00e0 commerciali, industriali e di deposito. CUP: H44E0800130004- CIG: 921656560A. Determina di ammissione degli operatori economici alla fase successiva della procedura di gara.<\/td><td class=\"column-4\">921656560A<\/td><td class=\"column-5\"><a href=\"http:\/\/at.comune.sestu.ca.it\/wp-content\/uploads\/2022\/07\/DET.-792_AMMISSIONE-FASE-SUCCESSIVA.pdf\">Determina. 792 del 2022<\/a><\/td>\n<\/tr>\n<tr class=\"row-7 odd\">\n\t<td class=\"column-1\">639<br \/>\n<\/td><td class=\"column-2\">09\/06\/2022<\/td><td class=\"column-3\">Procedura negoziata, ai sensi dell'articolo 1, comma 2, lett. b), del D.L. n. 76\/2020 conv. con mod. in L. n. 120\/2020, per l'affidamento della \"Gestione dei piani personalizzati di cui alla L. 162\/98 relativamente ai servizi di assistenza domiciliare ed educativa a gestione diretta\" della durata di 24 mesi con il criterio dell'offerta economicamente pi\u00f9 vantaggiosa. CIG. 9203875DE9. Provvedimento di ammissione alla fase successiva.<\/td><td class=\"column-4\">9203875DE9<\/td><td class=\"column-5\"><a href=\"http:\/\/at.comune.sestu.ca.it\/wp-content\/uploads\/2022\/06\/DETERMINA-639-AMMISS.pdf\">Determina n. 639 del 2022<\/a><\/td>\n<\/tr>\n<tr class=\"row-8 even\">\n\t<td class=\"column-1\">595<\/td><td class=\"column-2\">26\/05\/2022<\/td><td class=\"column-3\">Procedura aperta telematica per l'affidamento del Servizio \"NIDO DI INFANZIA COMUNALE E. LOI\" dal 01.09.2022 al 31.07.2024 sopra soglia comunitaria con il criterio dell'offerta economicamente pi\u00f9  vantaggiosa sulla base del miglior rapporto qualit\u00e0\/prezzo. Provvedimento di esclusione dell'operatore economico \"ATI da costituirsi Progetto Donna Pi\u00f9 Societ\u00e0 Cooperativa Sociale (Mandataria) e Ali Assistenza Societ\u00e0 Cooperativa Sociale (mandante)\".<\/td><td class=\"column-4\">909298696B<\/td><td class=\"column-5\"><a href=\"http:\/\/at.comune.sestu.ca.it\/wp-content\/uploads\/2022\/05\/DET-595_2022-ESCLUSIONE-PROCEDURA-1.pdf\">Determina n. 595 del 2022<\/a><\/td>\n<\/tr>\n<tr class=\"row-9 odd\">\n\t<td class=\"column-1\">342<\/td><td class=\"column-2\">28\/03\/2022<\/td><td class=\"column-3\">Procedura aperta telematica per l'affidamento del Servizio \"NIDO DI INFANZIA COMUNALE E. LOI\" dal 01.09.2022 al 31.07.2024 sopra soglia comunitaria con il criterio dell'offerta economicamente pi\u00f9 vantaggiosa sulla base del miglior rapporto qualit\u00e0\/prezzo. Provvedimento di ammissione degli operatori economici alla fase successiva.<\/td><td class=\"column-4\">909298696B<\/td><td class=\"column-5\"><a href=\"http:\/\/at.comune.sestu.ca.it\/wp-content\/uploads\/2022\/03\/DET_342_2022-AMMISSIONE-NIDO.pdf\">Determina n. 342 del 2022<\/a><\/td>\n<\/tr>\n<tr class=\"row-10 even\">\n\t<td class=\"column-1\">288<\/td><td class=\"column-2\">11\/03\/2022<\/td><td class=\"column-3\">Procedura negoziata, tramite RdO sul portale SardegnaCAT, ai sensi dell'art. 1 comma 2 lett. b) e comma 3, del D. L. 76\/2020, convertito con L. n. 120\/2020 come modificato con L. n. 108\/2021, di cui all'art. 63 del D. Lgs. n. 50\/2016 e ss.mm.ii. per l'affidamento di \"Lavori di sistemazione idraulica ambientale del Rio di Sestu \u2013 IV Stralcio\" - CUP: H41H13000280002. CIG: 9065674ED6\". Determina di ammissione dei candidati alla fase successiva della procedura di gara.<\/td><td class=\"column-4\"> 9065674ED6<\/td><td class=\"column-5\"><a href=\"http:\/\/at.comune.sestu.ca.it\/wp-content\/uploads\/2022\/03\/DET.-288-AMM.NE-CANDIDATI-ALLA-FASE-SUCCESSIVA.pdf\">Determina n. 288 del 2022<\/a><\/td>\n<\/tr>\n<tr class=\"row-11 odd\">\n\t<td class=\"column-1\">206<\/td><td class=\"column-2\">25\/02\/2022<\/td><td class=\"column-3\">Procedura negoziata ai sensi dell'art. 1, comma 2 e comma 3 del D.L. 76\/2020, convertito con legge n. 120\/2020 e ss.mm.ii. e dell'art. 63 del D. Lgs. n. 50\/2016 e ss.mm.ii. per l'affidamento del servizio di \"Spedizione postale della corrispondenza del Comune di Sestu per un periodo di 72 mesi decorrente in via presuntiva dal 01\/08\/2022\" CIG: 901711892A. Determina di ammissione dei candidati alla fase successiva della procedura di gara.<\/td><td class=\"column-4\">901711892A<\/td><td class=\"column-5\"><a href=\"http:\/\/at.comune.sestu.ca.it\/wp-content\/uploads\/2022\/03\/DET.-206-AMM.NE-ALLA-FASE-SUCCESSIVA.pdf\">Determina n. 206 del 2022<\/a><\/td>\n<\/tr>\n<tr class=\"row-12 even\">\n\t<td class=\"column-1\">111<\/td><td class=\"column-2\">08\/02\/2022<\/td><td class=\"column-3\">Procedura negoziata per l'affidamento dei \"Lavori di sistemazione area sterrata tra via Dante e Corso Italia\" CUP H41B19000160004- CIG 9045488CD3. Ammissione dei candidati alla fase successiva della procedura di gara.<\/td><td class=\"column-4\">9045488CD3<\/td><td class=\"column-5\"><a href=\"http:\/\/at.comune.sestu.ca.it\/wp-content\/uploads\/2022\/02\/DET-111_08.02.2022.pdf\">Determina n. 111 del 2022<\/a><\/td>\n<\/tr>\n<tr class=\"row-13 odd\">\n\t<td class=\"column-1\">86<\/td><td class=\"column-2\">04\/02\/2022<\/td><td class=\"column-3\">Procedura negoziata per l'affidamento dei Lavori relativi all'intervento \"Opere di urbanizzazione primaria della zona G4* in localit\u00e0 Magangiosa e relativa viabilit\u00e0 di accesso - Intervento di completamento - 1\u00b0 lotto. CUP H46G16000060002, CIG 9034019451\". Ammissione dei candidati alla fase successiva della procedura di gara.<\/td><td class=\"column-4\">9034019451<\/td><td class=\"column-5\"><a href=\"http:\/\/at.comune.sestu.ca.it\/wp-content\/uploads\/2022\/02\/Det-86-2022-AMMISS.-FASE-SUCCESSIVA.pdf\">Determina n. 86 del 2022<\/a><\/td>\n<\/tr>\n<tr class=\"row-14 even\">\n\t<td class=\"column-1\">23<\/td><td class=\"column-2\">20\/01\/2022<\/td><td class=\"column-3\">Procedura per l'affidamento del Servizio per la gestione del Programma Lavoras 2019 \"Interventi di manutenzione ordinaria su edifici scolastici \u2013 scuola di infanzia \u2013 altri edifici pubblici\" (Intervento 3.1). CUP H49J21000780002 - Ammissione dei candidati alla fase successiva della procedura.<\/td><td class=\"column-4\">90094766CA<\/td><td class=\"column-5\"><a href=\"http:\/\/at.comune.sestu.ca.it\/wp-content\/uploads\/2022\/02\/det.-23-del-20.01.2022.pdf\">det. 23 del 20.01.2022<\/a><\/td>\n<\/tr>\n<tr class=\"row-15 odd\">\n\t<td class=\"column-1\">22<\/td><td class=\"column-2\">20\/01\/2022<\/td><td class=\"column-3\">Procedura per l'affidamento del Servizio per la gestione del Programma Lavoras 2019 \"Mappatura dell'acquedotto e dello schema fognario, con redazione del disegno tecnico definito\" e \"Cantiere efficientamento energetico .... \". CUP H41B21001190002 (Intervento 4.1 c) e CUP H48I21000530002 (Intervento 6.1 c). Ammissione dei candidati alla fase successiva della procedura.<\/td><td class=\"column-4\">9009566111<\/td><td class=\"column-5\"><a href=\"http:\/\/at.comune.sestu.ca.it\/wp-content\/uploads\/2022\/02\/det.-22-del-20.01.2022.pdf\">det. 22 del 20.01.2022<\/a><\/td>\n<\/tr>\n<\/tbody>\n<\/table>\n<!-- #tablepress-312 from cache -->\n","protected":false},"excerpt":{"rendered":"","protected":false},"author":3,"featured_media":0,"parent":4291,"menu_order":8,"comment_status":"closed","ping_status":"closed","template":"page-nosidebar.php","meta":[],"_links":{"self":[{"href":"https:\/\/at.comune.sestu.ca.it\/index.php\/wp-json\/wp\/v2\/pages\/17459"}],"collection":[{"href":"https:\/\/at.comune.sestu.ca.it\/index.php\/wp-json\/wp\/v2\/pages"}],"about":[{"href":"https:\/\/at.comune.sestu.ca.it\/index.php\/wp-json\/wp\/v2\/types\/page"}],"author":[{"embeddable":true,"href":"https:\/\/at.comune.sestu.ca.it\/index.php\/wp-json\/wp\/v2\/users\/3"}],"replies":[{"embeddable":true,"href":"https:\/\/at.comune.sestu.ca.it\/index.php\/wp-json\/wp\/v2\/comments?post=17459"}],"version-history":[{"count":1,"href":"https:\/\/at.comune.sestu.ca.it\/index.php\/wp-json\/wp\/v2\/pages\/17459\/revisions"}],"predecessor-version":[{"id":17460,"href":"https:\/\/at.comune.sestu.ca.it\/index.php\/wp-json\/wp\/v2\/pages\/17459\/revisions\/17460"}],"up":[{"embeddable":true,"href":"https:\/\/at.comune.sestu.ca.it\/index.php\/wp-json\/wp\/v2\/pages\/4291"}],"wp:attachment":[{"href":"https:\/\/at.comune.sestu.ca.it\/index.php\/wp-json\/wp\/v2\/media?parent=17459"}],"curies":[{"name":"wp","href":"https:\/\/api.w.org\/{rel}","templated":true}]}}