{"id":18080,"date":"2022-02-21T09:21:08","date_gmt":"2022-02-21T08:21:08","guid":{"rendered":"https:\/\/www.comune.sestu.ca.it\/?page_id=18080"},"modified":"2023-03-02T11:55:46","modified_gmt":"2023-03-02T10:55:46","slug":"consiglio-comunale-22-febbraio-2022","status":"publish","type":"page","link":"https:\/\/at.comune.sestu.ca.it\/index.php\/amministrazione\/organi-di-governo\/il-consiglio\/convocazioni-e-verbali\/convocazioni-e-verbali-anno-2022\/consiglio-comunale-22-febbraio-2022\/","title":{"rendered":"Consiglio comunale 22 Febbraio 2022"},"content":{"rendered":"\n<div style=\"height:36px\" aria-hidden=\"true\" class=\"wp-block-spacer\"><\/div>\n\n\n\n<p>Il Consiglio comunale \u00e8 convocato in seduta straordinaria di prima convocazione per il giorno <strong>Marted\u00ec 22 Febbraio 2022<\/strong>, alle ore 18:30,<strong> <\/strong>e in seconda convocazione per il giorno <strong>Venerd\u00ec 25 Febbraio 2022<\/strong>, alle ore 18:30,  presso l\u2019aula consiliare del Comune.<\/p>\n\n\n\n<p>Ordine del giorno:<\/p>\n\n\n\n<p><\/p>\n\n\n\n<ol><li>Approvazione progetto di fattibilit\u00e0 tecnica ed economica, ai sensi e per gli effetti del DPR 327\/01, dei Lavori di &#8220;Realizzazione strada di collegamento tra la via Franklin e la via Tripoli&#8221; CUP: H41B20000470004 &#8211; adozione variante urbanistica art. 20 L.R. 45\/89, apposizione vincolo preordinato all&#8217;esproprio art. 9 DPR 327\/01;<\/li><li>Variante non sostanziale al piano di Lottizzazione in zona D2 loc su moriscau, di cui alle convenzioni di rep. 113056 e 183350-proponente societ\u00e0 IMMUR spa &#8211; Approvazione ai sensi dell&#8217;articolo 20 della L.R. 45\/89 in applicazione dell&#8217;articolo 8 comma 6 della legge 167\/62;<\/li><li>Compravendita di un terreno al foglio 35 particella 2911 appartenente al patrimonio disponibile dell&#8217;Ente &#8211; Approvazione relazione e perizia di stima finalizzate alla determinazione del pi\u00f9 probabile valore di mercato;<\/li><li>Regione Autonoma della Sardegna Servizio Patrimonio e Demanio Idrico &#8211; manifestazione d&#8217;interesse del Comune di Sestu all&#8217;acquisizione, per le finalit\u00e0 previste dall&#8217;articolo 3 della L.R. 35\/1995, della propriet\u00e0 dei terreni al foglio 40 particella 414 e al foglio 36 particella 231 e delle aree appartenenti all&#8217;ex alveo del rio matzeu defunzionalizzate dal punto di vista idraulico;<\/li><li>Mozione per azioni urgenti e interventi strutturati per la prevenzione del disagio psicologico e per garantire l&#8217;accesso alle cure per la salute mentale.<\/li><\/ol>\n\n\n\n<p> <\/p>\n\n\n\n<p>IL PRESIDENTE: Antonio Manca<\/p>\n\n\n\n<div style=\"height:54px\" aria-hidden=\"true\" class=\"wp-block-spacer\"><\/div>\n\n\n\n<p>I verbali delle sedute sono consultabili in allegato non appena disponibili.<\/p>\n","protected":false},"excerpt":{"rendered":"<p>Il Consiglio comunale \u00e8 convocato in seduta straordinaria di prima convocazione per il giorno Marted\u00ec 22 Febbraio 2022, alle ore 18:30, e in seconda convocazione per il giorno Venerd\u00ec 25 Febbraio 2022, alle ore 18:30, presso l\u2019aula consiliare del Comune.<\/p>\n","protected":false},"author":34,"featured_media":0,"parent":18085,"menu_order":-1,"comment_status":"closed","ping_status":"closed","template":"","meta":[],"_links":{"self":[{"href":"https:\/\/at.comune.sestu.ca.it\/index.php\/wp-json\/wp\/v2\/pages\/18080"}],"collection":[{"href":"https:\/\/at.comune.sestu.ca.it\/index.php\/wp-json\/wp\/v2\/pages"}],"about":[{"href":"https:\/\/at.comune.sestu.ca.it\/index.php\/wp-json\/wp\/v2\/types\/page"}],"author":[{"embeddable":true,"href":"https:\/\/at.comune.sestu.ca.it\/index.php\/wp-json\/wp\/v2\/users\/34"}],"replies":[{"embeddable":true,"href":"https:\/\/at.comune.sestu.ca.it\/index.php\/wp-json\/wp\/v2\/comments?post=18080"}],"version-history":[{"count":2,"href":"https:\/\/at.comune.sestu.ca.it\/index.php\/wp-json\/wp\/v2\/pages\/18080\/revisions"}],"predecessor-version":[{"id":24344,"href":"https:\/\/at.comune.sestu.ca.it\/index.php\/wp-json\/wp\/v2\/pages\/18080\/revisions\/24344"}],"up":[{"embeddable":true,"href":"https:\/\/at.comune.sestu.ca.it\/index.php\/wp-json\/wp\/v2\/pages\/18085"}],"wp:attachment":[{"href":"https:\/\/at.comune.sestu.ca.it\/index.php\/wp-json\/wp\/v2\/media?parent=18080"}],"curies":[{"name":"wp","href":"https:\/\/api.w.org\/{rel}","templated":true}]}}