{"id":18570,"date":"2022-03-16T11:06:59","date_gmt":"2022-03-16T10:06:59","guid":{"rendered":"https:\/\/www.comune.sestu.ca.it\/?page_id=18570"},"modified":"2022-03-18T10:24:13","modified_gmt":"2022-03-18T09:24:13","slug":"l-431-98-art-11-contributi-per-il-sostegno-alla-locazione-anno-2021-2","status":"publish","type":"page","link":"https:\/\/at.comune.sestu.ca.it\/index.php\/servizi\/politiche-sociali\/l-431-98-art-11-contributi-per-il-sostegno-alla-locazione-anno-2021-2\/","title":{"rendered":"L. 431\/98 art. 11 \u2013 Contributi per il sostegno alla locazione \u2013 anno 2021"},"content":{"rendered":"\n<p><\/p>\n\n\n\n<p class=\"has-medium-font-size\"><strong><a href=\"http:\/\/at.comune.sestu.ca.it\/index.php\/2022\/03\/18\/l-431-98-art-11-contributi-per-il-sostegno-alla-locazione-anno-2021-approvazione-dellelenco-definitivo-delle-istanze\/\" data-type=\"URL\" data-id=\"http:\/\/at.comune.sestu.ca.it\/index.php\/2022\/03\/18\/l-431-98-art-11-contributi-per-il-sostegno-alla-locazione-anno-2021-approvazione-dellelenco-definitivo-delle-istanze\/\">L. 431\/98 art. 11 \u2013 Contributi per il sostegno alla locazione &#8211; anno 2021 &#8211; Approvazione dell&#8217;elenco definitivo delle istanze<\/a> <\/strong><\/p>\n\n\n\n<p>Si rende noto che \u00e8 in pubblicazione l\u2019elenco definitivo dei destinatari <strong>della misura di sostegno alle famiglie per il pagamento degli affitti &#8211; annualit\u00e0 2021, di cui alla L. del 09.12.1998, n. 431, art. 11<\/strong>, approvato con determinazione n. 309 del 17.03.2022. <\/p>\n\n\n\n<p>Si ricorda che, in base alla vigente normativa sulla privacy, non compariranno i nominativi dei richiedenti ammessi e non ammessi al beneficio, ma solo il numero di protocollo riportato nella domanda presentata. <\/p>\n\n\n\n<p>Ulteriori informazioni possono essere richieste presso l\u2019Ufficio Servizi Sociali, tramite mail all\u2019indirizzo <strong>federica.bandinu@comune.sestu.ca.it<\/strong>, e telefonicamente al n. 070\/2360209. <\/p>\n\n\n\n<p><\/p>\n\n\n\n<p class=\"has-medium-font-size\"><strong><a href=\"http:\/\/at.comune.sestu.ca.it\/index.php\/2022\/02\/28\/l-431-98-art-11-contributi-per-il-sostegno-alla-locazione-anno-2021-approvazione-dellelenco-provvisorio-delle-istanze\/\" data-type=\"URL\">L. 431\/98 art. 11 \u2013 Contributi per il sostegno alla locazione &#8211; anno 2021 &#8211; Approvazione dell&#8217;elenco provvisorio delle istanze<\/a><\/strong> <\/p>\n\n\n\n<p>Si informano gli interessati che \u00e8 stato pubblicato l\u2019elenco provvisorio <strong>della misura di sostegno<\/strong> <strong>alle famiglie per il pagamento degli affitti annualit\u00e0 2021 <\/strong>di cui alla <strong>L. del 09.12.1998, n. 431, art. 11, <\/strong>approvato con determinazione n. 219 del 28.02.2022.<\/p>\n\n\n\n<p>Si informa che, in base alla vigente normativa sulla privacy, non possono essere pubblicati i nominativi delle persone ammesse e non ammesse, ma solo il numero di protocollo che \u00e8 stato attribuito alla domanda presentata.<\/p>\n\n\n\n<p>Nell\u2019elenco degli ammessi, accanto al suddetto numero di protocollo, \u00e8 stata indicata l\u2019eventuale AMMISSIONE con RISERVA.<\/p>\n\n\n\n<p>Coloro i quali risultano essere stati ammessi con riserva dovranno presentare, a pena di esclusione, la documentazione indicata nell\u2019allegato entro e non oltre il <strong>10.03.2022, <\/strong>al protocollo del Comune di Sestu negli orari di apertura, o telematicamente al seguente indirizzo pec: <strong>protocollo.sestu@pec.it<\/strong><strong>.<\/strong><\/p>\n\n\n\n<p>Nell\u2019elenco per i non ammessi, sono state indicate le ragioni che hanno portato all\u2019esclusione.<\/p>\n\n\n\n<p>Avverso l\u2019elenco provvisorio \u00e8 ammessa la presentazione di istanza di revisione redatta in forma scritta in cui si evidenzino le ragioni della contestazione, da depositare presso il protocollo generale del Comune, o inviare a mezzo posta elettronica certificata entro e non oltre il giorno <strong>10.03.2022<\/strong>.<\/p>\n\n\n\n<p>Ulteriori informazioni possono essere richieste presso l\u2019Ufficio Servizi Sociali, tramite mail all\u2019indirizzo <strong>federica.bandinu@comune.sestu.ca.it<\/strong>, e telefonicamente al n. 070\/2360209.<\/p>\n\n\n\n<p><\/p>\n\n\n\n<p class=\"has-medium-font-size\"><strong><a href=\"http:\/\/at.comune.sestu.ca.it\/index.php\/servizi\/politiche-sociali\/l-431-98-art-11-contributi-per-il-sostegno-alla-locazione-anno-2021\/\">L. 431\/98 art. 11 \u2013 Contributi per il sostegno alla locazione \u2013 anno 2021<\/a><\/strong><\/p>\n\n\n\n<p>Con determinazione n. 1228 del 11\/11\/2021 sono state avviate le procedure per l\u2019individuazione dei beneficiari dei contributi per il sostegno alla locazione di cui all\u2019art. 11 della L. 431\/98.1\/98<\/p>\n\n\n\n<p>Il Bando e la modulistica sono disponibili nella sezione allegati.<\/p>\n\n\n\n<p>I soggetti in possesso dei requisiti di cui al Bando potranno presentare domanda esclusivamente con il modulo predisposto dagli uffici da consegnare, unitamente a tutta la documentazione prevista, all\u2019ufficio Protocollo del Comune, dal luned\u00ec al venerd\u00ec dalle ore 10.30 alle ore 13:00 e il marted\u00ec e gioved\u00ec pomeriggio dalle 16.00 alle 18.00.<\/p>\n\n\n\n<p>Le istanze potranno essere trasmesse anche da PEC personale all\u2019indirizzo&nbsp;<a href=\"mailto:protocollo.sestu@pec.it\">protocollo.sestu@pec.it<\/a>&nbsp;indicando il seguente oggetto: \u201c<strong>L. 431\/98 \u2013 Domanda contributo<\/strong><a><strong>&nbsp;<\/strong><\/a><strong>per il sostegno alla locazione \u2013 anno 2021<\/strong>\u201d.<\/p>\n\n\n\n<p>Indipendentemente dalla modalit\u00e0 di trasmissione, le istanze dovranno pervenire,&nbsp;<strong><u>a pena di esclusione, entro e non oltre le ore 13,00 del 29 novembre 2021<\/u><\/strong>. Le domande presentate dopo tale termine non saranno prese in considerazione.<\/p>\n","protected":false},"excerpt":{"rendered":"<p>L. 431\/98 art.<\/p>\n","protected":false},"author":1,"featured_media":0,"parent":4506,"menu_order":1,"comment_status":"closed","ping_status":"closed","template":"","meta":[],"_links":{"self":[{"href":"https:\/\/at.comune.sestu.ca.it\/index.php\/wp-json\/wp\/v2\/pages\/18570"}],"collection":[{"href":"https:\/\/at.comune.sestu.ca.it\/index.php\/wp-json\/wp\/v2\/pages"}],"about":[{"href":"https:\/\/at.comune.sestu.ca.it\/index.php\/wp-json\/wp\/v2\/types\/page"}],"author":[{"embeddable":true,"href":"https:\/\/at.comune.sestu.ca.it\/index.php\/wp-json\/wp\/v2\/users\/1"}],"replies":[{"embeddable":true,"href":"https:\/\/at.comune.sestu.ca.it\/index.php\/wp-json\/wp\/v2\/comments?post=18570"}],"version-history":[{"count":17,"href":"https:\/\/at.comune.sestu.ca.it\/index.php\/wp-json\/wp\/v2\/pages\/18570\/revisions"}],"predecessor-version":[{"id":18628,"href":"https:\/\/at.comune.sestu.ca.it\/index.php\/wp-json\/wp\/v2\/pages\/18570\/revisions\/18628"}],"up":[{"embeddable":true,"href":"https:\/\/at.comune.sestu.ca.it\/index.php\/wp-json\/wp\/v2\/pages\/4506"}],"wp:attachment":[{"href":"https:\/\/at.comune.sestu.ca.it\/index.php\/wp-json\/wp\/v2\/media?parent=18570"}],"curies":[{"name":"wp","href":"https:\/\/api.w.org\/{rel}","templated":true}]}}