{"id":18894,"date":"2022-04-21T16:54:15","date_gmt":"2022-04-21T14:54:15","guid":{"rendered":"https:\/\/www.comune.sestu.ca.it\/?page_id=18894"},"modified":"2022-06-08T16:02:12","modified_gmt":"2022-06-08T14:02:12","slug":"referendum-12-giugno-2022","status":"publish","type":"page","link":"https:\/\/at.comune.sestu.ca.it\/index.php\/servizi\/elezioni-e-referendum\/elezioni-e-referendum-2022\/referendum-12-giugno-2022\/","title":{"rendered":"Referendum Costituzionale 12 giugno 2022"},"content":{"rendered":"\n<div style=\"height:54px\" aria-hidden=\"true\" class=\"wp-block-spacer\"><\/div>\n\n\n\n<p class=\"has-text-align-center\"><strong>IL SINDACO RENDE NOTO<\/strong><\/p>\n\n\n\n<p>che, con decreti del Presidente della Repubblica del 6 aprile 2022, pubblicati nella Gazzetta Ufficiale &#8211; Serie Generale n. 82 del 7 aprile 2022, sono stati convocati per il giorno di domenica <strong>12 giugno 2022<\/strong> i comizi per lo svolgimento dei seguenti referendum popolari:<\/p>\n\n\n\n<ol><li><strong>REFERENDUM POPOLARE N. 1<\/strong> &#8211; Abrogazione del Testo unico delle disposizioni in materia di incandidabilit\u00e0 e di divieto di ricoprire cariche elettive e di Governo conseguenti a sentenze definitive di condanna per delitti non colposi<\/li><li><strong>REFERENDUM POPOLARE N. 2<\/strong> &#8211; Limitazione delle misure cautelari: abrogazione dell\u2019ultimo inciso dell\u2019art. 274, comma 1, lettera c), codice di procedura penale, in materia di misure cautelari e, segnatamente, di esigenze cautelari, nel processo penale<\/li><li><strong>REFERENDUM POPOLARE N. 3<\/strong> &#8211; Separazione delle funzioni dei magistrati. Abrogazione delle norme in materia di ordinamento giudiziario che consentono il passaggio dalle funzioni giudicanti a quelle requirenti e viceversa nella carriera dei magistrati<\/li><li><strong>REFERENDUM POPOLARE N. 4<\/strong> &#8211; Partecipazione dei membri laici a tutte le deliberazioni del Consiglio direttivo della Corte di cassazione e dei consigli giudiziari. Abrogazione di norme in materia di composizione del Consiglio direttivo della Corte di cassazione e dei consigli giudiziari e delle competenze dei membri laici che ne fanno parte<\/li><li><strong>REFERENDUM POPOLARE N. 5<\/strong> &#8211; Abrogazione di norme in materia di elezioni dei componenti togati del Consiglio superiore della magistratura<\/li><\/ol>\n\n\n\n<p class=\"has-text-align-center\"><strong>LA VOTAZIONE SI SVOLGER\u00c0 DOMENICA 12 GIUGNO 2022 DALLE ORE 7 ALLE ORE 23.<\/strong><\/p>\n\n\n\n<p class=\"has-text-align-center\">L\u2019ELETTORE, PER VOTARE, DEVE ESIBIRE AL PRESIDENTE DI SEGGIO<br>LA TESSERA ELETTORALE PERSONALE (O UN ATTESTATO SOSTITUTIVO)<br>E UN DOCUMENTO DI RICONOSCIMENTO<\/p>\n\n\n\n<div style=\"height:44px\" aria-hidden=\"true\" class=\"wp-block-spacer\"><\/div>\n\n\n\n<p><strong><u>REFERENDUM POPOLARE N. 1<\/u><\/strong> (<a href=\"http:\/\/at.comune.sestu.ca.it\/wp-content\/uploads\/2022\/06\/referendum2022-fac-simile-quesito1.pdf\" data-type=\"URL\" data-id=\"http:\/\/at.comune.sestu.ca.it\/wp-content\/uploads\/2022\/06\/referendum2022-fac-simile-quesito1.pdf\" target=\"_blank\" rel=\"noreferrer noopener\">fac simile quesito 1<\/a>)<\/p>\n\n\n\n<p><strong>Abrogazione del Testo unico delle disposizioni in materia di incandidabilit\u00e0 e di divieto di ricoprire cariche elettive e di Governo conseguenti a sentenze definitive di condanna per delitti non colposi.<\/strong><\/p>\n\n\n\n<p>Volete voi che sia abrogato il decreto legislativo 31 dicembre 2012, n. 235 (Testo unico delle disposizioni in materia di incandidabilit\u00e0 e di divieto di ricoprire cariche elettive e di Governo conseguenti a sentenze definitive di condanna per delitti non colposi, a norma dell\u2019articolo 1, comma 63, della legge 6 novembre 2012, n. 190)?<\/p>\n\n\n\n<p><strong><u>REFERENDUM POPOLARE N. 2<\/u><\/strong> (<a href=\"http:\/\/at.comune.sestu.ca.it\/wp-content\/uploads\/2022\/06\/referendum2022-fac-simile-quesito2.pdf\" data-type=\"URL\" data-id=\"http:\/\/at.comune.sestu.ca.it\/wp-content\/uploads\/2022\/06\/referendum2022-fac-simile-quesito2.pdf\" target=\"_blank\" rel=\"noreferrer noopener\">fac simile quesito 2<\/a>) <\/p>\n\n\n\n<p><strong>Limitazione delle misure cautelari: abrogazione dell\u2019ultimo inciso dell\u2019art. 274, comma 1, lettera c), codice di procedura penale, in materia di misure cautelari e, segnatamente, di esigenze cautelari, nel processo penale.<\/strong><\/p>\n\n\n\n<p>Volete voi che sia abrogato il decreto del Presidente della Repubblica 22 settembre 1988, n. 447 (Approvazione del codice di procedura penale) risultante dalle modificazioni e integrazioni successivamente apportate, limitatamente alla seguente parte: art. 274, comma 1, lettera c), limitatamente alle parole: \u201co della stessa specie di quello per cui si procede. Se il pericolo riguarda la commissione di delitti della stessa specie di quello per cui si procede, le misure di custodia cautelare sono disposte soltanto se trattasi di delitti per i quali \u00e8 prevista la pena della reclusione non inferiore nel massimo a quattro anni ovvero, in caso di custodia cautelare in carcere, di delitti per i quali \u00e8 prevista la pena della reclusione non inferiore nel massimo a cinque anni nonch\u00e9 per il delitto di finanziamento illecito dei partiti di cui all\u2019art. 7 della legge 2 maggio 1974, n. 195 e successive modificazioni.\u201d?<\/p>\n\n\n\n<p><strong><u>REFERENDUM POPOLARE N. 3<\/u><\/strong>  (<a href=\"http:\/\/at.comune.sestu.ca.it\/wp-content\/uploads\/2022\/06\/referendum2022-fac-simile-quesito3.pdf\" data-type=\"URL\" data-id=\"http:\/\/at.comune.sestu.ca.it\/wp-content\/uploads\/2022\/06\/referendum2022-fac-simile-quesito3.pdf\" target=\"_blank\" rel=\"noreferrer noopener\">fac simile quesito 3<\/a>) <\/p>\n\n\n\n<p><strong>Separazione delle funzioni dei magistrati. Abrogazione delle norme in materia di ordinamento giudiziario che consentono il passaggio dalle funzioni giudicanti a quelle requirenti e viceversa nella carriera dei magistrati.<\/strong><\/p>\n\n\n\n<p>Volete voi che siano abrogati: l\u2019\u201cOrdinamento giudiziario\u201d approvato con regio decreto 30 gennaio 1941, n. 12, risultante dalle modificazioni e integrazioni ad esso successivamente apportate, limitatamente alla seguente parte: art. 192, comma 6, limitatamente alle parole: \u201c, salvo che per tale passaggio esista il parere favorevole del Consiglio superiore della magistratura\u201d; la legge 4 gennaio 1963, n. 1 (Disposizioni per l\u2019aumento degli organici della Magistratura e per le promozioni), nel testo risultante dalle modificazioni e integrazioni ad essa successivamente apportate, limitatamente alla seguente parte: art. 18, comma 3: \u201cLa Commissione di scrutinio dichiara, per ciascun magistrato scrutinato, se \u00e8 idoneo a funzioni direttive, se \u00e8 idoneo alle funzioni giudicanti o alle requirenti o ad entrambe, ovvero alle une a preferenza delle altre\u201d; il decreto legislativo 30 gennaio 2006, n. 26, recante \u00abIstituzione della Scuola superiore della magistratura, nonch\u00e9 disposizioni in tema di tirocinio e formazione degli uditori giudiziari, aggiornamento professionale e formazione dei magistrati, a norma dell\u2019art. 1, comma 1, lettera b), della legge 25 luglio 2005, n. 150\u00bb, nel testo risultante dalle modificazioni e integrazioni ad esso successivamente apportate, limitatamente alla seguente parte: art. 23, comma 1, limitatamente alle parole: \u201cnonch\u00e9 per il passaggio dalla funzione giudicante a quella requirente e viceversa\u201d; il decreto legislativo 5 aprile 2006, n. 160, recante \u201cNuova disciplina dell\u2019accesso in magistratura, nonch\u00e9 in materia di progressione economica e di funzioni dei magistrati, a norma dell\u2019art. 1, comma 1, lettera a), della legge 25 luglio 2005, n. 150\u201d, nel testo risultante dalle modificazioni e integrazioni ad esso successivamente apportate, in particolare dall\u2019art. 2, comma 4 della legge 30 luglio 2007, n. 111 e dall\u2019art. 3-bis, comma 4, lettera b) del decreto-legge 29 dicembre 2009, n. 193, convertito, con modificazioni, in legge 22 febbraio 2010, n. 24, limitatamente alle seguenti parti: art. 11, comma 2, limitatamente alle parole: \u201criferita a periodi in cui il magistrato ha svolto funzioni giudicanti o requirenti\u201d; art. 13, riguardo alla rubrica del medesimo, limitatamente alle parole: \u201ce passaggio dalle funzioni giudicanti a quelle requirenti e viceversa\u201d; art. 13, comma 1, limitatamente alle parole: \u201cil passaggio dalle funzioni giudicanti a quelle requirenti,\u201d; art. 13, comma 3: \u201c3. Il passaggio da funzioni giudicanti a funzioni requirenti, e viceversa, non \u00e8 consentito all\u2019interno dello stesso distretto, n\u00e9 all\u2019interno di altri distretti della stessa regione, n\u00e9 con riferimento al capoluogo del distretto di corte di appello determinato ai sensi dell\u2019art. 11 del codice di procedura penale in relazione al distretto nel quale il magistrato presta servizio all\u2019atto del mutamento di funzioni. Il passaggio di cui al presente comma pu\u00f2 essere richiesto dall\u2019interessato, per non pi\u00f9 di quattro volte nell\u2019arco dell\u2019intera carriera, dopo aver svolto almeno cinque anni di servizio continuativo nella funzione esercitata ed \u00e8 disposto a seguito di procedura concorsuale, previa partecipazione ad un corso di qualificazione professionale, e subordinatamente ad un giudizio di idoneit\u00e0 allo svolgimento delle diverse funzioni, espresso dal Consiglio superiore della magistratura previo parere del consiglio giudiziario. Per tale giudizio di idoneit\u00e0 il consiglio giudiziario deve acquisire le osservazioni del presidente della corte di appello o del procuratore generale presso la medesima corte a seconda che il magistrato eserciti funzioni giudicanti o requirenti. Il presidente della corte di appello o il procuratore generale presso la stessa corte, oltre agli elementi forniti dal capo dell\u2019ufficio, possono acquisire anche le osservazioni del presidente del consiglio dell\u2019ordine degli avvocati e devono indicare gli elementi di fatto sulla base dei quali hanno espresso la valutazione di idoneit\u00e0. Per il passaggio dalle funzioni giudicanti di legittimit\u00e0 alle funzioni requirenti di legittimit\u00e0, e viceversa, le disposizioni del secondo e terzo periodo si applicano sostituendo al consiglio giudiziario il Consiglio direttivo della Corte di cassazione, nonch\u00e9 sostituendo al presidente della corte d\u2019appello e al procuratore generale presso la medesima, rispettivamente, il primo presidente della Corte di cassazione e il procuratore generale presso la medesima.\u201d; art. 13, comma 4: \u201c4. Ferme restando tutte le procedure previste dal comma 3, il solo divieto di passaggio da funzioni giudicanti a funzioni requirenti, e viceversa, all\u2019interno dello stesso distretto, all\u2019interno di altri distretti della stessa regione e con riferimento al capoluogo del distretto di corte d\u2019appello determinato ai sensi dell\u2019art. 11 del codice di procedura penale in relazione al distretto nel quale il magistrato presta servizio all\u2019atto del mutamento di funzioni, non si applica nel caso in cui il magistrato che chiede il passaggio a funzioni requirenti abbia svolto negli ultimi cinque anni funzioni esclusivamente civili o del lavoro ovvero nel caso in cui il magistrato chieda il passaggio da funzioni requirenti a funzioni giudicanti civili o del lavoro in un ufficio giudiziario diviso in sezioni, ove vi siano posti vacanti, in una sezione che tratti esclusivamente affari civili o del lavoro. Nel primo caso il magistrato non pu\u00f2 essere destinato, neppure in qualit\u00e0 di sostituto, a funzioni di natura civile o miste prima del successivo trasferimento o mutamento di funzioni. Nel secondo caso il magistrato non pu\u00f2 essere destinato, neppure in qualit\u00e0 di sostituto, a funzioni di natura penale o miste prima del successivo trasferimento o mutamento di funzioni. In tutti i predetti casi il tramutamento di funzioni pu\u00f2 realizzarsi soltanto in un diverso circondario ed in una diversa provincia rispetto a quelli di provenienza. Il tramutamento di secondo grado pu\u00f2 avvenire soltanto in un diverso distretto rispetto a quello di provenienza. La destinazione alle funzioni giudicanti civili o del lavoro del magistrato che abbia esercitato funzioni requirenti deve essere espressamente indicata nella vacanza pubblicata dal Consiglio superiore della magistratura e nel relativo provvedimento di trasferimento.\u201d; art. 13, comma 5: \u201c5. Per il passaggio da funzioni giudicanti a funzioni requirenti, e viceversa, l\u2019anzianit\u00e0 di servizio \u00e8 valutata unitamente alle attitudini specifiche desunte dalle valutazioni di professionalit\u00e0 periodiche.\u201d; art. 13, comma 6: \u201c6. Le limitazioni di cui al comma 3 non operano per il conferimento delle funzioni di legittimit\u00e0 di cui all\u2019art. 10, commi 15 e 16, nonch\u00e9, limitatamente a quelle relative alla sede di destinazione, anche per le funzioni di legittimit\u00e0 di cui ai commi 6 e 14 dello stesso art. 10, che comportino il mutamento da giudicante a requirente e viceversa.\u201d; il decreto-legge 29 dicembre 2009, n. 193, convertito, con modificazioni, in legge 22 febbraio 2010, n. 24 (Interventi urgenti in materia di funzionalit\u00e0 del sistema giudiziario), nel testo risultante dalle modificazioni e integrazioni ad essa successivamente apportate, limitatamente alla seguente parte: art. 3, comma 1, limitatamente alle parole: \u201cIl trasferimento d\u2019ufficio dei magistrati di cui al primo periodo del presente comma pu\u00f2 essere disposto anche in deroga al divieto di passaggio da funzioni giudicanti a funzioni requirenti e viceversa, previsto dall\u2019art. 13, commi 3 e 4, del decreto legislativo 5 aprile 2006, n. 160.\u201d?<\/p>\n\n\n\n<p><strong><u>REFERENDUM POPOLARE N. 4<\/u><\/strong>  (<a href=\"http:\/\/at.comune.sestu.ca.it\/wp-content\/uploads\/2022\/06\/referendum2022-fac-simile-quesito4.pdf\" data-type=\"URL\" data-id=\"http:\/\/at.comune.sestu.ca.it\/wp-content\/uploads\/2022\/06\/referendum2022-fac-simile-quesito4.pdf\" target=\"_blank\" rel=\"noreferrer noopener\">fac simile quesito 4<\/a>) <\/p>\n\n\n\n<p><strong>Partecipazione dei membri laici a tutte le deliberazioni del Consiglio direttivo della Corte di cassazione e dei consigli giudiziari. Abrogazione di norme in materia di composizione del Consiglio direttivo della Corte di cassazione e dei consigli giudiziari e delle competenze dei membri laici che ne fanno parte.<\/strong><\/p>\n\n\n\n<p>Volete voi che sia abrogato il decreto legislativo 27 gennaio 2006, n. 25, recante \u00abIstituzione del Consiglio direttivo della Corte di cassazione e nuova disciplina dei consigli giudiziari, a norma dell\u2019art. 1, comma 1, lettera c) della legge 25 luglio 2005, n. 150\u00bb, risultante dalle modificazioni e integrazioni successivamente apportate, limitatamente alle seguenti parti: art. 8, comma 1, limitatamente alle parole \u201cesclusivamente\u201d e \u201crelative all\u2019esercizio delle competenze di cui all\u2019art. 7, comma 1, lettera a)\u201d; art. 16, comma 1, limitatamente alle parole: \u201cesclusivamente\u201d e \u201crelative all\u2019esercizio delle competenze di cui all\u2019art. 15, comma 1, lettere a), d) ed e)\u201d?<\/p>\n\n\n\n<p><strong><u>REFERENDUM POPOLARE N. 5<\/u><\/strong>  (<a href=\"http:\/\/at.comune.sestu.ca.it\/wp-content\/uploads\/2022\/06\/referendum2022-fac-simile-quesito5.pdf\" data-type=\"URL\" data-id=\"http:\/\/at.comune.sestu.ca.it\/wp-content\/uploads\/2022\/06\/referendum2022-fac-simile-quesito5.pdf\" target=\"_blank\" rel=\"noreferrer noopener\">fac simile quesito 5<\/a>) <\/p>\n\n\n\n<p><strong>Abrogazione di norme in materia di elezioni dei componenti togati del Consiglio superiore della magistratura.<\/strong><\/p>\n\n\n\n<p>Volete voi che sia abrogata la legge 24 marzo 1958, n. 195 (Norme sulla costituzione e sul funzionamento del Consiglio superiore della magistratura), nel testo risultante dalle modificazioni e integrazioni ad esso successivamente apportate, limitatamente alla seguente parte: art. 25, comma 3, limitatamente alle parole \u201cunitamente ad una lista di magistrati presentatori non inferiore a venticinque e non superiore a cinquanta. I magistrati presentatori non possono presentare pi\u00f9 di una candidatura in ciascuno dei collegi di cui al comma 2 dell\u2019art. 23, n\u00e9 possono candidarsi a loro volta\u201d?<\/p>\n\n\n\n<div style=\"height:80px\" aria-hidden=\"true\" class=\"wp-block-spacer\"><\/div>\n\n\n<ul class=\"wp-block-latest-posts__list wp-block-latest-posts\"><li><a class=\"wp-block-latest-posts__post-title\" href=\"https:\/\/at.comune.sestu.ca.it\/index.php\/2022\/06\/13\/referendum-abrogativi-del-12-giugno-2022-prospetto-dei-risultati\/\">Referendum Abrogativi del 12 giugno 2022 &#8211; Prospetto dei risultati<\/a><div class=\"wp-block-latest-posts__post-excerpt\">In questa pagina \u00e8 possibile consultare i&nbsp;risultati&nbsp;elettorali del&nbsp;Referendum&nbsp;del 12 giugno 2022 dopo lo spoglio e le affluenze al voto nelle varie sezioni comunali.<\/div><\/li>\n<li><a class=\"wp-block-latest-posts__post-title\" href=\"https:\/\/at.comune.sestu.ca.it\/index.php\/2022\/06\/10\/referendum-abrogativi-del-12-giugno-2022-orari-ufficio-elettorale-per-il-rilascio-delle-tessere-elettorali\/\">Referendum Abrogativi del 12 giugno 2022 &#8211; Orari Ufficio Elettorale per il rilascio delle tessere elettorali<\/a><div class=\"wp-block-latest-posts__post-excerpt\">Si invitano i cittadini sprovvisti di tessera elettorale al ritiro della stessa in occasione della consultazione referendaria del 12 giugno 2022.<\/div><\/li>\n<li><a class=\"wp-block-latest-posts__post-title\" href=\"https:\/\/at.comune.sestu.ca.it\/index.php\/2022\/05\/23\/referendum-abrogativi-del-12-giugno-2022-voto-domiciliare-per-gli-elettori-sottoposti-a-trattamento-domiciliare-o-in-condizioni-di-isolamento-per-covid-19\/\">Referendum abrogativi del 12 giugno 2022. Voto domiciliare per gli elettori sottoposti a trattamento domiciliare o in condizioni di isolamento per COVID-19<\/a><div class=\"wp-block-latest-posts__post-excerpt\">L\u2019articolo 4, comma 1, del Decreto Legge 4 maggio 2022, n.<\/div><\/li>\n<li><a class=\"wp-block-latest-posts__post-title\" href=\"https:\/\/at.comune.sestu.ca.it\/index.php\/2022\/05\/20\/referendum-abrogativi-del-12-giugno-2022-nomina-scrutatori\/\">Referendum abrogativi del 12 giugno 2022. Nomina scrutatori<\/a><div class=\"wp-block-latest-posts__post-excerpt\">Pubblicato l&#8217;elenco degli scrutatori nominati dalla Commissione elettorale comunale nella seduta del 19 maggio 2022 che saranno destinati agli uffici elettorali di sezione per lo svolgimento delle consultazioni referendarie che si terranno domenica 12 giugno 2022.<\/div><\/li>\n<li><a class=\"wp-block-latest-posts__post-title\" href=\"https:\/\/at.comune.sestu.ca.it\/index.php\/2022\/05\/17\/referendum-abrogativi-del-12-giugno-2022-sorteggio-scrutatori\/\">Referendum abrogativi del 12 giugno 2022. Sorteggio scrutatori<\/a><div class=\"wp-block-latest-posts__post-excerpt\">Si rende noto ai cittadini interessati che la Commissione elettorale comunale \u00e8 convocata nella sede del comune, in pubblica adunanza, per il giorno 19 maggio 2022, alle ore 16:00 per procedere alla nomina degli scrutatori che saranno destinati agli uffici elettorali di sezione per lo svolgimento delle consultazioni referendarie che si terranno domenica 12 giugno 2022.<\/div><\/li>\n<\/ul>","protected":false},"excerpt":{"rendered":"<p>IL SINDACO RENDE NOTO che, con decreti del Presidente della Repubblica del 6 aprile 2022, pubblicati nella Gazzetta Ufficiale &#8211; Serie Generale n.<\/p>\n","protected":false},"author":16,"featured_media":0,"parent":18890,"menu_order":2,"comment_status":"closed","ping_status":"closed","template":"","meta":[],"_links":{"self":[{"href":"https:\/\/at.comune.sestu.ca.it\/index.php\/wp-json\/wp\/v2\/pages\/18894"}],"collection":[{"href":"https:\/\/at.comune.sestu.ca.it\/index.php\/wp-json\/wp\/v2\/pages"}],"about":[{"href":"https:\/\/at.comune.sestu.ca.it\/index.php\/wp-json\/wp\/v2\/types\/page"}],"author":[{"embeddable":true,"href":"https:\/\/at.comune.sestu.ca.it\/index.php\/wp-json\/wp\/v2\/users\/16"}],"replies":[{"embeddable":true,"href":"https:\/\/at.comune.sestu.ca.it\/index.php\/wp-json\/wp\/v2\/comments?post=18894"}],"version-history":[{"count":5,"href":"https:\/\/at.comune.sestu.ca.it\/index.php\/wp-json\/wp\/v2\/pages\/18894\/revisions"}],"predecessor-version":[{"id":19539,"href":"https:\/\/at.comune.sestu.ca.it\/index.php\/wp-json\/wp\/v2\/pages\/18894\/revisions\/19539"}],"up":[{"embeddable":true,"href":"https:\/\/at.comune.sestu.ca.it\/index.php\/wp-json\/wp\/v2\/pages\/18890"}],"wp:attachment":[{"href":"https:\/\/at.comune.sestu.ca.it\/index.php\/wp-json\/wp\/v2\/media?parent=18894"}],"curies":[{"name":"wp","href":"https:\/\/api.w.org\/{rel}","templated":true}]}}