{"id":190,"date":"2018-11-26T14:13:46","date_gmt":"2018-11-26T13:13:46","guid":{"rendered":"http:\/\/192.168.10.215\/wordpress\/?page_id=190"},"modified":"2023-01-10T11:07:16","modified_gmt":"2023-01-10T10:07:16","slug":"regolamento-del-consiglio","status":"publish","type":"page","link":"https:\/\/at.comune.sestu.ca.it\/index.php\/amministrazione\/organi-di-governo\/il-consiglio\/regolamento-del-consiglio\/","title":{"rendered":"Regolamento del Consiglio"},"content":{"rendered":"\n<p>\n\nIl funzionamento del Consiglio comunale \u00e8 disciplinato dal Regolamento in conformit\u00e0 alle norme di legge e del presente Statuto, con criteri di efficacia e puntualit\u00e0.\n\n<\/p>\n","protected":false},"excerpt":{"rendered":"<p>Il funzionamento del Consiglio comunale \u00e8 disciplinato dal Regolamento in conformit\u00e0 alle norme di legge e del presente Statuto, con criteri di efficacia e puntualit\u00e0.<\/p>\n","protected":false},"author":1,"featured_media":0,"parent":160,"menu_order":0,"comment_status":"closed","ping_status":"closed","template":"","meta":[],"_links":{"self":[{"href":"https:\/\/at.comune.sestu.ca.it\/index.php\/wp-json\/wp\/v2\/pages\/190"}],"collection":[{"href":"https:\/\/at.comune.sestu.ca.it\/index.php\/wp-json\/wp\/v2\/pages"}],"about":[{"href":"https:\/\/at.comune.sestu.ca.it\/index.php\/wp-json\/wp\/v2\/types\/page"}],"author":[{"embeddable":true,"href":"https:\/\/at.comune.sestu.ca.it\/index.php\/wp-json\/wp\/v2\/users\/1"}],"replies":[{"embeddable":true,"href":"https:\/\/at.comune.sestu.ca.it\/index.php\/wp-json\/wp\/v2\/comments?post=190"}],"version-history":[{"count":2,"href":"https:\/\/at.comune.sestu.ca.it\/index.php\/wp-json\/wp\/v2\/pages\/190\/revisions"}],"predecessor-version":[{"id":23513,"href":"https:\/\/at.comune.sestu.ca.it\/index.php\/wp-json\/wp\/v2\/pages\/190\/revisions\/23513"}],"up":[{"embeddable":true,"href":"https:\/\/at.comune.sestu.ca.it\/index.php\/wp-json\/wp\/v2\/pages\/160"}],"wp:attachment":[{"href":"https:\/\/at.comune.sestu.ca.it\/index.php\/wp-json\/wp\/v2\/media?parent=190"}],"curies":[{"name":"wp","href":"https:\/\/api.w.org\/{rel}","templated":true}]}}