{"id":19507,"date":"2022-06-01T11:19:16","date_gmt":"2022-06-01T09:19:16","guid":{"rendered":"https:\/\/www.comune.sestu.ca.it\/?page_id=19507"},"modified":"2023-05-25T15:16:37","modified_gmt":"2023-05-25T13:16:37","slug":"consiglio-comunale-09-giugno-2022","status":"publish","type":"page","link":"https:\/\/at.comune.sestu.ca.it\/index.php\/amministrazione\/organi-di-governo\/il-consiglio\/convocazioni-e-verbali\/convocazioni-e-verbali-anno-2022\/consiglio-comunale-09-giugno-2022\/","title":{"rendered":"Consiglio comunale 09 Giugno 2022"},"content":{"rendered":"\n<div style=\"height:36px\" aria-hidden=\"true\" class=\"wp-block-spacer\"><\/div>\n\n\n\n<p>Il Consiglio comunale \u00e8 convocato in seduta straordinaria di prima convocazione per il giorno <strong>Gioved\u00ec 09 Giugno 2022<\/strong>, alle ore 18:30,<strong> <\/strong>e in seconda convocazione per il giorno <strong>Luned\u00ec  13 Giugno 2022<\/strong>, alle ore 18:30,  presso l\u2019aula consiliare del Comune.<\/p>\n\n\n\n<p>Ordine del giorno:<\/p>\n\n\n\n<p><\/p>\n\n\n\n<ol>\n<li>Ratifica Delibera Giunta Comunale n. 57 del 21\/04\/2022 -&#8221; Variazione d&#8217;urgenza al Bilancio di Previsione Finanziario 2022\/2024 &#8211; (Art. 175, comma 4, del D.Lgs. n. 267\/2000)&#8221;.<\/li>\n\n\n\n<li>Adesione Stazione Unica Appaltante Citt\u00e0 Metropolitana Cagliari &#8211; approvazione schema di convenzione.<\/li>\n\n\n\n<li>Modifiche al Regolamento della Compagnia Barracellare.<\/li>\n\n\n\n<li>Lavori di &#8220;Realizzazione strada di collegamento tra la via Franklin e la via Tripoli&#8221; CUP: H41B20000470004 &#8211; Approvazione variante urbanistica art. 20 L.R. 45\/89 e apposizione vincolo preordinato all&#8217;esproprio art. 9 DPR 327\/01 in esecuzione della delibera C.C. n. 1\/2022.<\/li>\n\n\n\n<li>Trasformazione del diritto di superficie in diritto di propriet\u00e0 e affrancazione vincoli nel Piano di Zona di Via Verdi.<\/li>\n\n\n\n<li>Approvazione ai sensi dell&#8217;art. 21 comma 2 bis della L.R. 45\/89 della variante non sostanziale al piano di lottizzazione in zona C1 di espansione residenziale, sottozona C1, denominato &#8220;Zanda Miranda e pi\u00f9&#8221; prospiciente la Via Europa<\/li>\n\n\n\n<li>Piano di lottizzazione in zona G1* proponente Pisano Arredamenti SpA-dichiarazione di decadenza del piano attuativo e di ogni atto e\/o titolo edilizio conseguente e contestuale decadenza della zona G1* e relativo quadro normativo &#8211; retrocessione terreni costituenti la cessione operata in sede di convenzionamento del piano attuativo.<\/li>\n\n\n\n<li>Adozione di variante al Programma Integrato &#8220;Dedalo&#8221; ai sensi dell&#8217;art. 20 e 21 della L.R. 45\/89 e ss.mm.ii.<\/li>\n<\/ol>\n\n\n\n<p> <\/p>\n\n\n\n<p>IL PRESIDENTE: Antonio Manca<\/p>\n\n\n\n<div style=\"height:54px\" aria-hidden=\"true\" class=\"wp-block-spacer\"><\/div>\n\n\n\n<p>I verbali delle sedute sono consultabili in allegato non appena disponibili.<\/p>\n","protected":false},"excerpt":{"rendered":"<p>Il Consiglio comunale \u00e8 convocato in seduta straordinaria di prima convocazione per il giorno Gioved\u00ec 09 Giugno 2022, alle ore 18:30, e in seconda convocazione per il giorno Luned\u00ec 13 Giugno 2022, alle ore 18:30, presso l\u2019aula consiliare del Comune.<\/p>\n","protected":false},"author":34,"featured_media":0,"parent":18085,"menu_order":-4,"comment_status":"closed","ping_status":"closed","template":"","meta":[],"_links":{"self":[{"href":"https:\/\/at.comune.sestu.ca.it\/index.php\/wp-json\/wp\/v2\/pages\/19507"}],"collection":[{"href":"https:\/\/at.comune.sestu.ca.it\/index.php\/wp-json\/wp\/v2\/pages"}],"about":[{"href":"https:\/\/at.comune.sestu.ca.it\/index.php\/wp-json\/wp\/v2\/types\/page"}],"author":[{"embeddable":true,"href":"https:\/\/at.comune.sestu.ca.it\/index.php\/wp-json\/wp\/v2\/users\/34"}],"replies":[{"embeddable":true,"href":"https:\/\/at.comune.sestu.ca.it\/index.php\/wp-json\/wp\/v2\/comments?post=19507"}],"version-history":[{"count":2,"href":"https:\/\/at.comune.sestu.ca.it\/index.php\/wp-json\/wp\/v2\/pages\/19507\/revisions"}],"predecessor-version":[{"id":25796,"href":"https:\/\/at.comune.sestu.ca.it\/index.php\/wp-json\/wp\/v2\/pages\/19507\/revisions\/25796"}],"up":[{"embeddable":true,"href":"https:\/\/at.comune.sestu.ca.it\/index.php\/wp-json\/wp\/v2\/pages\/18085"}],"wp:attachment":[{"href":"https:\/\/at.comune.sestu.ca.it\/index.php\/wp-json\/wp\/v2\/media?parent=19507"}],"curies":[{"name":"wp","href":"https:\/\/api.w.org\/{rel}","templated":true}]}}