{"id":2,"date":"2018-11-20T17:19:06","date_gmt":"2018-11-20T17:19:06","guid":{"rendered":"http:\/\/192.168.10.215\/wordpress\/?page_id=2"},"modified":"2020-01-02T13:36:14","modified_gmt":"2020-01-02T12:36:14","slug":"note-legali","status":"publish","type":"page","link":"https:\/\/at.comune.sestu.ca.it\/index.php\/note-legali\/","title":{"rendered":"Note Legali"},"content":{"rendered":"\n<p><strong>Premessa<\/strong><br>Il Comune di Sestu vuole offrire, con questo sito, un&#8217;informazione il pi\u00f9 possibile aggiornata ed accurata.<br>L&#8217;obiettivo \u00e8 quello di aumentare la conoscenza dell&#8217;Ente, migliorare la percezione dell&#8217;attivit\u00e0 svolta dal Comune sui temi prioritari e fornire una visione unitaria e facilmente accessibile della Pubblica Amministrazione.<\/p>\n\n\n\n<p>Il Comune ha inoltre realizzato il sito per aumentare la consapevolezza e la condivisione degli obiettivi da parte dei cittadini. Non si pu\u00f2 garantire che un documento disponibile in linea riproduca esattamente un testo adottato ufficialmente. Pertanto per le informazioni presenti su questo sito, occorre sempre fare riferimento ai testi ufficiali adottati e pubblicati nell&#8217;Albo Pretorio informatico, sul Bollettino Ufficiale della Regione Autonoma della Sardegna, sulla Gazzetta Ufficiale e sugli altri strumenti indicati dalla legge.<br>Il Comune di Sestu non garantisce circa la completezza o esattezza delle informazioni riportate sul proprio sito.&nbsp;I documenti presenti in questo sito possono contenere dettagli tecnici non esatti ed errori tipografici.<\/p>\n\n\n\n<p><strong>Utilizzo del sito<\/strong><br>In nessun caso il Comune di Sestu potr\u00e0 essere ritenuto responsabile dei danni di qualsiasi natura causati direttamente o indirettamente dall&#8217;accesso al sito, dall\u2019incapacit\u00e0 o impossibilit\u00e0 di accedervi o dall&#8217;utilizzo delle notizie in esso contenute. Il Comune di Sestu si riserva il diritto di modificare i contenuti del sito e delle note legali in qualsiasi momento e senza alcun preavviso.<br>Sono consentite citazioni a titolo di cronaca o recensione se accompagnate dall\u2019indicazione \u201cComune di Sestu\u201d e della sua Url.<\/p>\n\n\n\n<p><strong>Creative Commons e Copyright<\/strong><br>I contenuti all&#8217;interno del sito, siano essi testi, suoni, fotografie, video, grafica o software, sono protetti ai sensi delle normative sul diritto d&#8217;autore, sui brevetti e su quelle relative alla propriet\u00e0 intellettuale. Tali contenuti possono essere rilasciati in modalit\u00e0 Copyright, ovvero con tutti i diritti riservati, o in modalit\u00e0 Creative Commons, ovvero con alcuni diritti riservati.<br>Laddove non diversamente specificato, la presenza dei simboli Copyright o Creative Commons identificano in quale delle modalit\u00e0 i contenuti contestuali sono rilasciati.<br>I marchi, le denominazioni e le ditte menzionati all&#8217;interno di questo sito appartengono ai rispettivi proprietari o titolari e possono essere protetti da brevetti e\/o copyright concessi o registrati dalle autorit\u00e0 preposte. Possono quindi essere scaricati o utilizzati solo nelle modalit\u00e0 previste dai diritti stessi, e comunque per uso non commerciale: pertanto nulla, neppure in parte, potr\u00e0 essere riprodotto, modificato o rivenduto per trarne profitto.<\/p>\n\n\n\n<p>Tutti i contenuti, immagini e video di propriet\u00e0 del&nbsp;Comune di Sestu&nbsp;sono rilasciati con le seguenti&nbsp;<a href=\"http:\/\/creativecommons.org\/licenses\/by-nc-sa\/3.0\/it\/\" target=\"_blank\" rel=\"noreferrer noopener\">Creative Commons<\/a>:<\/p>\n\n\n\n<ul><li>attribution (BY): obbligo di citare la fonte.&nbsp;In Italia, vista la&nbsp;normativa vigente, la paternit\u00e0 intellettuale \u00e8 un diritto indisponibile e irrinunciabile per cui il diritto alla paternit\u00e0 \u00e8 riconosciuto automaticamente<\/li><li>non commercial (NC): possibilit\u00e0 di utilizzare l&#8217;opera ma non a scopi commerciali<\/li><li>share alike (SA): chi riutilizza l&#8217;opera deve ridistribuirla con la medesima licenza:&nbsp;in altre parole, ogni contenuto del portale che viene utilizzato su altri siti, deve riportare in questi siti le medesime licenze segnalate nel portale.<\/li><\/ul>\n\n\n\n<p><strong>Accesso a siti esterni collegati<\/strong><br>Il Comune di Sestu non ha alcuna responsabilit\u00e0 per quanto riguarda i siti ai quali \u00e8 possibile accedere tramite i collegamenti posti all\u2019interno del sito stesso, forniti come semplice servizio agli utenti della rete.<br>Il fatto che il&nbsp;Comune di Sestu&nbsp;fornisca questi collegamenti non implica l\u2019approvazione dei siti stessi, sulla cui qualit\u00e0, contenuti e grafica il Comune declina ogni responsabilit\u00e0. Della completezza e precisione delle informazioni sono da ritenersi responsabili i soggetti titolari dei siti ai quali si accede, alle condizioni dagli stessi previste.<\/p>\n\n\n\n<p><strong>Download<\/strong><br>Ogni oggetto presente su questo sito per lo scaricamento (download), come ad esempio documentazione tecnica, normativa, immagini, modulistica etc., salvo diversa indicazione, \u00e8 liberamente e gratuitamente disponibile, purch\u00e9 ne sia specificata la fonte. Tutti i contenuti possono essere utilizzati solo per uso personale e non commerciale. Pertanto nulla pu\u00f2 essere riprodotto, modificato o rivenduto per fini di lucro.<\/p>\n\n\n\n<p><strong>Segnalazione errori<\/strong><\/p>\n\n\n\n<p>Qualora il presente sito dovesse presentare inesattezze, errori ed omissioni nelle informazioni pubblicate, si precisa che il\u00a0Comune di Sestu\u00a0non pu\u00f2 essere ritenuto responsabile se non per i casi previsti dalla legge. Eventuali inesattezze o errori possono essere segnalati dagli utenti all&#8217;indirizzo: <a href=\"mailto:redazioneweb@comune.sestu.ca.it\">redazioneweb@comune.sestu.ca.it<\/a>.\u00a0Il Comune provveder\u00e0 a correggerli il prima possibile.<\/p>\n\n\n\n<p><strong>Virus informatici<\/strong><br>Il Comune di Sestu non garantisce che il sito web sia privo di errori o virus. Il Comune di Sestu ed i suoi collaboratori non sono responsabili per danni subiti dall\u2019utente a causa di tali agenti distruttivi.<\/p>\n\n\n\n<p><strong>Responsabile del procedimento di pubblicazione dei contenuti<\/strong><br>Il sito \u00e8 gestito dal Comune di Sestu; il responsabile del procedimento di pubblicazione e di accessibilit\u00e0 dei contenuti \u00e8 il responsabile pro tempore dell&#8217;Ufficio Sistemi informatici come disposto dalla delibera di Giunta del 31\/12\/2019.<\/p>\n","protected":false},"excerpt":{"rendered":"<p>PremessaIl Comune di Sestu vuole offrire, con questo sito, un&#8217;informazione il pi\u00f9 possibile aggiornata ed accurata.<\/p>\n","protected":false},"author":1,"featured_media":0,"parent":0,"menu_order":0,"comment_status":"closed","ping_status":"open","template":"","meta":[],"_links":{"self":[{"href":"https:\/\/at.comune.sestu.ca.it\/index.php\/wp-json\/wp\/v2\/pages\/2"}],"collection":[{"href":"https:\/\/at.comune.sestu.ca.it\/index.php\/wp-json\/wp\/v2\/pages"}],"about":[{"href":"https:\/\/at.comune.sestu.ca.it\/index.php\/wp-json\/wp\/v2\/types\/page"}],"author":[{"embeddable":true,"href":"https:\/\/at.comune.sestu.ca.it\/index.php\/wp-json\/wp\/v2\/users\/1"}],"replies":[{"embeddable":true,"href":"https:\/\/at.comune.sestu.ca.it\/index.php\/wp-json\/wp\/v2\/comments?post=2"}],"version-history":[{"count":3,"href":"https:\/\/at.comune.sestu.ca.it\/index.php\/wp-json\/wp\/v2\/pages\/2\/revisions"}],"predecessor-version":[{"id":4268,"href":"https:\/\/at.comune.sestu.ca.it\/index.php\/wp-json\/wp\/v2\/pages\/2\/revisions\/4268"}],"wp:attachment":[{"href":"https:\/\/at.comune.sestu.ca.it\/index.php\/wp-json\/wp\/v2\/media?parent=2"}],"curies":[{"name":"wp","href":"https:\/\/api.w.org\/{rel}","templated":true}]}}