{"id":20230,"date":"2022-07-18T11:54:15","date_gmt":"2022-07-18T09:54:15","guid":{"rendered":"https:\/\/www.comune.sestu.ca.it\/?page_id=20230"},"modified":"2023-06-08T13:40:03","modified_gmt":"2023-06-08T11:40:03","slug":"consiglio-comunale-21-luglio-2022","status":"publish","type":"page","link":"https:\/\/at.comune.sestu.ca.it\/index.php\/amministrazione\/organi-di-governo\/il-consiglio\/convocazioni-e-verbali\/convocazioni-e-verbali-anno-2022\/consiglio-comunale-21-luglio-2022\/","title":{"rendered":"Consiglio comunale 21 Luglio 2022"},"content":{"rendered":"\n<div style=\"height:36px\" aria-hidden=\"true\" class=\"wp-block-spacer\"><\/div>\n\n\n\n<p>Il Consiglio comunale \u00e8 convocato in seduta straordinaria di prima convocazione per il giorno <strong>Gioved\u00ec 21 Luglio 2022<\/strong>, alle ore 18:30,<strong> <\/strong>e in seconda convocazione per il giorno <strong>Venerd\u00ec 22 Luglio 2022<\/strong>, alle ore 18:30,  presso l\u2019aula consiliare del Comune.<\/p>\n\n\n\n<p>Ordine del giorno:<\/p>\n\n\n\n<p><\/p>\n\n\n\n<ol>\n<li>Ratifica Delibera Giunta Comunale n. 76 del 25\/05\/2022 -&#8221; Variazione d&#8217;urgenza al Bilancio di Previsione Finanziario 2022\/2024 &#8211; (Art. 175, comma 4, del D.Lgs. n. 267\/2000)&#8221;;<\/li>\n\n\n\n<li>Acquisizione sanante ai sensi dell&#8217;articolo 42 bis del DPR 327\/2001 di terreni in localit\u00e0 San Gemiliano al foglio 4 particelle 45-914 e al foglio 5 particella 22;<\/li>\n\n\n\n<li>Adozione variante al PUC per la modifica dei tasselli di zona &#8220;S&#8221; numeri 24 e 39 e per la rettifica di alcuni errori materiali, ai sensi dell&#8217;articolo 20 commi 25 e 26 della L.R. 45\/89 e ss.mm.ii;<\/li>\n\n\n\n<li>Mozione sulla festa di San Gemiliano &#8220;Sa Festa Manna&#8221; dei sestesi con la proposta di concreti interventi per l&#8217;organizzazione degli eventi, ai sensi dell&#8217;articolo 12 del regolamento;<\/li>\n\n\n\n<li>Mozione sull&#8217;inclusione dei bambini con diabete in ambito scolastico.<\/li>\n<\/ol>\n\n\n\n<p> <\/p>\n\n\n\n<p>IL PRESIDENTE: Antonio Manca<\/p>\n\n\n\n<div style=\"height:54px\" aria-hidden=\"true\" class=\"wp-block-spacer\"><\/div>\n\n\n\n<p>I verbali delle sedute sono consultabili in allegato non appena disponibili.<\/p>\n","protected":false},"excerpt":{"rendered":"<p>Il Consiglio comunale \u00e8 convocato in seduta straordinaria di prima convocazione per il giorno Gioved\u00ec 21 Luglio 2022, alle ore 18:30, e in seconda convocazione per il giorno Venerd\u00ec 22 Luglio 2022, alle ore 18:30, presso l\u2019aula consiliare del Comune.<\/p>\n","protected":false},"author":34,"featured_media":0,"parent":18085,"menu_order":-6,"comment_status":"closed","ping_status":"closed","template":"","meta":[],"_links":{"self":[{"href":"https:\/\/at.comune.sestu.ca.it\/index.php\/wp-json\/wp\/v2\/pages\/20230"}],"collection":[{"href":"https:\/\/at.comune.sestu.ca.it\/index.php\/wp-json\/wp\/v2\/pages"}],"about":[{"href":"https:\/\/at.comune.sestu.ca.it\/index.php\/wp-json\/wp\/v2\/types\/page"}],"author":[{"embeddable":true,"href":"https:\/\/at.comune.sestu.ca.it\/index.php\/wp-json\/wp\/v2\/users\/34"}],"replies":[{"embeddable":true,"href":"https:\/\/at.comune.sestu.ca.it\/index.php\/wp-json\/wp\/v2\/comments?post=20230"}],"version-history":[{"count":2,"href":"https:\/\/at.comune.sestu.ca.it\/index.php\/wp-json\/wp\/v2\/pages\/20230\/revisions"}],"predecessor-version":[{"id":26031,"href":"https:\/\/at.comune.sestu.ca.it\/index.php\/wp-json\/wp\/v2\/pages\/20230\/revisions\/26031"}],"up":[{"embeddable":true,"href":"https:\/\/at.comune.sestu.ca.it\/index.php\/wp-json\/wp\/v2\/pages\/18085"}],"wp:attachment":[{"href":"https:\/\/at.comune.sestu.ca.it\/index.php\/wp-json\/wp\/v2\/media?parent=20230"}],"curies":[{"name":"wp","href":"https:\/\/api.w.org\/{rel}","templated":true}]}}