{"id":20267,"date":"2022-07-26T11:59:12","date_gmt":"2022-07-26T09:59:12","guid":{"rendered":"https:\/\/www.comune.sestu.ca.it\/?page_id=20267"},"modified":"2023-06-08T13:37:42","modified_gmt":"2023-06-08T11:37:42","slug":"consiglio-comunale-02-agosto-2022","status":"publish","type":"page","link":"https:\/\/at.comune.sestu.ca.it\/index.php\/amministrazione\/organi-di-governo\/il-consiglio\/convocazioni-e-verbali\/convocazioni-e-verbali-anno-2022\/consiglio-comunale-02-agosto-2022\/","title":{"rendered":"Consiglio comunale 02 Agosto 2022"},"content":{"rendered":"\n<div style=\"height:36px\" aria-hidden=\"true\" class=\"wp-block-spacer\"><\/div>\n\n\n\n<p>Il Consiglio comunale \u00e8 convocato in seduta ordinaria di prima convocazione per il giorno <strong>Marted\u00ec 02 Agosto 2022<\/strong>, alle ore 18:30,<strong> <\/strong>e in seconda convocazione per il giorno <strong>Gioved\u00ec 04 Agosto 2022<\/strong>, alle ore 18:30,  presso l\u2019aula consiliare del Comune.<\/p>\n\n\n\n<p>Ordine del giorno:<\/p>\n\n\n\n<p><\/p>\n\n\n\n<ol>\n<li>Approvazione del Rendiconto della Gestione per l&#8217;esercizio 2021 ai sensi dell&#8217;art. 227, d.Lgs. n. 267\/2000;<\/li>\n\n\n\n<li>Assestamento Generale di Bilancio e Salvaguardia degli Equilibri per l&#8217;esercizio 2022 ai sensi degli artt. 175, comma 8 e 193 Del D.Lgs. n. 267\/2000;<\/li>\n\n\n\n<li>Mozione sull&#8217;inclusione dei bambini con diabete in ambito scolastico. <\/li>\n<\/ol>\n\n\n\n<p>IL PRESIDENTE: Antonio Manca<\/p>\n\n\n\n<div style=\"height:54px\" aria-hidden=\"true\" class=\"wp-block-spacer\"><\/div>\n\n\n\n<p>I verbali delle sedute sono consultabili in allegato non appena disponibili.<\/p>\n","protected":false},"excerpt":{"rendered":"<p>Il Consiglio comunale \u00e8 convocato in seduta ordinaria di prima convocazione per il giorno Marted\u00ec 02 Agosto 2022, alle ore 18:30, e in seconda convocazione per il giorno Gioved\u00ec 04 Agosto 2022, alle ore 18:30, presso l\u2019aula consiliare del Comune.<\/p>\n","protected":false},"author":34,"featured_media":0,"parent":18085,"menu_order":-7,"comment_status":"closed","ping_status":"closed","template":"","meta":[],"_links":{"self":[{"href":"https:\/\/at.comune.sestu.ca.it\/index.php\/wp-json\/wp\/v2\/pages\/20267"}],"collection":[{"href":"https:\/\/at.comune.sestu.ca.it\/index.php\/wp-json\/wp\/v2\/pages"}],"about":[{"href":"https:\/\/at.comune.sestu.ca.it\/index.php\/wp-json\/wp\/v2\/types\/page"}],"author":[{"embeddable":true,"href":"https:\/\/at.comune.sestu.ca.it\/index.php\/wp-json\/wp\/v2\/users\/34"}],"replies":[{"embeddable":true,"href":"https:\/\/at.comune.sestu.ca.it\/index.php\/wp-json\/wp\/v2\/comments?post=20267"}],"version-history":[{"count":4,"href":"https:\/\/at.comune.sestu.ca.it\/index.php\/wp-json\/wp\/v2\/pages\/20267\/revisions"}],"predecessor-version":[{"id":26028,"href":"https:\/\/at.comune.sestu.ca.it\/index.php\/wp-json\/wp\/v2\/pages\/20267\/revisions\/26028"}],"up":[{"embeddable":true,"href":"https:\/\/at.comune.sestu.ca.it\/index.php\/wp-json\/wp\/v2\/pages\/18085"}],"wp:attachment":[{"href":"https:\/\/at.comune.sestu.ca.it\/index.php\/wp-json\/wp\/v2\/media?parent=20267"}],"curies":[{"name":"wp","href":"https:\/\/api.w.org\/{rel}","templated":true}]}}