{"id":20607,"date":"2022-08-17T13:48:30","date_gmt":"2022-08-17T11:48:30","guid":{"rendered":"https:\/\/www.comune.sestu.ca.it\/?page_id=20607"},"modified":"2023-07-03T14:12:45","modified_gmt":"2023-07-03T12:12:45","slug":"vendita-diretta-imprenditore-agricolo","status":"publish","type":"page","link":"https:\/\/at.comune.sestu.ca.it\/index.php\/servizi\/attivita-produttive-e-commercio\/agricoltura\/vendita-diretta-imprenditore-agricolo\/","title":{"rendered":"Vendita diretta imprenditore agricolo"},"content":{"rendered":"\n<p>Le successive informazioni sono rese a titolo informativo; l\u2019Amministrazione non \u00e8 responsabile per eventuali refusi, imprecisioni, modifiche e novit\u00e0 normative (data aggiornamento scheda: 03\/07\/2023).<\/p>\n\n\n\n<p>Modalit\u00e0 procedimento: Suapee <a href=\"http:\/\/at.comune.sestu.ca.it\/index.php\/vendita-diretta-imprenditore-agricolo-indicazioni-per-la-presentazione-della-pratica-suapee\/\">(indicazioni iter)<\/a><\/p>\n\n\n\n<p>Ufficio competente per materia: Ufficio attivit\u00e0 produttive, commercio e agricoltura Link scheda ufficio indirizzo mail <a href=\"mailto:commercio@comune.sestu.ca.it\">commercio@comune.sestu.ca.it<\/a>.<\/p>\n\n\n\n<p>Gli imprenditori agricoli possono vendere, ai sensi dell\u2019art.4 del D.Lgs n.228 del 18 maggio 2001, direttamente al dettaglio, in tutto il territorio della Repubblica, i prodotti provenienti in misura prevalente dalle rispettive aziende, osservate le disposizioni vigenti in materia di igiene e sanit\u00e0.<\/p>\n\n\n\n<p>Possono altres\u00ec vendere i prodotti agricoli e alimentari, appartenenti ad uno o pi\u00f9 comparti agronomici diversi da quelli dei prodotti della propria azienda, purch\u00e9 direttamente acquistati da altri imprenditori agricoli. Il fatturato derivante dalla vendita dei prodotti provenienti dalle rispettive aziende deve essere prevalente rispetto al fatturato proveniente dal totale dei prodotti acquistati da altri imprenditori agricoli.<\/p>\n\n\n\n<p>La presente disciplina si applica anche nel caso di vendita di prodotti derivati, ottenuti a seguito di attivit\u00e0 di manipolazione o trasformazione dei prodotti agricoli e zootecnici, finalizzate al completo sfruttamento del ciclo produttivo dell&#8217;impresa.<\/p>\n\n\n\n<p>Tipologie di vendita:<\/p>\n\n\n\n<ul>\n<li>vendita sul proprio fondo:<\/li>\n<\/ul>\n\n\n\n<p>l\u2019agricoltore pu\u00f2 esercitare la vendita al dettaglio su superfici all&#8217;aperto nella stessa azienda agricola, vendere i propri prodotti in occasione di sagre, fiere, manifestazioni a carattere religioso, benefico o politico o di promozione dei prodotti tipici o locali e senza obbligo di presentazione della comunicazione di inizio attivit\u00e0;<\/p>\n\n\n\n<ul>\n<li>vendita in forma itinerante:<\/li>\n<\/ul>\n\n\n\n<p>l\u2019agricoltore pu\u00f2 esercitare la vendita diretta dei prodotti agricoli in forma itinerante, la quale \u00e8 soggetta a comunicazione al comune del luogo ove ha sede l&#8217;azienda di produzione e pu\u00f2 essere effettuata a decorrere dalla data di invio della medesima comunicazione;<\/p>\n\n\n\n<ul>\n<li>vendita su area pubblica mediante posteggio:<\/li>\n<\/ul>\n\n\n\n<p>qualora l\u2019agricoltore intenda esercitare la vendita al dettaglio, non in forma itinerante, su aree pubbliche o in locali aperti al pubblico, deve comunicare l\u2019avvio dell\u2019attivit\u00e0 al sindaco del comune in cui si intende esercitare la vendita. Per la vendita al dettaglio su aree pubbliche mediante l&#8217;utilizzo di un posteggio la comunicazione deve contenere la richiesta di assegnazione del posteggio medesimo, ai sensi dell&#8217;art. 28 del decreto legislativo 31 marzo 1998, n. 114;<\/p>\n\n\n\n<ul>\n<li>vendita diretta mediante commercio elettronico:<\/li>\n<\/ul>\n\n\n\n<p>l\u2019agricoltore che voglia esercitare la vendita diretta mediante commercio elettronico pu\u00f2 iniziare l\u2019attivit\u00e0 contestualmente all&#8217;invio della comunicazione al comune del luogo ove ha sede l&#8217;azienda di produzione.<\/p>\n\n\n\n<p>Normativa:<\/p>\n\n\n\n<ul>\n<li>D.Lgs. n.228 del 18\/05\/2001;<\/li>\n\n\n\n<li>L.R. n.5 del 18\/05\/2006 e s.m.i. Regione Autonoma della Sardegna;<\/li>\n\n\n\n<li>L.R. n.17 del 6\/12\/2006 &#8220;Modifiche alla legge regionale 18 maggio 2006, n.5&#8221; Regione Autonoma della Sardegna.<\/li>\n<\/ul>\n","protected":false},"excerpt":{"rendered":"<p>Le successive informazioni sono rese a titolo informativo; l\u2019Amministrazione non \u00e8 responsabile per eventuali refusi, imprecisioni, modifiche e novit\u00e0 normative (data aggiornamento scheda: 03\/07\/2023).<\/p>\n","protected":false},"author":37,"featured_media":20643,"parent":20581,"menu_order":1,"comment_status":"closed","ping_status":"closed","template":"","meta":[],"_links":{"self":[{"href":"https:\/\/at.comune.sestu.ca.it\/index.php\/wp-json\/wp\/v2\/pages\/20607"}],"collection":[{"href":"https:\/\/at.comune.sestu.ca.it\/index.php\/wp-json\/wp\/v2\/pages"}],"about":[{"href":"https:\/\/at.comune.sestu.ca.it\/index.php\/wp-json\/wp\/v2\/types\/page"}],"author":[{"embeddable":true,"href":"https:\/\/at.comune.sestu.ca.it\/index.php\/wp-json\/wp\/v2\/users\/37"}],"replies":[{"embeddable":true,"href":"https:\/\/at.comune.sestu.ca.it\/index.php\/wp-json\/wp\/v2\/comments?post=20607"}],"version-history":[{"count":20,"href":"https:\/\/at.comune.sestu.ca.it\/index.php\/wp-json\/wp\/v2\/pages\/20607\/revisions"}],"predecessor-version":[{"id":26855,"href":"https:\/\/at.comune.sestu.ca.it\/index.php\/wp-json\/wp\/v2\/pages\/20607\/revisions\/26855"}],"up":[{"embeddable":true,"href":"https:\/\/at.comune.sestu.ca.it\/index.php\/wp-json\/wp\/v2\/pages\/20581"}],"wp:featuredmedia":[{"embeddable":true,"href":"https:\/\/at.comune.sestu.ca.it\/index.php\/wp-json\/wp\/v2\/media\/20643"}],"wp:attachment":[{"href":"https:\/\/at.comune.sestu.ca.it\/index.php\/wp-json\/wp\/v2\/media?parent=20607"}],"curies":[{"name":"wp","href":"https:\/\/api.w.org\/{rel}","templated":true}]}}