{"id":21049,"date":"2022-08-22T11:14:51","date_gmt":"2022-08-22T09:14:51","guid":{"rendered":"https:\/\/www.comune.sestu.ca.it\/?page_id=21049"},"modified":"2023-07-03T11:03:16","modified_gmt":"2023-07-03T09:03:16","slug":"somministrazione-alimenti-e-bevande-nei-circoli-privati-esercizi-non-aperti-al-pubblico","status":"publish","type":"page","link":"https:\/\/at.comune.sestu.ca.it\/index.php\/servizi\/attivita-produttive-e-commercio\/attivita-produttive-e-commerciali\/somministrazione-alimenti-e-bevande-nei-circoli-privati-esercizi-non-aperti-al-pubblico\/","title":{"rendered":"Somministrazione alimenti e bevande nei circoli privati (esercizi non aperti al pubblico)"},"content":{"rendered":"\n<p>Le successive informazioni sono rese a titolo informativo; l\u2019Amministrazione non \u00e8 responsabile per eventuali refusi, imprecisioni, modifiche e novit\u00e0 normative (data aggiornamento scheda: 03\/07\/2023).<\/p>\n\n\n\n<p>Modalit\u00e0 procedimento: Suapee&nbsp;<a href=\"http:\/\/at.comune.sestu.ca.it\/index.php\/somministrazione-alimenti-e-bevande-nei-circoli-privati-indicazioni-per-la-presentazione-della-pratica-suapee\/\">(indicazioni iter)<\/a>.<\/p>\n\n\n\n<p>Ufficio competente per materia:&nbsp;<a href=\"http:\/\/at.comune.sestu.ca.it\/index.php\/amministrazione\/aree-amministrative\/personale-informatica-protocollo-attivita-produttive-commercio-e-agricoltura\/ufficio-attivita-produttive-e-commercio\/\">Ufficio attivit\u00e0 produttive, commercio e agricoltura<\/a>&nbsp;indirizzo mail&nbsp;<a href=\"mailto:commercio@comune.sestu.ca.it\">commercio@comune.sestu.ca.it<\/a>.<\/p>\n\n\n\n<p>Definizioni:<\/p>\n\n\n\n<ul>\n<li>circolo privato:<\/li>\n<\/ul>\n\n\n\n<p>\u00e8 una libera associazione costituita tra cittadini con finalit\u00e0 ricreative, culturali, sportive, sociali, che svolge la propria attivit\u00e0 senza fini di lucro, a beneficio dei propri soci in locali o spazi non aperti al pubblico. Fa parte, pertanto, della categoria degli &#8220;esercizi non aperti al pubblico&#8221;.<\/p>\n\n\n\n<ul>\n<li>somministrazione alimenti e bevande nei circoli privati:<\/li>\n<\/ul>\n\n\n\n<p>\u00e8 l\u2019attivit\u00e0 di somministrazione svolta da associazioni politiche, sindacali e di categoria, religiose, assistenziali, culturali, sportive dilettantistiche, di promozione sociale e di formazione extra-scolastica della persona, effettuata, in virt\u00f9 del pagamento di un determinato corrispettivo, presso la sede in cui si svolge l\u2019attivit\u00e0 istituzionale, nei confronti degli iscritti, associati o partecipanti, di altre associazioni che svolgono la medesima attivit\u00e0 e che per legge, regolamento, atto costitutivo o statuto fanno parte di un&#8217;unica organizzazione locale o nazionale, dei rispettivi associati o partecipanti e dei tesserati dalle rispettive organizzazioni nazionali. L\u2019attivit\u00e0 di somministrazione di alimenti e bevande da parte dei circoli privati \u00e8 disciplinata dal Decreto del Presidente della Repubblica 4 aprile 2001, n.235 (Regolamento recante semplificazione del procedimento per il rilascio dell\u2019autorizzazione alla somministrazione di alimenti e bevande da parte di circoli privati).<\/p>\n\n\n\n<p>Requisiti esercizio attivit\u00e0:<\/p>\n\n\n\n<ul>\n<li>requisiti onorabilit\u00e0: <\/li>\n<\/ul>\n\n\n\n<p>art.2 Legge regionale 18 maggio 2006, n.5 \u201cRequisiti per l\u2019esercizio dell\u2019attivit\u00e0 commerciale\u201d comma 1, 2, 3, 4, 5;<\/p>\n\n\n\n<p>art. 71 Decreto Legislativo 26 marzo 2010, n.59 \u201cRequisiti di accesso e di esercizio delle attivit\u00e0 commerciali\u201d.<\/p>\n\n\n\n<ul>\n<li>requisiti professionali:<\/li>\n<\/ul>\n\n\n\n<p>i requisiti professionali in seguito all&#8217;entrata in vigore del d.lgs 147\/2012 non sono pi\u00f9 richiesti quando la somministrazione \u00e8 effettuata nei confronti di una cerchia determinata di persone. (Deroga ai requisiti professionali elencati alle lett. a), b) e c) del comma 6 dell\u2019art.71 del d.lgs. 26 marzo 2010, n.59).<\/p>\n\n\n\n<p>Altre caratteristiche:<\/p>\n\n\n\n<ul>\n<li>sorvegliabilit\u00e0:<\/li>\n<\/ul>\n\n\n\n<p>la sorvegliabilit\u00e0 \u00e8 la possibilit\u00e0 per gli organi di polizia di poter controllare, dall\u2019esterno dei locali, le vie d\u2019accesso o di uscita da essi ed anche il movimento di persone e di cose che viene realizzato all\u2019interno del locale al fine di evitare che persone ed eventuali attivit\u00e0 poco lecite possano essere trasferite dai locali del pubblico esercizio, in altri locali laterali, sottostanti o sovrastanti a quelli del pubblico esercizio e di questo non facenti parte, <em>D.M. (Interni) 17 dicembre 1992, n.564 Regolamento concernente i criteri di sorvegliabilit\u00e0<\/em> <em>dei locali adibiti a pubblici esercizi per la somministrazione di alimenti e bevande<\/em>.<\/p>\n\n\n\n<p>Art.4 D.M. (Interni) n.564 del 17 dicembre 1992 Caratteristiche dei locali adibiti alla somministrazione di alimenti e bevande annessi a circoli privati: \u201c<em>I locali di circoli privati o di enti in cui si somministrano alimenti o bevande devono essere ubicati all&#8217;interno della struttura adibita a sede del circolo o dell&#8217;ente collettivo e non devono avere accesso <em>diretto da strade, piazze o altri luoghi pubblici. All&#8217;esterno della struttura non possono essere apposte insegne, targhe o altre indicazioni che pubblicizzino le attivit\u00e0 di somministrazione esercitate all&#8217;interno\u201d<\/em>.<\/em><\/p>\n\n\n\n<p>Normativa:<\/p>\n\n\n\n<ul>\n<li>D.P.R. n.235 del 04\/04\/2001;<\/li>\n\n\n\n<li>D.Lgs. n.59 del 26\/03\/2010, n.59;<\/li>\n\n\n\n<li>D.M. n.564 del 17\/12\/1992;<\/li>\n\n\n\n<li>L.R. n.5 del 18\/05\/2006, (Art.24) Regione Autonoma della Sardegna.<\/li>\n<\/ul>\n","protected":false},"excerpt":{"rendered":"<p>Le successive informazioni sono rese a titolo informativo; l\u2019Amministrazione non \u00e8 responsabile per eventuali refusi, imprecisioni, modifiche e novit\u00e0 normative (data aggiornamento scheda: 03\/07\/2023).<\/p>\n","protected":false},"author":37,"featured_media":21074,"parent":20657,"menu_order":4,"comment_status":"closed","ping_status":"closed","template":"","meta":[],"_links":{"self":[{"href":"https:\/\/at.comune.sestu.ca.it\/index.php\/wp-json\/wp\/v2\/pages\/21049"}],"collection":[{"href":"https:\/\/at.comune.sestu.ca.it\/index.php\/wp-json\/wp\/v2\/pages"}],"about":[{"href":"https:\/\/at.comune.sestu.ca.it\/index.php\/wp-json\/wp\/v2\/types\/page"}],"author":[{"embeddable":true,"href":"https:\/\/at.comune.sestu.ca.it\/index.php\/wp-json\/wp\/v2\/users\/37"}],"replies":[{"embeddable":true,"href":"https:\/\/at.comune.sestu.ca.it\/index.php\/wp-json\/wp\/v2\/comments?post=21049"}],"version-history":[{"count":12,"href":"https:\/\/at.comune.sestu.ca.it\/index.php\/wp-json\/wp\/v2\/pages\/21049\/revisions"}],"predecessor-version":[{"id":26819,"href":"https:\/\/at.comune.sestu.ca.it\/index.php\/wp-json\/wp\/v2\/pages\/21049\/revisions\/26819"}],"up":[{"embeddable":true,"href":"https:\/\/at.comune.sestu.ca.it\/index.php\/wp-json\/wp\/v2\/pages\/20657"}],"wp:featuredmedia":[{"embeddable":true,"href":"https:\/\/at.comune.sestu.ca.it\/index.php\/wp-json\/wp\/v2\/media\/21074"}],"wp:attachment":[{"href":"https:\/\/at.comune.sestu.ca.it\/index.php\/wp-json\/wp\/v2\/media?parent=21049"}],"curies":[{"name":"wp","href":"https:\/\/api.w.org\/{rel}","templated":true}]}}