{"id":21628,"date":"2022-09-16T11:32:42","date_gmt":"2022-09-16T09:32:42","guid":{"rendered":"https:\/\/www.comune.sestu.ca.it\/?page_id=21628"},"modified":"2023-06-08T13:41:19","modified_gmt":"2023-06-08T11:41:19","slug":"consiglio-comunale-22-settembre-2022","status":"publish","type":"page","link":"https:\/\/at.comune.sestu.ca.it\/index.php\/amministrazione\/organi-di-governo\/il-consiglio\/convocazioni-e-verbali\/convocazioni-e-verbali-anno-2022\/consiglio-comunale-22-settembre-2022\/","title":{"rendered":"Consiglio comunale 22 Settembre 2022"},"content":{"rendered":"\n<div style=\"height:36px\" aria-hidden=\"true\" class=\"wp-block-spacer\"><\/div>\n\n\n\n<p>Il Consiglio comunale \u00e8 convocato in seduta ordinaria di prima convocazione per il giorno <strong>Gioved\u00ec 22 Settembre 2022<\/strong>, alle ore 18:30,<strong> <\/strong>e in seconda convocazione per il giorno <strong>Venerd\u00ec 23 Settembre 2022<\/strong>, alle ore 18:30,  presso l\u2019aula consiliare del Comune.<\/p>\n\n\n\n<p>Ordine del giorno:<\/p>\n\n\n\n<p><\/p>\n\n\n\n<ol>\n<li>Ratifica Delibera Giunta Comunale n. 109 del 26\/07\/2022 -&#8221; Variazione d&#8217;urgenza al Bilancio di Previsione Finanziario 2022\/2024 &#8211; (Art. 175, comma 4, del D.Lgs. n. 267\/2000)&#8221;;<\/li>\n\n\n\n<li>Variazione al Bilancio di previsione finanziario 2022\/2024 ex art. 175 del D.Lgs. n. 267\/2000;<\/li>\n\n\n\n<li>Seconda variazione al programma triennale dei lavori pubblici 2022 &#8211; 2024 ed al relativo elenco annuale 2022;<\/li>\n\n\n\n<li>Modifica n. 03 al &#8220;Programma biennale per l&#8217;acquisizione di servizi e forniture 2022\/2023&#8221;;<\/li>\n\n\n\n<li>Adeguamento dell&#8217;indennit\u00e0 di funzione spettante al Presidente del Consiglio ai sensi della Legge Regionale n. 3 del 09\/03\/2022;<\/li>\n\n\n\n<li>Individuazione delle scadenze per il pagamento della tassa sui rifiuti (TARI) relativa all&#8217;anno 2022, ai sensi dell&#8217;art. 25 del regolamento comunale;<\/li>\n\n\n\n<li>Apposizione del vincolo preordinato all\u2019esproprio o all\u2019asservimento delle aree, mediante specifica variante non sostanziale al Piano Urbanistico Comunale, finalizzato alla realizzazione del lavori di \u201cRiqualificazione della rete idrica del comune di Sestu Lotto B. ID DI_DID_011. Cup e43e16001560001\u201d.<\/li>\n<\/ol>\n\n\n\n<p>IL PRESIDENTE: Antonio Manca<\/p>\n\n\n\n<div style=\"height:54px\" aria-hidden=\"true\" class=\"wp-block-spacer\"><\/div>\n\n\n\n<p>I verbali delle sedute sono consultabili in allegato non appena disponibili.<\/p>\n","protected":false},"excerpt":{"rendered":"<p>Il Consiglio comunale \u00e8 convocato in seduta ordinaria di prima convocazione per il giorno Gioved\u00ec 22 Settembre 2022, alle ore 18:30, e in seconda convocazione per il giorno Venerd\u00ec 23 Settembre 2022, alle ore 18:30, presso l\u2019aula consiliare del Comune.<\/p>\n","protected":false},"author":34,"featured_media":0,"parent":18085,"menu_order":-8,"comment_status":"closed","ping_status":"closed","template":"","meta":[],"_links":{"self":[{"href":"https:\/\/at.comune.sestu.ca.it\/index.php\/wp-json\/wp\/v2\/pages\/21628"}],"collection":[{"href":"https:\/\/at.comune.sestu.ca.it\/index.php\/wp-json\/wp\/v2\/pages"}],"about":[{"href":"https:\/\/at.comune.sestu.ca.it\/index.php\/wp-json\/wp\/v2\/types\/page"}],"author":[{"embeddable":true,"href":"https:\/\/at.comune.sestu.ca.it\/index.php\/wp-json\/wp\/v2\/users\/34"}],"replies":[{"embeddable":true,"href":"https:\/\/at.comune.sestu.ca.it\/index.php\/wp-json\/wp\/v2\/comments?post=21628"}],"version-history":[{"count":3,"href":"https:\/\/at.comune.sestu.ca.it\/index.php\/wp-json\/wp\/v2\/pages\/21628\/revisions"}],"predecessor-version":[{"id":26033,"href":"https:\/\/at.comune.sestu.ca.it\/index.php\/wp-json\/wp\/v2\/pages\/21628\/revisions\/26033"}],"up":[{"embeddable":true,"href":"https:\/\/at.comune.sestu.ca.it\/index.php\/wp-json\/wp\/v2\/pages\/18085"}],"wp:attachment":[{"href":"https:\/\/at.comune.sestu.ca.it\/index.php\/wp-json\/wp\/v2\/media?parent=21628"}],"curies":[{"name":"wp","href":"https:\/\/api.w.org\/{rel}","templated":true}]}}