{"id":23011,"date":"2022-12-21T09:13:54","date_gmt":"2022-12-21T08:13:54","guid":{"rendered":"https:\/\/www.comune.sestu.ca.it\/?page_id=23011"},"modified":"2024-06-26T13:24:53","modified_gmt":"2024-06-26T11:24:53","slug":"consiglio-comunale-22-dicembre-2022","status":"publish","type":"page","link":"https:\/\/at.comune.sestu.ca.it\/index.php\/amministrazione\/organi-di-governo\/il-consiglio\/convocazioni-e-verbali\/convocazioni-e-verbali-anno-2022\/consiglio-comunale-22-dicembre-2022\/","title":{"rendered":"Consiglio comunale 22 Dicembre 2022"},"content":{"rendered":"\n<div style=\"height:36px\" aria-hidden=\"true\" class=\"wp-block-spacer\"><\/div>\n\n\n\n<p>Il Consiglio comunale \u00e8 convocato in via d&#8217;urgenza di prima convocazione per il giorno <strong>Gioved\u00ec 22 Dicembre 2022<\/strong>, alle ore 17:30,<strong> <\/strong>e in seconda convocazione per il giorno <strong>Venerd\u00ec 23 Dicembre 2022<\/strong>, alle ore 18:30,  presso l\u2019aula consiliare del Comune.<\/p>\n\n\n\n<p>Ordine del giorno:<\/p>\n\n\n\n<p><\/p>\n\n\n\n<ol>\n<li>Variazione al Bilancio di Previsione Finanziario 2022\/2024 per iscrizione di entrate vincolate e del correlato programma di spesa (art. 175, comma 3, lett. a), d.lgs. 267\/2000);<\/li>\n\n\n\n<li>Revisione periodica delle partecipazioni ai sensi dell&#8217;art. 20 D.Lgs. n. 175\/2016 (TUSP) e Censimento delle partecipazioni pubbliche ( art. 17 D.L. n. 90\/2014) al 31\/12\/2021;<\/li>\n\n\n\n<li>Variante non sostanziale al Piano di Lottizzazione convenzionata in zona C di espansione residenziale sottozona C3, denominato &#8220;Cau Mario e pi\u00f9&#8221; per la ridistribuzione planimetrica all&#8217;interno del lotto 19.<\/li>\n<\/ol>\n\n\n\n<p>IL PRESIDENTE: Antonio Manca<\/p>\n\n\n\n<div style=\"height:54px\" aria-hidden=\"true\" class=\"wp-block-spacer\"><\/div>\n\n\n\n<p>I verbali delle sedute sono consultabili in allegato non appena disponibili.<\/p>\n","protected":false},"excerpt":{"rendered":"<p>Il Consiglio comunale \u00e8 convocato in via d&#8217;urgenza di prima convocazione per il giorno Gioved\u00ec 22 Dicembre 2022, alle ore 17:30, e in seconda convocazione per il giorno Venerd\u00ec 23 Dicembre 2022, alle ore 18:30, presso l\u2019aula consiliare del Comune.<\/p>\n","protected":false},"author":34,"featured_media":0,"parent":18085,"menu_order":-8,"comment_status":"closed","ping_status":"closed","template":"","meta":[],"_links":{"self":[{"href":"https:\/\/at.comune.sestu.ca.it\/index.php\/wp-json\/wp\/v2\/pages\/23011"}],"collection":[{"href":"https:\/\/at.comune.sestu.ca.it\/index.php\/wp-json\/wp\/v2\/pages"}],"about":[{"href":"https:\/\/at.comune.sestu.ca.it\/index.php\/wp-json\/wp\/v2\/types\/page"}],"author":[{"embeddable":true,"href":"https:\/\/at.comune.sestu.ca.it\/index.php\/wp-json\/wp\/v2\/users\/34"}],"replies":[{"embeddable":true,"href":"https:\/\/at.comune.sestu.ca.it\/index.php\/wp-json\/wp\/v2\/comments?post=23011"}],"version-history":[{"count":2,"href":"https:\/\/at.comune.sestu.ca.it\/index.php\/wp-json\/wp\/v2\/pages\/23011\/revisions"}],"predecessor-version":[{"id":31054,"href":"https:\/\/at.comune.sestu.ca.it\/index.php\/wp-json\/wp\/v2\/pages\/23011\/revisions\/31054"}],"up":[{"embeddable":true,"href":"https:\/\/at.comune.sestu.ca.it\/index.php\/wp-json\/wp\/v2\/pages\/18085"}],"wp:attachment":[{"href":"https:\/\/at.comune.sestu.ca.it\/index.php\/wp-json\/wp\/v2\/media?parent=23011"}],"curies":[{"name":"wp","href":"https:\/\/api.w.org\/{rel}","templated":true}]}}