{"id":24156,"date":"2023-02-10T13:14:29","date_gmt":"2023-02-10T12:14:29","guid":{"rendered":"https:\/\/www.comune.sestu.ca.it\/?page_id=24156"},"modified":"2024-02-13T13:31:45","modified_gmt":"2024-02-13T12:31:45","slug":"consiglio-comunale-16-febbraio-2023","status":"publish","type":"page","link":"https:\/\/at.comune.sestu.ca.it\/index.php\/amministrazione\/organi-di-governo\/il-consiglio\/convocazioni-e-verbali\/convocazioni-e-verbali-anno-2022\/consiglio-comunale-16-febbraio-2023\/","title":{"rendered":"Consiglio comunale 24 Gennaio 2024"},"content":{"rendered":"\n<div style=\"height:36px\" aria-hidden=\"true\" class=\"wp-block-spacer\"><\/div>\n\n\n\n<p>Il Consiglio comunale \u00e8 convocato in seduta straordinaria di prima convocazione per il giorno <strong>Mercoled\u00ec 24 Gennaio 2024<\/strong>, alle ore 19:00,<strong> <\/strong>e in seconda convocazione per il giorno <strong>Venerd\u00ec 26 Gennaio 2024<\/strong>, alle ore 17:00,  presso l\u2019aula consiliare del Comune.<\/p>\n\n\n\n<p>Ordine del giorno:<\/p>\n\n\n\n<p><\/p>\n\n\n\n<ol>\n<li>Sostituzione componenti commissione consiliare permanente &#8220;Statuto e Regolamenti&#8221;;<\/li>\n\n\n\n<li>Approvazione del Piano del Verde.<\/li>\n<\/ol>\n\n\n\n<p> <\/p>\n\n\n\n<p>IL PRESIDENTE: Antonio Manca<\/p>\n\n\n\n<div style=\"height:54px\" aria-hidden=\"true\" class=\"wp-block-spacer\"><\/div>\n\n\n\n<p>I verbali delle sedute sono consultabili in allegato non appena disponibili.<\/p>\n","protected":false},"excerpt":{"rendered":"<p>Il Consiglio comunale \u00e8 convocato in seduta straordinaria di prima convocazione per il giorno Mercoled\u00ec 24 Gennaio 2024, alle ore 19:00, e in seconda convocazione per il giorno Venerd\u00ec 26 Gennaio 2024, alle ore 17:00, presso l\u2019aula consiliare del Comune.<\/p>\n","protected":false},"author":34,"featured_media":0,"parent":18085,"menu_order":-10,"comment_status":"closed","ping_status":"closed","template":"","meta":[],"_links":{"self":[{"href":"https:\/\/at.comune.sestu.ca.it\/index.php\/wp-json\/wp\/v2\/pages\/24156"}],"collection":[{"href":"https:\/\/at.comune.sestu.ca.it\/index.php\/wp-json\/wp\/v2\/pages"}],"about":[{"href":"https:\/\/at.comune.sestu.ca.it\/index.php\/wp-json\/wp\/v2\/types\/page"}],"author":[{"embeddable":true,"href":"https:\/\/at.comune.sestu.ca.it\/index.php\/wp-json\/wp\/v2\/users\/34"}],"replies":[{"embeddable":true,"href":"https:\/\/at.comune.sestu.ca.it\/index.php\/wp-json\/wp\/v2\/comments?post=24156"}],"version-history":[{"count":4,"href":"https:\/\/at.comune.sestu.ca.it\/index.php\/wp-json\/wp\/v2\/pages\/24156\/revisions"}],"predecessor-version":[{"id":30020,"href":"https:\/\/at.comune.sestu.ca.it\/index.php\/wp-json\/wp\/v2\/pages\/24156\/revisions\/30020"}],"up":[{"embeddable":true,"href":"https:\/\/at.comune.sestu.ca.it\/index.php\/wp-json\/wp\/v2\/pages\/18085"}],"wp:attachment":[{"href":"https:\/\/at.comune.sestu.ca.it\/index.php\/wp-json\/wp\/v2\/media?parent=24156"}],"curies":[{"name":"wp","href":"https:\/\/api.w.org\/{rel}","templated":true}]}}