{"id":24689,"date":"2023-03-22T14:20:30","date_gmt":"2023-03-22T13:20:30","guid":{"rendered":"https:\/\/www.comune.sestu.ca.it\/?page_id=24689"},"modified":"2023-03-22T14:40:30","modified_gmt":"2023-03-22T13:40:30","slug":"assicurazioni-agevolate-e-consorzi-di-difesa","status":"publish","type":"page","link":"https:\/\/at.comune.sestu.ca.it\/index.php\/servizi\/attivita-produttive-e-commercio\/agricoltura\/assicurazioni-agevolate-e-consorzi-di-difesa\/","title":{"rendered":"Assicurazioni agevolate e Consorzi di difesa"},"content":{"rendered":"\n<p>Le successive informazioni sono rese a titolo informativo; l\u2019Amministrazione non \u00e8 responsabile per eventuali refusi, imprecisioni, modifiche e novit\u00e0 normative (data aggiornamento scheda: 22\/03\/2023). <\/p>\n\n\n\n<p>La Regione Sardegna, al fine di aiutare gli imprenditori agricoli, ha previsto l\u2019erogazione di un contributo sul costo dei premi per la stipula di contratti assicurativi contro i danni alle colture e contro i rischi da epizoozie negli allevamenti sostenuto dagli imprenditori utilizzando le proprie risorse e attingendo dal Fondo di solidariet\u00e0 nazionale (FSN) compatibilmente a quanto disposto dalla normativa europea e nazionale la quale prevede la possibilit\u00e0 di istituire aiuti al fine di incoraggiare gli agricoltori alla stipula di polizze assicurative contro predetti i danni.<\/p>\n\n\n\n<p>Il contributo \u00e8 erogato in funzione delle risorse disponibili ripartite sulla base delle richieste inoltrate e pu\u00f2 arrivare fino ad un massimo dell&#8217;80%.<\/p>\n\n\n\n<p>La sottoscrizione delle polizze \u00e8 volontaria e per ottenere le agevolazioni occorre rivolgersi ai Consorzi di difesa.<\/p>\n\n\n\n<p>Il Consorzio di Difesa delle Produzioni Intensive della Provincia di Cagliari ha, pertanto, pubblicato un manifesto al fine di comunicare a tutti gli imprenditori agricoli interessati che a partire dal 20\/03\/2023 \u00e8 possibile sottoscrivere i certificati di assicurazione agevolata contro avversit\u00e0 atmosferiche e calamit\u00e0 naturali per il periodo primavera &#8211; estate 2023.<\/p>\n\n\n\n<p>Per tutte le informazioni per procedere alla sottoscrizione della predetta assicurazione si rinvia al documento in allegato.<\/p>\n\n\n\n<p>Consulta la pagina web del sito <a href=\"https:\/\/www.sardegnaagricoltura.it\/index.php?xsl=443&amp;s=132108&amp;v=2&amp;c=3736\">SardegnaAgricoltura<\/a>.<\/p>\n","protected":false},"excerpt":{"rendered":"<p>Le successive informazioni sono rese a titolo informativo; l\u2019Amministrazione non \u00e8 responsabile per eventuali refusi, imprecisioni, modifiche e novit\u00e0 normative (data aggiornamento scheda: 22\/03\/2023).<\/p>\n","protected":false},"author":37,"featured_media":24699,"parent":20581,"menu_order":1,"comment_status":"closed","ping_status":"closed","template":"","meta":[],"_links":{"self":[{"href":"https:\/\/at.comune.sestu.ca.it\/index.php\/wp-json\/wp\/v2\/pages\/24689"}],"collection":[{"href":"https:\/\/at.comune.sestu.ca.it\/index.php\/wp-json\/wp\/v2\/pages"}],"about":[{"href":"https:\/\/at.comune.sestu.ca.it\/index.php\/wp-json\/wp\/v2\/types\/page"}],"author":[{"embeddable":true,"href":"https:\/\/at.comune.sestu.ca.it\/index.php\/wp-json\/wp\/v2\/users\/37"}],"replies":[{"embeddable":true,"href":"https:\/\/at.comune.sestu.ca.it\/index.php\/wp-json\/wp\/v2\/comments?post=24689"}],"version-history":[{"count":5,"href":"https:\/\/at.comune.sestu.ca.it\/index.php\/wp-json\/wp\/v2\/pages\/24689\/revisions"}],"predecessor-version":[{"id":24700,"href":"https:\/\/at.comune.sestu.ca.it\/index.php\/wp-json\/wp\/v2\/pages\/24689\/revisions\/24700"}],"up":[{"embeddable":true,"href":"https:\/\/at.comune.sestu.ca.it\/index.php\/wp-json\/wp\/v2\/pages\/20581"}],"wp:featuredmedia":[{"embeddable":true,"href":"https:\/\/at.comune.sestu.ca.it\/index.php\/wp-json\/wp\/v2\/media\/24699"}],"wp:attachment":[{"href":"https:\/\/at.comune.sestu.ca.it\/index.php\/wp-json\/wp\/v2\/media?parent=24689"}],"curies":[{"name":"wp","href":"https:\/\/api.w.org\/{rel}","templated":true}]}}