{"id":24798,"date":"2023-03-30T17:50:37","date_gmt":"2023-03-30T15:50:37","guid":{"rendered":"https:\/\/www.comune.sestu.ca.it\/?page_id=24798"},"modified":"2023-04-27T18:00:43","modified_gmt":"2023-04-27T16:00:43","slug":"consiglio-comunale-05-aprile-2023","status":"publish","type":"page","link":"https:\/\/at.comune.sestu.ca.it\/index.php\/amministrazione\/organi-di-governo\/il-consiglio\/convocazioni-e-verbali\/convocazioni-e-verbali-anno-2022\/consiglio-comunale-05-aprile-2023\/","title":{"rendered":"Consiglio comunale 05 Aprile 2023"},"content":{"rendered":"\n<div style=\"height:36px\" aria-hidden=\"true\" class=\"wp-block-spacer\"><\/div>\n\n\n\n<p>Il Consiglio comunale \u00e8 convocato in seduta ordinaria di prima convocazione per il giorno <strong>Mercoled\u00ec 05 Aprile 2023<\/strong>, alle ore 18:30,<strong> <\/strong>e in seconda convocazione per il giorno <strong>Gioved\u00ec 06 Aprile 2023<\/strong>, alle ore 18:30,  presso l\u2019aula consiliare del Comune.<\/p>\n\n\n\n<p>Ordine del giorno:<\/p>\n\n\n\n<p><\/p>\n\n\n\n<ol>\n<li>Sostituzione componenti commissioni consiliari permanenti &#8220;Servizi Istituzionali&#8221; e &#8220;Disciplina del Territorio e Tutela dell&#8217;Ambiente&#8221;;<\/li>\n\n\n\n<li>Documento Unico di Programmazione (DUP) &#8211; periodo 2023\/2025 (art. 170, comma 1, del D.Lgs. n. 267\/2000);<\/li>\n\n\n\n<li>Piao &#8211; sottosezione 2.3 &#8211; rischi corruttivi e trasparenza. Indirizzi al responsabile per la prevenzione della corruzione;<\/li>\n\n\n\n<li>Ordine del giorno avente ad oggetto: Approvazione manifesto d&#8217;intenti in difesa della sanit\u00e0 pubblica.<\/li>\n<\/ol>\n\n\n\n<p> <\/p>\n\n\n\n<p>IL PRESIDENTE: Antonio Manca<\/p>\n\n\n\n<div style=\"height:54px\" aria-hidden=\"true\" class=\"wp-block-spacer\"><\/div>\n\n\n\n<p>I verbali delle sedute sono consultabili in allegato non appena disponibili.<\/p>\n","protected":false},"excerpt":{"rendered":"<p>Il Consiglio comunale \u00e8 convocato in seduta ordinaria di prima convocazione per il giorno Mercoled\u00ec 05 Aprile 2023, alle ore 18:30, e in seconda convocazione per il giorno Gioved\u00ec 06 Aprile 2023, alle ore 18:30, presso l\u2019aula consiliare del Comune.<\/p>\n","protected":false},"author":34,"featured_media":0,"parent":18085,"menu_order":-10,"comment_status":"closed","ping_status":"closed","template":"","meta":[],"_links":{"self":[{"href":"https:\/\/at.comune.sestu.ca.it\/index.php\/wp-json\/wp\/v2\/pages\/24798"}],"collection":[{"href":"https:\/\/at.comune.sestu.ca.it\/index.php\/wp-json\/wp\/v2\/pages"}],"about":[{"href":"https:\/\/at.comune.sestu.ca.it\/index.php\/wp-json\/wp\/v2\/types\/page"}],"author":[{"embeddable":true,"href":"https:\/\/at.comune.sestu.ca.it\/index.php\/wp-json\/wp\/v2\/users\/34"}],"replies":[{"embeddable":true,"href":"https:\/\/at.comune.sestu.ca.it\/index.php\/wp-json\/wp\/v2\/comments?post=24798"}],"version-history":[{"count":1,"href":"https:\/\/at.comune.sestu.ca.it\/index.php\/wp-json\/wp\/v2\/pages\/24798\/revisions"}],"predecessor-version":[{"id":24799,"href":"https:\/\/at.comune.sestu.ca.it\/index.php\/wp-json\/wp\/v2\/pages\/24798\/revisions\/24799"}],"up":[{"embeddable":true,"href":"https:\/\/at.comune.sestu.ca.it\/index.php\/wp-json\/wp\/v2\/pages\/18085"}],"wp:attachment":[{"href":"https:\/\/at.comune.sestu.ca.it\/index.php\/wp-json\/wp\/v2\/media?parent=24798"}],"curies":[{"name":"wp","href":"https:\/\/api.w.org\/{rel}","templated":true}]}}