{"id":24923,"date":"2023-04-07T10:34:19","date_gmt":"2023-04-07T08:34:19","guid":{"rendered":"https:\/\/www.comune.sestu.ca.it\/?page_id=24923"},"modified":"2023-05-15T16:15:05","modified_gmt":"2023-05-15T14:15:05","slug":"consiglio-comunale-17-aprile-2023","status":"publish","type":"page","link":"https:\/\/at.comune.sestu.ca.it\/index.php\/amministrazione\/organi-di-governo\/il-consiglio\/convocazioni-e-verbali\/convocazioni-e-verbali-anno-2022\/consiglio-comunale-17-aprile-2023\/","title":{"rendered":"Consiglio comunale 17 Aprile 2023"},"content":{"rendered":"\n<div style=\"height:36px\" aria-hidden=\"true\" class=\"wp-block-spacer\"><\/div>\n\n\n\n<p>Il Consiglio comunale \u00e8 convocato in seduta ordinaria di prima convocazione per il giorno <strong>Luned\u00ec 17 Aprile 2023<\/strong>, alle ore 18:30,<strong> <\/strong>e in seconda convocazione per il giorno <strong>Marted\u00ec 18 Aprile 2023<\/strong>, alle ore 18:30,  presso l\u2019aula consiliare del Comune.<\/p>\n\n\n\n<p>Ordine del giorno:<\/p>\n\n\n\n<p><\/p>\n\n\n\n<ol>\n<li>Modifiche al regolamento per l&#8217;applicazione della Tassa sui rifiuti (TARI);<\/li>\n\n\n\n<li>Determinazione delle tariffe per l&#8217;applicazione della tari anno 2023;<\/li>\n\n\n\n<li>Approvazione del bilancio di previsione finanziario 2023-2025 (art. 11 D.Lgs. n.118\/2011);<\/li>\n\n\n\n<li>Determinazione indennit\u00e0 di carica spettante al Presidente del Consiglio- Anno 2023;<\/li>\n\n\n\n<li>Studio di modello bidimensionale della zona inondabile prevista dal PUC in localit\u00e0 Su Pardu.<\/li>\n<\/ol>\n\n\n\n<p> <\/p>\n\n\n\n<p>IL PRESIDENTE: Antonio Manca<\/p>\n\n\n\n<div style=\"height:54px\" aria-hidden=\"true\" class=\"wp-block-spacer\"><\/div>\n\n\n\n<p><\/p>\n","protected":false},"excerpt":{"rendered":"<p>Il Consiglio comunale \u00e8 convocato in seduta ordinaria di prima convocazione per il giorno Luned\u00ec 17 Aprile 2023, alle ore 18:30, e in seconda convocazione per il giorno Marted\u00ec 18 Aprile 2023, alle ore 18:30, presso l\u2019aula consiliare del Comune.<\/p>\n","protected":false},"author":34,"featured_media":0,"parent":18085,"menu_order":-11,"comment_status":"closed","ping_status":"closed","template":"","meta":[],"_links":{"self":[{"href":"https:\/\/at.comune.sestu.ca.it\/index.php\/wp-json\/wp\/v2\/pages\/24923"}],"collection":[{"href":"https:\/\/at.comune.sestu.ca.it\/index.php\/wp-json\/wp\/v2\/pages"}],"about":[{"href":"https:\/\/at.comune.sestu.ca.it\/index.php\/wp-json\/wp\/v2\/types\/page"}],"author":[{"embeddable":true,"href":"https:\/\/at.comune.sestu.ca.it\/index.php\/wp-json\/wp\/v2\/users\/34"}],"replies":[{"embeddable":true,"href":"https:\/\/at.comune.sestu.ca.it\/index.php\/wp-json\/wp\/v2\/comments?post=24923"}],"version-history":[{"count":2,"href":"https:\/\/at.comune.sestu.ca.it\/index.php\/wp-json\/wp\/v2\/pages\/24923\/revisions"}],"predecessor-version":[{"id":25659,"href":"https:\/\/at.comune.sestu.ca.it\/index.php\/wp-json\/wp\/v2\/pages\/24923\/revisions\/25659"}],"up":[{"embeddable":true,"href":"https:\/\/at.comune.sestu.ca.it\/index.php\/wp-json\/wp\/v2\/pages\/18085"}],"wp:attachment":[{"href":"https:\/\/at.comune.sestu.ca.it\/index.php\/wp-json\/wp\/v2\/media?parent=24923"}],"curies":[{"name":"wp","href":"https:\/\/api.w.org\/{rel}","templated":true}]}}