{"id":264,"date":"2018-11-27T12:09:22","date_gmt":"2018-11-27T11:09:22","guid":{"rendered":"http:\/\/192.168.10.215\/wordpress\/?page_id=264"},"modified":"2021-02-04T11:21:25","modified_gmt":"2021-02-04T10:21:25","slug":"segretario-generale","status":"publish","type":"page","link":"https:\/\/at.comune.sestu.ca.it\/index.php\/amministrazione\/aree-amministrative\/segretario-generale\/","title":{"rendered":"Segretario Generale"},"content":{"rendered":"\n<p>Come previsto dall&#8217;articolo 97 del decreto legislativo n.267\/2000 il Segretario sovrintende allo svolgimento delle funzioni dei dirigenti e ne coordina l&#8217;attivit\u00e0.<\/p>\n\n\n\n<p>Il Segretario inoltre:<br> <br>a) partecipa con funzioni consultive, referenti e di assistenza alle riunioni del consiglio e della giunta e ne cura la verbalizzazione;<\/p>\n\n\n\n<p>b) esprime il parere di cui all&#8217;articolo 49, in relazione alle sue competenze, nel caso in cui l&#8217;ente non abbia responsabili dei servizi;<\/p>\n\n\n\n<p>c) roga, su richiesta dell&#8217;ente, i contratti nei quali l&#8217;ente e&#8217; parte e autentica scritture private ed atti unilaterali nell&#8217;interesse dell&#8217;ente; <\/p>\n\n\n\n<p>d) esercita ogni altra funzione attribuitagli dallo statuto o dai regolamenti, o conferitagli dal sindaco o dal presidente della provincia.<\/p>\n\n\n\n<p>Il Segretario generale del Comune di Sestu \u00e8 individuato anche come Responsabile della prevenzione della corruzione ai sensi della L.190\/2012 e della Trasparenza ai sensi dell&#8217;articolo 43 del decreto legislativo n.33\/2013.<\/p>\n\n\n\n<p>A decorrere dal 04\/02\/2021 il Segretario titolare risulta essere il dott.Marco Marcello.<\/p>\n\n\n<div id=\"tablepress-16-scroll-wrapper\" class=\"tablepress-scroll-wrapper\">\n\n<table id=\"tablepress-16\" class=\"tablepress tablepress-id-16 tablepress-responsive\">\n<thead>\n<tr class=\"row-1\">\n\t<th class=\"column-1\"><strong>Segretario Generale<\/strong><\/th><th class=\"column-2\">Dott. Marco Marcello<\/th>\n<\/tr>\n<\/thead>\n<tbody>\n<tr class=\"row-2\">\n\t<td class=\"column-1\"><strong>Telefono<\/strong><\/td><td class=\"column-2\">070 2360220<\/td>\n<\/tr>\n<tr class=\"row-3\">\n\t<td class=\"column-1\"><strong>Email<\/strong><\/td><td class=\"column-2\"><a href=\"mailto:segretario@comune.sestu.ca.it\">segretario@comune.sestu.ca.it<\/a><\/td>\n<\/tr>\n<\/tbody>\n<\/table>\n\n<\/div><!-- #tablepress-16 from cache -->\n\n\n\n<table id=\"tablepress-29\" class=\"tablepress tablepress-id-29 tablepress-responsive\">\n<tbody>\n<tr class=\"row-1 odd\">\n\t<td class=\"column-1\"><strong>Orario Ufficio<\/strong><\/td><td class=\"column-2\">luned\u00ec, marted\u00ec, gioved\u00ec e venerd\u00ec: 11.00 - 13.30<br \/>\nmarted\u00ec e gioved\u00ec: 16.30 \u2013 18.00<br \/>\n<br \/>\n<\/td>\n<\/tr>\n<\/tbody>\n<\/table>\n<!-- #tablepress-29 from cache -->\n\n\n\n<table id=\"tablepress-8\" class=\"tablepress tablepress-id-8 tablepress-responsive tablepress-responsive-stack-phone\">\n<tbody>\n<tr class=\"row-1 odd\">\n\t<td class=\"column-1\"><strong>Indirizzo<\/strong><\/td><td class=\"column-2\">Palazzo Civico Comunale - Via Scipione 1 - secondo piano<\/td>\n<\/tr>\n<\/tbody>\n<\/table>\n<!-- #tablepress-8 from cache -->\n","protected":false},"excerpt":{"rendered":"<p>Come previsto dall&#8217;articolo 97 del decreto legislativo n.<\/p>\n","protected":false},"author":1,"featured_media":0,"parent":3687,"menu_order":0,"comment_status":"closed","ping_status":"closed","template":"","meta":[],"_links":{"self":[{"href":"https:\/\/at.comune.sestu.ca.it\/index.php\/wp-json\/wp\/v2\/pages\/264"}],"collection":[{"href":"https:\/\/at.comune.sestu.ca.it\/index.php\/wp-json\/wp\/v2\/pages"}],"about":[{"href":"https:\/\/at.comune.sestu.ca.it\/index.php\/wp-json\/wp\/v2\/types\/page"}],"author":[{"embeddable":true,"href":"https:\/\/at.comune.sestu.ca.it\/index.php\/wp-json\/wp\/v2\/users\/1"}],"replies":[{"embeddable":true,"href":"https:\/\/at.comune.sestu.ca.it\/index.php\/wp-json\/wp\/v2\/comments?post=264"}],"version-history":[{"count":10,"href":"https:\/\/at.comune.sestu.ca.it\/index.php\/wp-json\/wp\/v2\/pages\/264\/revisions"}],"predecessor-version":[{"id":12230,"href":"https:\/\/at.comune.sestu.ca.it\/index.php\/wp-json\/wp\/v2\/pages\/264\/revisions\/12230"}],"up":[{"embeddable":true,"href":"https:\/\/at.comune.sestu.ca.it\/index.php\/wp-json\/wp\/v2\/pages\/3687"}],"wp:attachment":[{"href":"https:\/\/at.comune.sestu.ca.it\/index.php\/wp-json\/wp\/v2\/media?parent=264"}],"curies":[{"name":"wp","href":"https:\/\/api.w.org\/{rel}","templated":true}]}}