{"id":26895,"date":"2023-07-06T18:03:36","date_gmt":"2023-07-06T16:03:36","guid":{"rendered":"https:\/\/www.comune.sestu.ca.it\/?page_id=26895"},"modified":"2023-07-06T18:05:50","modified_gmt":"2023-07-06T16:05:50","slug":"consiglio-comunale-26-ottobre-2022","status":"publish","type":"page","link":"https:\/\/at.comune.sestu.ca.it\/index.php\/amministrazione\/organi-di-governo\/il-consiglio\/convocazioni-e-verbali\/convocazioni-e-verbali-anno-2022\/consiglio-comunale-26-ottobre-2022\/","title":{"rendered":"Consiglio comunale 26 Ottobre 2022"},"content":{"rendered":"\n<div style=\"height:36px\" aria-hidden=\"true\" class=\"wp-block-spacer\"><\/div>\n\n\n\n<p>Il Consiglio Comunale \u00e8 convocato in seduta straordinaria di 1^ convocazione per il giorno <strong>Mercoled\u00ec 26 ottobre 2022<\/strong>, alle ore 18:30,<strong> <\/strong>e in seconda convocazione per il giorno <strong><strong>Gioved\u00ec 27 ottobre 2022<\/strong><\/strong>, alle ore 18:30,  presso l\u2019aula consiliare del Comune.<\/p>\n\n\n\n<p>Ordine del giorno:<\/p>\n\n\n\n<p><\/p>\n\n\n\n<ol>\n<li>Ratifica Delibera Giunta Comunale n. 146 del 29\/09\/2022 &#8211; &#8220;Variazione d&#8217;urgenza al bilancio di previsione finanziario 2022\/2024 (art. 175, comma 4, del D.Lgs. n. 267\/2000)&#8221;;<\/li>\n\n\n\n<li>Variazione al Bilancio di previsione finanziario 2022\/2024 ex art. 175 del D.Lgs. n. 267\/2000;<\/li>\n\n\n\n<li>Approvazione del Bilancio consolidato e della relazione sulla gestione consolidata contenente la nota integrativa &#8211; anno 2021.<\/li>\n\n\n\n<li>Adozione dello studio di assetto idrogeologico del Rio Matzeu Cannas, costituente variante puntuale al PAI, ai sensi dell&#8217;art. 8 delle NA del PAI. Adozione delle misure di salvaguardia;<\/li>\n\n\n\n<li>Approvazione variante Programma integrato Dedalo.<\/li>\n\n\n\n<li>Mozione \u201cServizio di Assistenza Educativa Specialistica adeguato ai Piani Eseutivi Individualizzati (PEI) di ciascun alunno delle scuole dell&#8217;infanzia, primarie, secondarie di I grado e secondarie di II grado\u201d.<\/li>\n<\/ol>\n\n\n\n<p>IL PRESIDENTE: Antonio Manca<\/p>\n\n\n\n<div style=\"height:54px\" aria-hidden=\"true\" class=\"wp-block-spacer\"><\/div>\n\n\n\n<p><\/p>\n","protected":false},"excerpt":{"rendered":"<p>Il Consiglio Comunale \u00e8 convocato in seduta straordinaria di 1^ convocazione per il giorno Mercoled\u00ec 26 ottobre 2022, alle ore 18:30, e in seconda convocazione per il giorno Gioved\u00ec 27 ottobre 2022, alle ore 18:30, presso l\u2019aula consiliare del Comune.<\/p>\n","protected":false},"author":34,"featured_media":0,"parent":18085,"menu_order":-8,"comment_status":"closed","ping_status":"closed","template":"","meta":[],"_links":{"self":[{"href":"https:\/\/at.comune.sestu.ca.it\/index.php\/wp-json\/wp\/v2\/pages\/26895"}],"collection":[{"href":"https:\/\/at.comune.sestu.ca.it\/index.php\/wp-json\/wp\/v2\/pages"}],"about":[{"href":"https:\/\/at.comune.sestu.ca.it\/index.php\/wp-json\/wp\/v2\/types\/page"}],"author":[{"embeddable":true,"href":"https:\/\/at.comune.sestu.ca.it\/index.php\/wp-json\/wp\/v2\/users\/34"}],"replies":[{"embeddable":true,"href":"https:\/\/at.comune.sestu.ca.it\/index.php\/wp-json\/wp\/v2\/comments?post=26895"}],"version-history":[{"count":2,"href":"https:\/\/at.comune.sestu.ca.it\/index.php\/wp-json\/wp\/v2\/pages\/26895\/revisions"}],"predecessor-version":[{"id":26900,"href":"https:\/\/at.comune.sestu.ca.it\/index.php\/wp-json\/wp\/v2\/pages\/26895\/revisions\/26900"}],"up":[{"embeddable":true,"href":"https:\/\/at.comune.sestu.ca.it\/index.php\/wp-json\/wp\/v2\/pages\/18085"}],"wp:attachment":[{"href":"https:\/\/at.comune.sestu.ca.it\/index.php\/wp-json\/wp\/v2\/media?parent=26895"}],"curies":[{"name":"wp","href":"https:\/\/api.w.org\/{rel}","templated":true}]}}