{"id":2713,"date":"2019-07-31T10:20:31","date_gmt":"2019-07-31T09:20:31","guid":{"rendered":"http:\/\/at.comune.sestu.ca.it\/?page_id=2713"},"modified":"2024-02-08T12:20:04","modified_gmt":"2024-02-08T11:20:04","slug":"buono-pasto-elettronico","status":"publish","type":"page","link":"https:\/\/at.comune.sestu.ca.it\/index.php\/servizi\/istruzione\/buono-pasto-elettronico\/","title":{"rendered":"Mensa scolastica"},"content":{"rendered":"\n<p>Il servizio mensa scolastica \u00e8 rivolto agli alunni delle Scuole dell&#8217;Infanzia Statali e delle Scuole Primarie a tempo pieno. Usufruiscono del servizio circa 650 alunni oltre al personale scolastico.<\/p>\n\n\n\n<p>E&#8217; operativo nei seguenti plessi scolastici:<\/p>\n\n\n\n<p><strong>Istituto Comprensivo Gramsci + Rodari<\/strong><\/p>\n\n\n\n<ul>\n<li>Scuola dell&#8217;infanzia di via Gagarin<\/li>\n\n\n\n<li>Scuola dell&#8217;infanzia di via Piave<\/li>\n\n\n\n<li>Scuola primaria di via Galilei<\/li>\n<\/ul>\n\n\n\n<p><strong>1\u00b0 Circolo S.G.- Bosco<\/strong><\/p>\n\n\n\n<ul>\n<li>Scuola dell&#8217;infanzia di via Laconi<\/li>\n\n\n\n<li>Scuola dell&#8217;infanzia di via Ottaviano Augusto<\/li>\n\n\n\n<li>Scuola dell&#8217;infanzia di via Verdi<\/li>\n\n\n\n<li>Scuola primaria di via Repubblica<\/li>\n<\/ul>\n\n\n\n<p class=\"has-text-align-left\">Dall&#8217;anno scolastico 2021\/2022 \u00e8 stata introdotta un\u2019importante novit\u00e0 organizzativa legata all\u2019iscrizione, alla prenotazione e al pagamento dei pasti, grazie al nuovo sistema informatico <strong>Portale dei genitori<\/strong>. <\/p>\n\n\n\n<p>Per accedere al servizio cliccare sul seguente link:<\/p>\n\n\n\n<p><a href=\"https:\/\/www6.eticasoluzioni.com\/sestuportalegen\/\" target=\"_blank\" rel=\"noreferrer noopener\">https:\/\/www6.eticasoluzioni.com\/sestuportalegen\/<\/a><\/p>\n\n\n\n<p><mark style=\"background-color:rgba(0, 0, 0, 0);color:#f80404\" class=\"has-inline-color\">A<\/mark><mark style=\"background-color:rgba(0, 0, 0, 0);color:#f90e0e\" class=\"has-inline-color\">gli utenti iscritti al servizio si chiede di leggere la sezione news del Portale dei genitori ove sono pubblicate tutte le comunicazioni al fine di restare costantemente aggiornati.<\/mark><\/p>\n\n\n\n<p>In allegato si pubblicano la <strong>nota informativa<\/strong> per le iscrizioni a. s. 2022\/2023 e il <strong>manuale di istruzioni<\/strong> per  l&#8217;utilizzo del Portale dei Genitori.<\/p>\n\n\n\n<h2 class=\"wp-block-heading\">Tariffe <\/h2>\n\n\n\n<p>Fino al 31 dicembre 2021 le tariffe in vigore sono le seguenti:<\/p>\n\n\n\n<p><strong>\u20ac 2,20<\/strong> per gli alunni della scuole dell&#8217;infanzia<\/p>\n\n\n\n<p><strong>\u20ac 2,40<\/strong>  per gli alunni della scuole primarie.<\/p>\n\n\n\n<p>Dasl 1\u00b0 gennaio 2022 decorreranno le nuove tariffe suddivise per fasce di reddito ISEE e residenza anagrafica.<\/p>\n\n\n\n<p>Si chiede di consultare la scheda allegata.<\/p>\n\n\n\n<h2 class=\"wp-block-heading\">Pagamenti PagoPa <\/h2>\n\n\n\n<p>Dal 28 febbraio 2021 \u00e8 obbligatorio effettuare tutti i versamenti a favore della Pubblica Amministrazione esclusivamente attraverso il sistema <strong>PagoPa<\/strong>.<\/p>\n\n\n\n<p>I pagamenti <strong>devono essere generati esclusivamente<\/strong> <strong>dal Portale dei genitori <\/strong>affinch\u00e8 il versamento confluisca sul proprio conto mensa.<\/p>\n\n\n\n<p>Il versamento pu\u00f2 essere pagato<strong> immediatamente online <\/strong>oppure <strong>in un momento successivo  attraverso i canali sia fisici che online di banche e altri Prestatori di Servizi di Pagamento (PSP),<\/strong> come ad esempio:<br>\u2022 presso le agenzie della banca\/poste o gli sportelli ATM (se abilitati);<br>\u2022 utilizzando la sezione Pagopa della propria home banking del PSP (riconoscibili dai loghi CBILL o pagoPA);<br>\u2022 presso tabaccherie (SISAL, Lottomatica e Banca5).<\/p>\n\n\n\n<p>Non si d\u00e0 alcuna garanzia sul riconoscimento dei pagamenti effdettuati in modi diversi da quello sopra indicato.<\/p>\n\n\n\n<h2 class=\"wp-block-heading\">Esenzione dal pagamento della quota di contribuzione<\/h2>\n\n\n\n<p>Per gli utenti appartenenti alla fascia Isee da \u20ac 0,00 a \u20ac 2.999,99 \u00e8 prevista l&#8217;esenzione dalla contribuzione.<\/p>\n\n\n\n<p>Il bando \u00e8 pubblicato annualmente al termine delle iscrizioni al servizio e l&#8217;esenzione \u00e8 valida fino alla scadenza dell&#8217;anno scolastico in corso. <\/p>\n\n\n\n<p>Per maggiori informazioni  consultare l&#8217;avviso allegato relativo al corrente anno scolastico.<\/p>\n\n\n\n<p><\/p>\n\n\n\n<h2 class=\"wp-block-heading\">Men\u00f9 e tabelle dietetiche<\/h2>\n\n\n\n<p>Al fine di rispettare la caratteristiche stabilite dai Criteri Ambientali Minimi previsti dal capitolato d&#8217;appalto, si \u00e8 reso necessario adottare, da parte delle ditta CAMST, un nuovo men\u00f9 Primavera-Estate e Autunno-Inverno, che si pubblica in allegato.<\/p>\n\n\n\n<p>Il men\u00f9 \u00e8 stato approvato dal Servizio Igiene degli Alimenti e Nutrizione della ASL di Cagliari e sar\u00e0 applicato con decorrenza dall&#8217;anno scolastico 2022\/2023.<\/p>\n\n\n\n<p>Si invitano i fruitori del servizio mensa che osservano una dieta differenziata a consultare le tabelle allegate per presentare in tempo utile, entro l&#8217;avvio del servizio,&nbsp; eventuale certificazione medica.<\/p>\n\n\n\n<p>Si avvisa inoltre che la<strong> modifica, sospensione o revoca della dieta differenziata<\/strong> da parte di coloro che gi\u00e0 usufruivano di una dieta speciale per motivi di salute \u00e8 <strong>soggetta alla presentazione di idonea certificazione medica<\/strong>.<\/p>\n\n\n\n<p><\/p>\n\n\n\n<p><\/p>\n\n\n\n<p><\/p>\n\n\n\n<h2 class=\"wp-block-heading\"><strong>Richiesta rimborso credito mensa o passaggio di credito<\/strong><\/h2>\n\n\n\n<p>La sezione <strong>Pubblica Istruzione<\/strong> \u00e8 stata implementata con una nuova sezione online \u201c<a rel=\"noreferrer noopener\" href=\"https:\/\/www2.stanzadelcittadino.it\/comune-di-sestu\/it\/?path=\/comune-di-sestu\/it\/&amp;permanent=1&amp;httpPort=80&amp;httpsPort=443\" target=\"_blank\">Stanza del cittadino<\/a>\u201d nella quale \u00e8 possibile reperire informazioni e la modulistica <em>online<\/em> per i procedimenti di competenza. <\/p>\n\n\n\n<p>Per la richiesta di rimborso o di passaggio del credito accedere al seguente link:<\/p>\n\n\n\n<p><a href=\"https:\/\/www2.stanzadelcittadino.it\/comune-di-sestu\/it\/servizi\/richiesta-rimborso-o-passaggio-del-credito-residuo-del-servizio-mensa-scolastica\">https:\/\/www2.stanzadelcittadino.it\/comune-di-sestu\/it\/servizi\/richiesta-rimborso-o-passaggio-del-credito-residuo-del-servizio-mensa-scolastica<\/a><\/p>\n\n\n\n<h2 class=\"wp-block-heading\">Sopralluoghi <\/h2>\n\n\n\n<p>Nel corso dell&#8217;esecuzione dell&#8217;appalto l&#8217;Ufficio Pubblica Istruzione esegue periodiche ispezioni per la verifica della corretta applicazione del capitolato d&#8217;appalto. Dei sopralluoghi viene redatto apposito verbale.<\/p>\n","protected":false},"excerpt":{"rendered":"<p>Il servizio mensa scolastica \u00e8 rivolto agli alunni delle Scuole dell&#8217;Infanzia Statali e delle Scuole Primarie a tempo pieno.<\/p>\n","protected":false},"author":3,"featured_media":0,"parent":3908,"menu_order":0,"comment_status":"closed","ping_status":"closed","template":"","meta":[],"_links":{"self":[{"href":"https:\/\/at.comune.sestu.ca.it\/index.php\/wp-json\/wp\/v2\/pages\/2713"}],"collection":[{"href":"https:\/\/at.comune.sestu.ca.it\/index.php\/wp-json\/wp\/v2\/pages"}],"about":[{"href":"https:\/\/at.comune.sestu.ca.it\/index.php\/wp-json\/wp\/v2\/types\/page"}],"author":[{"embeddable":true,"href":"https:\/\/at.comune.sestu.ca.it\/index.php\/wp-json\/wp\/v2\/users\/3"}],"replies":[{"embeddable":true,"href":"https:\/\/at.comune.sestu.ca.it\/index.php\/wp-json\/wp\/v2\/comments?post=2713"}],"version-history":[{"count":47,"href":"https:\/\/at.comune.sestu.ca.it\/index.php\/wp-json\/wp\/v2\/pages\/2713\/revisions"}],"predecessor-version":[{"id":29019,"href":"https:\/\/at.comune.sestu.ca.it\/index.php\/wp-json\/wp\/v2\/pages\/2713\/revisions\/29019"}],"up":[{"embeddable":true,"href":"https:\/\/at.comune.sestu.ca.it\/index.php\/wp-json\/wp\/v2\/pages\/3908"}],"wp:attachment":[{"href":"https:\/\/at.comune.sestu.ca.it\/index.php\/wp-json\/wp\/v2\/media?parent=2713"}],"curies":[{"name":"wp","href":"https:\/\/api.w.org\/{rel}","templated":true}]}}