{"id":2816,"date":"2019-08-01T11:36:27","date_gmt":"2019-08-01T10:36:27","guid":{"rendered":"http:\/\/at.comune.sestu.ca.it\/?page_id=2816"},"modified":"2020-05-19T16:20:57","modified_gmt":"2020-05-19T14:20:57","slug":"servizi-in-rete","status":"publish","type":"page","link":"https:\/\/at.comune.sestu.ca.it\/index.php\/amministrazione-trasparente\/servizi-erogati\/servizi-in-rete\/","title":{"rendered":"Servizi in rete"},"content":{"rendered":"\n<p>In questa sezione sono consultabili, ai sensi dell&#8217;articolo 7, comma 3, del decreto legislativo n.82\/2005, i risultati delle rilevazioni sulla soddisfazione da parte degli utenti rispetto alla qualit\u00e0 dei servizi in rete resi all\u2019utente, anche in termini di fruibilit\u00e0, accessibilit\u00e0 e tempestivit\u00e0, statistiche di utilizzo dei servizi in rete.<\/p>\n\n\n\n<p>Attenzione! Per i dati antecedenti all&#8217;anno 2020 si rinvia alla consultazione dell&#8217;<a href=\"http:\/\/oldwebsite.comune.sestu.ca.it\/servizi-erogati\/servizi-rete-0\">analoga sezione del vecchio sito web dell&#8217;Amministrazione.<\/a><\/p>\n","protected":false},"excerpt":{"rendered":"<p>In questa sezione sono consultabili, ai sensi dell&#8217;articolo 7, comma 3, del decreto legislativo n.<\/p>\n","protected":false},"author":3,"featured_media":0,"parent":2805,"menu_order":3,"comment_status":"closed","ping_status":"closed","template":"","meta":[],"_links":{"self":[{"href":"https:\/\/at.comune.sestu.ca.it\/index.php\/wp-json\/wp\/v2\/pages\/2816"}],"collection":[{"href":"https:\/\/at.comune.sestu.ca.it\/index.php\/wp-json\/wp\/v2\/pages"}],"about":[{"href":"https:\/\/at.comune.sestu.ca.it\/index.php\/wp-json\/wp\/v2\/types\/page"}],"author":[{"embeddable":true,"href":"https:\/\/at.comune.sestu.ca.it\/index.php\/wp-json\/wp\/v2\/users\/3"}],"replies":[{"embeddable":true,"href":"https:\/\/at.comune.sestu.ca.it\/index.php\/wp-json\/wp\/v2\/comments?post=2816"}],"version-history":[{"count":3,"href":"https:\/\/at.comune.sestu.ca.it\/index.php\/wp-json\/wp\/v2\/pages\/2816\/revisions"}],"predecessor-version":[{"id":7307,"href":"https:\/\/at.comune.sestu.ca.it\/index.php\/wp-json\/wp\/v2\/pages\/2816\/revisions\/7307"}],"up":[{"embeddable":true,"href":"https:\/\/at.comune.sestu.ca.it\/index.php\/wp-json\/wp\/v2\/pages\/2805"}],"wp:attachment":[{"href":"https:\/\/at.comune.sestu.ca.it\/index.php\/wp-json\/wp\/v2\/media?parent=2816"}],"curies":[{"name":"wp","href":"https:\/\/api.w.org\/{rel}","templated":true}]}}