{"id":28713,"date":"2023-11-09T15:31:05","date_gmt":"2023-11-09T14:31:05","guid":{"rendered":"https:\/\/www.comune.sestu.ca.it\/?page_id=28713"},"modified":"2023-12-21T10:52:37","modified_gmt":"2023-12-21T09:52:37","slug":"consiglio-comunale-del-15-novembre-2023","status":"publish","type":"page","link":"https:\/\/at.comune.sestu.ca.it\/index.php\/amministrazione\/organi-di-governo\/il-consiglio\/convocazioni-e-verbali\/convocazioni-e-verbali-anno-2022\/consiglio-comunale-del-15-novembre-2023\/","title":{"rendered":"Consiglio comunale del 15 Novembre 2023"},"content":{"rendered":"\n<p class=\"has-text-align-left\">Il Consiglio comunale \u00e8 convocato in seduta straordinaria di 1^ convocazione per il giorno<strong>&nbsp;Mercoled\u00ec 15 Novembre 2023<\/strong>, alle ore 18:30, e in 2^ convocazione per il giorno&nbsp;<strong>Marted\u00ec 21 Novembre 2023<\/strong>&nbsp;alle ore 18:30 presso l\u2019aula consiliare del Comune.<\/p>\n\n\n\n<p>Ordine del giorno:<\/p>\n\n\n\n<p>Comunicazioni e Interrogazioni<\/p>\n\n\n\n<ol>\n<li>Variazione al Bilancio di previsione finanziario 2023\/2025 ex art. 175 del D.Lgs. n. 267\/2000;<\/li>\n\n\n\n<li>Riconoscimento del debito fuori bilancio ai sensi dell&#8217;art. 194, c. 1 lett. a), del Decreto Legislativo 267\/2000, a seguito di sentenza del Giudice di Pace di Cagliari n. 289\/2021;<\/li>\n\n\n\n<li>Nomina dei rappresentanti del Consiglio comunale in seno al Consiglio di Amministrazione dell&#8217;Associazione Pro Loco di Sestu, a seguito delle dimissioni di un Consigliere comunale dalla carica di componente del Consiglio di Amministrazione.<\/li>\n<\/ol>\n\n\n\n<p> <\/p>\n\n\n\n<p>IL PRESIDENTE: Antonio Manca<\/p>\n\n\n\n<p>I verbali delle sedute sono consultabili in allegato non appena disponibili.<\/p>\n\n\n\n<div style=\"height:54px\" aria-hidden=\"true\" class=\"wp-block-spacer\"><\/div>\n\n\n\n<p><\/p>\n","protected":false},"excerpt":{"rendered":"<p>Il Consiglio comunale \u00e8 convocato in seduta straordinaria di 1^ convocazione per il giorno&nbsp;Mercoled\u00ec 15 Novembre 2023, alle ore 18:30, e in 2^ convocazione per il giorno&nbsp;Marted\u00ec 21 Novembre 2023&nbsp;alle ore 18:30 presso l\u2019aula consiliare del Comune.<\/p>\n","protected":false},"author":34,"featured_media":0,"parent":18085,"menu_order":-12,"comment_status":"closed","ping_status":"closed","template":"","meta":[],"_links":{"self":[{"href":"https:\/\/at.comune.sestu.ca.it\/index.php\/wp-json\/wp\/v2\/pages\/28713"}],"collection":[{"href":"https:\/\/at.comune.sestu.ca.it\/index.php\/wp-json\/wp\/v2\/pages"}],"about":[{"href":"https:\/\/at.comune.sestu.ca.it\/index.php\/wp-json\/wp\/v2\/types\/page"}],"author":[{"embeddable":true,"href":"https:\/\/at.comune.sestu.ca.it\/index.php\/wp-json\/wp\/v2\/users\/34"}],"replies":[{"embeddable":true,"href":"https:\/\/at.comune.sestu.ca.it\/index.php\/wp-json\/wp\/v2\/comments?post=28713"}],"version-history":[{"count":2,"href":"https:\/\/at.comune.sestu.ca.it\/index.php\/wp-json\/wp\/v2\/pages\/28713\/revisions"}],"predecessor-version":[{"id":29376,"href":"https:\/\/at.comune.sestu.ca.it\/index.php\/wp-json\/wp\/v2\/pages\/28713\/revisions\/29376"}],"up":[{"embeddable":true,"href":"https:\/\/at.comune.sestu.ca.it\/index.php\/wp-json\/wp\/v2\/pages\/18085"}],"wp:attachment":[{"href":"https:\/\/at.comune.sestu.ca.it\/index.php\/wp-json\/wp\/v2\/media?parent=28713"}],"curies":[{"name":"wp","href":"https:\/\/api.w.org\/{rel}","templated":true}]}}