{"id":29362,"date":"2023-12-20T11:47:08","date_gmt":"2023-12-20T10:47:08","guid":{"rendered":"https:\/\/www.comune.sestu.ca.it\/?page_id=29362"},"modified":"2024-01-24T15:35:37","modified_gmt":"2024-01-24T14:35:37","slug":"consiglio-comunale-del-27-dicembre-2023","status":"publish","type":"page","link":"https:\/\/at.comune.sestu.ca.it\/index.php\/amministrazione\/organi-di-governo\/il-consiglio\/convocazioni-e-verbali\/convocazioni-e-verbali-anno-2022\/consiglio-comunale-del-27-dicembre-2023\/","title":{"rendered":"Consiglio comunale del 27 Dicembre 2023"},"content":{"rendered":"\n<p class=\"has-text-align-left\">Il Consiglio comunale \u00e8 convocato in seduta straordinaria di 1^ convocazione per il giorno <strong>Mercoled\u00ec 27 Dicembre 2023<\/strong>, alle ore 18:30, e in 2^ convocazione per il giorno&nbsp;<strong>Venerd\u00ec 29 Dicembre 2023<\/strong>&nbsp;alle ore 18:30 presso l\u2019aula consiliare del Comune.<\/p>\n\n\n\n<p>Ordine del giorno:<\/p>\n\n\n\n<p>Comunicazioni e Interrogazioni<\/p>\n\n\n\n<ul>\n<li>Approvazione del Bilancio Consolidato e della Relazione sulla Gestione Consolidata contenente la Nota Integrativa &#8211; anno 2022;<\/li>\n\n\n\n<li>Revisione periodica delle partecipazioni ai sensi dell&#8217;art. 20 D.Lgs. n. 175\/2016 (TUSP) e Censimento delle partecipazioni pubbliche ( art. 17 D.L. n. 90\/2014) al 31\/12\/2022;<\/li>\n\n\n\n<li>Permesso di costruire convenzionato per la realizzazione di una struttura prefabbricata da destinarsi a MSV non alimentare, da edificarsi in un lotto urbanistico sito in Sestu ex s.s. 131.<\/li>\n\n\n\n<li>Variante non sostanziale al Piano Urbanistico Comunale, per la rettifica cartografica della viabilit\u00e0 di piano e per la reiterazione del vincolo preordinato all&#8217;esproprio.<\/li>\n\n\n\n<li>PIAO 2024\/2026 &#8211; Sottosezione 2.3 &#8211; Rischi corruttivi e Trasparenza. Indirizzi al Responsabile per la prevenzione della corruzione.<\/li>\n<\/ul>\n\n\n\n<p>IL PRESIDENTE: Antonio Manca<\/p>\n\n\n\n<p>I verbali delle sedute sono consultabili in allegato non appena disponibili.<\/p>\n\n\n\n<div style=\"height:54px\" aria-hidden=\"true\" class=\"wp-block-spacer\"><\/div>\n\n\n\n<p><\/p>\n","protected":false},"excerpt":{"rendered":"<p>Il Consiglio comunale \u00e8 convocato in seduta straordinaria di 1^ convocazione per il giorno Mercoled\u00ec 27 Dicembre 2023, alle ore 18:30, e in 2^ convocazione per il giorno&nbsp;Venerd\u00ec 29 Dicembre 2023&nbsp;alle ore 18:30 presso l\u2019aula consiliare del Comune.<\/p>\n","protected":false},"author":50,"featured_media":0,"parent":18085,"menu_order":-12,"comment_status":"closed","ping_status":"closed","template":"","meta":[],"_links":{"self":[{"href":"https:\/\/at.comune.sestu.ca.it\/index.php\/wp-json\/wp\/v2\/pages\/29362"}],"collection":[{"href":"https:\/\/at.comune.sestu.ca.it\/index.php\/wp-json\/wp\/v2\/pages"}],"about":[{"href":"https:\/\/at.comune.sestu.ca.it\/index.php\/wp-json\/wp\/v2\/types\/page"}],"author":[{"embeddable":true,"href":"https:\/\/at.comune.sestu.ca.it\/index.php\/wp-json\/wp\/v2\/users\/50"}],"replies":[{"embeddable":true,"href":"https:\/\/at.comune.sestu.ca.it\/index.php\/wp-json\/wp\/v2\/comments?post=29362"}],"version-history":[{"count":2,"href":"https:\/\/at.comune.sestu.ca.it\/index.php\/wp-json\/wp\/v2\/pages\/29362\/revisions"}],"predecessor-version":[{"id":30097,"href":"https:\/\/at.comune.sestu.ca.it\/index.php\/wp-json\/wp\/v2\/pages\/29362\/revisions\/30097"}],"up":[{"embeddable":true,"href":"https:\/\/at.comune.sestu.ca.it\/index.php\/wp-json\/wp\/v2\/pages\/18085"}],"wp:attachment":[{"href":"https:\/\/at.comune.sestu.ca.it\/index.php\/wp-json\/wp\/v2\/media?parent=29362"}],"curies":[{"name":"wp","href":"https:\/\/api.w.org\/{rel}","templated":true}]}}