{"id":30,"date":"2018-11-22T16:07:01","date_gmt":"2018-11-22T15:07:01","guid":{"rendered":"http:\/\/192.168.10.215\/wordpress\/?page_id=30"},"modified":"2023-10-03T17:18:44","modified_gmt":"2023-10-03T15:18:44","slug":"privacy-policy-2","status":"publish","type":"page","link":"https:\/\/at.comune.sestu.ca.it\/index.php\/privacy-policy-2\/","title":{"rendered":"Privacy Policy"},"content":{"rendered":"\n<div style=\"height:113px\" aria-hidden=\"true\" class=\"wp-block-spacer\"><\/div>\n\n\n\n<h4 class=\"wp-block-heading\">Premessa<\/h4>\n\n\n\n<p>Ai sensi e per gli effetti dell\u2019articolo&nbsp;13 del Regolamento (UE) 2016\/679 General data protection regulation&nbsp;(Gdpr), informiamo che il Comune di Sestu (di seguito anche Comune&nbsp;o Titolare) tratta i dati personali da lei forniti e liberamente comunicati al fine dello svolgimento delle proprie funzioni istituzionali.<\/p>\n\n\n\n<p>Il Comune garantisce che il trattamento dei suoi dati personali si svolge nel rispetto dei diritti e delle libert\u00e0 fondamentali, nonch\u00e9 della sua dignit\u00e0, con particolare riferimento alla riservatezza, all&#8217;identit\u00e0 personale e al diritto alla protezione dei dati personali.<\/p>\n\n\n\n<p>La presente informativa descrive le modalit\u00e0 di trattamento dei dati personali degli utenti, raccolti durane la navigazione del web del Comune di Sestu, accessibile ai seguenti indirizzi:<\/p>\n\n\n\n<p><a rel=\"noreferrer noopener\" aria-label=\"http:\/\/at.comune.sestu.ca.it (si apre in una nuova scheda)\" href=\"http:\/\/at.comune.sestu.ca.it\" target=\"_blank\">http:\/\/at.comune.sestu.ca.it<\/a><\/p>\n\n\n\n<p>La presente informativa non riguarda altri siti, pagine o servizi online raggiungibili tramite link ipertestuali eventualmente pubblicati nel sito ma riferiti a risorse esterne.<\/p>\n\n\n\n<p><strong>Titolare del Trattamento dei Dati<\/strong><\/p>\n\n\n\n<p>Comune di Sestu<br>Via Scipione 1<br>09028 Sestu CA<br>Posta Elettronica certificata (PEC): <a href=\"mailto:protocollo.sestu@pec.it\">protocollo.sestu@pec.it<\/a><br>Tel: 0702360287<br>C.F. 80004890929<br>P.I. 01098920927<\/p>\n\n\n\n<p><strong>Indirizzo email del Titolare:<\/strong> <a href=\"mailto:protocollo.sestu@pec.it\">protocollo.sestu@pec.it<\/a><\/p>\n\n\n\n<p><strong>Indirizzo email Responsabile Protezione Dati (DPO)<\/strong>: <a href=\"mailto:privacy@comune.it\">privacy@comune.it<\/a>  <\/p>\n\n\n\n<h4 class=\"wp-block-heading\">Base giuridica del trattamento<\/h4>\n\n\n\n<p>I dati personali trattati relativamente alla navigazione e utilizzo del sito&nbsp;web istituzionale sono elaborati dal Comune per l&#8217;esecuzione dei propri compiti di interesse pubblico o comunque connessi all&#8217;esercizio dei propri pubblici poteri, quali, a titolo esemplificativo le funzioni amministrative che riguardano la popolazione ed il territorio comunale, precipuamente nei settori organici dei servizi alla persona e alla comunit\u00e0, dell&#8217;assetto ed utilizzazione del territorio e dello sviluppo economico, di cui agli articoli&nbsp;13 e successive modifiche e integrazionei del decreto legislativo (di seguito d.lgs) 267\/2000 (Testo unico enti locali).<\/p>\n\n\n\n<h4 class=\"wp-block-heading\">Tipi di dati trattati e finalit\u00e0 del trattamento<\/h4>\n\n\n\n<p>A) Dati di navigazione<\/p>\n\n\n\n<p>Durante la navigazione sul sito il sistema, nel corso del suo normale funzionamento, acquisisce alcuni dati personali. Tra questi dati rientrano gli indirizzi IP o i nomi a dominio dei computer (o degli altri sistemi) utilizzati, gli indirizzi in notazione URI\/URL (Uniform Resource Identifier\/Locator) delle risorse richieste, l&#8217;orario della richiesta, il metodo utilizzato nel sottoporre la richiesta al server, la dimensione del file ottenuto in risposta, il codice numerico indicante lo stato della risposta data dal server (buon fine, errore, ecc.) ed altri parametri relativi al sistema operativo e all&#8217;ambiente informatico utilizzato.<\/p>\n\n\n\n<p>Tali dati, necessari per la fruizione del sito, vengono trattati nell&#8217;ambito delle attivit\u00e0 di erogazione dei servizi ivi presenti.<\/p>\n\n\n\n<p>I dati di navigazione vengono anche trattati allo scopo di ottenere informazioni statistiche sull&#8217;uso dei servizi e controllare il corretto funzionamento dei servizi offerti.<\/p>\n\n\n\n<p><br>B) Dati forniti volontariamente dall\u2019utente<\/p>\n\n\n\n<p>L&#8217;invio facoltativo, esplicito e volontario di messaggi agli indirizzi di contatto del Comune, nonch\u00e9 la compilazione e l&#8217;inoltro dei moduli presenti sul sito, comportano l&#8217;acquisizione dei dati di contatto del mittente, necessari a rispondere, nonch\u00e9 di tutti i dati personali inclusi nelle comunicazioni. Tali dati vengono trattati al solo fine di rispondere alle domande, istanze e quesiti posti.<\/p>\n\n\n\n<p>Specifiche informative potranno essere pubblicate nelle pagine dei siti del Comune predisposte per l&#8217;erogazione di determinati servizi.<\/p>\n\n\n\n<p><br>C) Cookie<\/p>\n\n\n\n<p>I cookie&nbsp;sono files di ridotte dimensioni inviati dal server web al browser dell\u2019utente e memorizzati da quest\u2019ultimo sul dispositivo\/terminale dell\u2019utente. Il server web, nei successivi accessi al sito, accede a questi file memorizzati nel dispositivo dell\u2019utente per differenti finalit\u00e0.<\/p>\n\n\n\n<p>Non viene fatto uso di cookie&nbsp;per la profilazione degli utenti, n\u00e9 vengono impiegati altri metodi di tracciamento.<\/p>\n\n\n\n<p>Viene fatto uso di cookie&nbsp;di sessione in modo strettamente limitato a quanto necessario per la navigazione sicura ed efficiente dei siti. La memorizzazione dei cookie di sessione nei browser \u00e8 sotto il controllo dell&#8217;utente.<\/p>\n\n\n\n<p>Per ulteriori informazioni in merito al trattamento dei dati personali derivanti dall\u2019uso di cookie si rimanda alla specifica informativa resa ai sensi dell\u2019articolo&nbsp;122 del codice privacy e del provvedimento n. 229\/2014 del Garante per&nbsp;la protezione dei dati personali.<\/p>\n\n\n\n<h4 class=\"wp-block-heading\">Destinatari o categorie dei destinatari dei dati personali<\/h4>\n\n\n\n<p>I destinatari dei suoi dati personali sono:<\/p>\n\n\n\n<ul>\n<li>dipendenti e collaboratori del Comune, espressamente designati e autorizzati a cui sono state fornite istruzioni specifiche. Gli autorizzati hanno livelli differenziati di accesso, a seconda delle specifiche mansioni.<\/li>\n\n\n\n<li>eventuali responsabili del trattamento di dati per la gestione e manutenzione del sito web stituzionale.<\/li>\n<\/ul>\n\n\n\n<p>I dati raccolti non verranno diffusi \u2013salvo quanto previsto per far fronte a obblighi normativi\u2013 e non sono soggetti a trasferimento al di fuori dell\u2019Unione Europea.<\/p>\n\n\n\n<h4 class=\"wp-block-heading\">Gestione dei dati e periodo di conservazione<\/h4>\n\n\n\n<p>I dati di navigazione e i cookie verranno conservati per un periodo di tempo pari a sette giorni.&nbsp;Tali dati potrebbero comunque essere conservati per un periodo pi\u00f9 lungo, al fine dell\u2019accertamento di responsabilit\u00e0 in caso di reati.<\/p>\n\n\n\n<p>I dati volontariamente comunicati dagli utenti mediante email o la compilazione di moduli presenti sul sito verranno conservati per il tempo necessario per adempiere alle finalit\u00e0 del trattamento di cui sopra e, comunque, non oltre i termini&nbsp; a cui sia soggetto il Titolare, in forza di legge o regolamento.<\/p>\n\n\n\n<p><br><\/p>\n\n\n\n<h2 class=\"wp-block-heading\">Informativa sull&#8217;utilizzo dei cookie<\/h2>\n\n\n\n<p>I cookie sono file di piccole dimensioni che vengono archiviati dal browser di ciascun computer o dispositivo mobile che assistono il Titolare nell\u2019erogazione del Servizio in base alle finalit\u00e0 descritte. Essi permettono ai siti web di tenere traccia di alcune informazioni, come ad esempio le preferenze dell\u2019utente, il tipo di dispositivo utilizzato e altro ancora, garantendo un funzionamento pi\u00f9 efficiente del sito, arricchendo l\u2019esperienza di visita e fornendo informazioni ai proprietari del sito stesso.<\/p>\n\n\n\n<p>Alcuni cookie vengono automaticamente eliminati al termine della sessione di navigazione (cookie di sessione), mentre altri restano memorizzati nei terminali (cookie persistenti).<\/p>\n\n\n\n<p>Un &#8220;cookie di sessione&#8221; \u00e8 un cookie che viene cancellato automaticamente alla chiusura del browser, mentre un &#8220;cookie persistente&#8221; \u00e8 un cookie che rimane archiviato nel computer o dispositivo mobile dell&#8217;utente fino alla scadenza prestabilita (che pu\u00f2 corrispondere a minuti, giorni, ecc.).<\/p>\n\n\n\n<p>Quando l\u2019installazione di Cookie avviene sulla base del consenso, tale consenso pu\u00f2 essere revocato liberamente in ogni momento seguendo le istruzioni contenute in questo documento.<\/p>\n\n\n\n<p><strong>Cookie tecnici e di statistica aggregata<\/strong><\/p>\n\n\n\n<p><strong>Attivit\u00e0 strettamente necessarie al funzionamento<\/strong><\/p>\n\n\n\n<p>Questa Applicazione utilizza Cookie per salvare la sessione dell&#8217;Utente e per svolgere altre attivit\u00e0 strettamente necessarie al funzionamento di questa Applicazione, ad esempio in relazione alla distribuzione del traffico.<\/p>\n\n\n\n<p><strong>Attivit\u00e0 di salvataggio delle preferenze, ottimizzazione e statistica<\/strong><\/p>\n\n\n\n<p>Questa Applicazione utilizza Cookie per salvare le preferenze di navigazione ed ottimizzare l&#8217;esperienza di navigazione dell&#8217;Utente. Fra questi Cookie rientrano, ad esempio, quelli per impostare la lingua e la valuta o per la gestione di statistiche da parte del Titolare del sito.<\/p>\n\n\n\n<p><strong>Altre tipologie di Cookie o strumenti terzi che potrebbero installarne<\/strong><\/p>\n\n\n\n<p>Alcuni dei servizi elencati di seguito raccolgono statistiche in forma aggregata ed anonima e potrebbero non richiedere il consenso dell&#8217;Utente o potrebbero essere gestiti direttamente dal Titolare \u2013 a seconda di quanto descritto \u2013 senza l&#8217;ausilio di terzi.<\/p>\n\n\n\n<p>Qualora fra gli strumenti indicati in seguito fossero presenti servizi gestiti da terzi, questi potrebbero \u2013 in aggiunta a quanto specificato ed anche all\u2019insaputa del Titolare \u2013 compiere attivit\u00e0 di tracciamento dell\u2019Utente. Per informazioni dettagliate in merito, si consiglia di consultare le privacy policy dei servizi elencati.<\/p>\n\n\n\n<p><strong>Protezione dallo SPAM<\/strong><\/p>\n\n\n\n<p>Questo tipo di servizi analizza il traffico di questa Applicazione, potenzialmente contenente Dati Personali degli Utenti, al fine di filtrarlo da parti di traffico, messaggi e contenuti riconosciuti come SPAM.<\/p>\n\n\n\n<p><strong>Google reCAPTCHA (Google Inc.)<\/strong><\/p>\n\n\n\n<p>Google reCAPTCHA \u00e8 un servizio di protezione dallo SPAM fornito da Google Inc.<br>L&#8217;utilizzo del sistema reCAPTCHA \u00e8 soggetto alla <a href=\"https:\/\/www.google.com\/intl\/it\/policies\/privacy\/\" target=\"_blank\" rel=\"noreferrer noopener\">privacy policy<\/a> e ai <a href=\"https:\/\/www.google.com\/intl\/it\/policies\/terms\/\" target=\"_blank\" rel=\"noreferrer noopener\">termini di utilizzo<\/a> di Google.<\/p>\n\n\n\n<p>Dati Personali raccolti: Cookie e Dati di utilizzo.<\/p>\n\n\n\n<p>Luogo del trattamento: Stati Uniti \u2013 <a href=\"https:\/\/www.google.com\/intl\/it\/policies\/privacy\/\" target=\"_blank\" rel=\"noreferrer noopener\">Privacy Policy<\/a>. Soggetto aderente al Privacy Shield.<\/p>\n\n\n\n<p><strong>Statistica<\/strong><\/p>\n\n\n\n<p>I servizi contenuti nella presente sezione permettono al Titolare del Trattamento di monitorare e analizzare i dati di traffico e servono a tener traccia del comportamento dell\u2019Utente.<\/p>\n\n\n\n<p><strong>Visualizzazione di contenuti da piattaforme esterne<\/strong><\/p>\n\n\n\n<p>Questo tipo di servizi permette di visualizzare contenuti ospitati su piattaforme esterne direttamente dalle pagine di questa Applicazione e di interagire con essi.<br>Nel caso in cui sia installato un servizio di questo tipo, \u00e8 possibile che, anche nel caso gli Utenti non utilizzino il servizio, lo stesso raccolga dati di traffico relativi alle pagine in cui \u00e8 installato.<\/p>\n\n\n\n<p><strong>Widget Google Maps (Google Inc.)<\/strong><\/p>\n\n\n\n<p>Google Maps \u00e8 un servizio di visualizzazione di mappe gestito da Google Inc. che permette a questa Applicazione di integrare tali contenuti all\u2019interno delle proprie pagine.<\/p>\n\n\n\n<p>Dati Personali raccolti: Cookie e Dati di utilizzo.<\/p>\n\n\n\n<p>Luogo del trattamento: Stati Uniti \u2013 <a href=\"https:\/\/www.google.com\/intl\/it\/policies\/privacy\/\" target=\"_blank\" rel=\"noreferrer noopener\">Privacy Policy<\/a>. Soggetto aderente al Privacy Shield.<\/p>\n\n\n\n<p><strong>Come posso esprimere il consenso all&#8217;installazione di Cookie?<\/strong><\/p>\n\n\n\n<p>In aggiunta a quanto indicato in questo documento, l&#8217;Utente pu\u00f2 gestire le preferenze relative ai Cookie direttamente all&#8217;interno del proprio browser ed impedire \u2013 ad esempio \u2013 che terze parti possano installarne. Tramite le preferenze del browser \u00e8 inoltre possibile eliminare i Cookie installati in passato, incluso il Cookie in cui venga eventualmente salvato il consenso all&#8217;installazione di Cookie da parte di questo sito. L&#8217;Utente pu\u00f2 trovare informazioni su come gestire i Cookie con alcuni dei browser pi\u00f9 diffusi ad esempio ai seguenti indirizzi: <a href=\"https:\/\/support.google.com\/chrome\/answer\/95647?hl=it&amp;p=cpn_cookies\" target=\"_blank\" rel=\"noreferrer noopener\">Google Chrome<\/a>, <a href=\"https:\/\/support.mozilla.org\/it\/kb\/Attivare%20e%20disattivare%20i%20cookie\" target=\"_blank\" rel=\"noreferrer noopener\">Mozilla Firefox<\/a>, <a href=\"https:\/\/support.apple.com\/kb\/PH21411\" target=\"_blank\" rel=\"noreferrer noopener\">Apple Safari<\/a>, <a href=\"http:\/\/windows.microsoft.com\/it-it\/windows-vista\/block-or-allow-cookies\" target=\"_blank\" rel=\"noreferrer noopener\">Microsoft Internet Explorer<\/a>, <a href=\"https:\/\/privacy.microsoft.com\/it-IT\/windows-10-microsoft-edge-and-privacy\">Microsoft Edge<\/a> .<\/p>\n\n\n\n<p>Con riferimento a Cookie installati da terze parti, l&#8217;Utente pu\u00f2 inoltre gestire le proprie impostazioni e revocare il consenso visitando il relativo link di opt out (qualora disponibile), utilizzando gli strumenti descritti nella privacy policy della terza parte o contattando direttamente la stessa.<\/p>\n\n\n\n<p>Fermo restando quanto precede, l\u2019Utente pu\u00f2 avvalersi delle informazioni fornite da <a href=\"http:\/\/www.youronlinechoices.eu\/\" target=\"_blank\" rel=\"noreferrer noopener\">EDAA<\/a> (UE), <a href=\"https:\/\/www.networkadvertising.org\/understanding-digital-advertising\" target=\"_blank\" rel=\"noreferrer noopener\">Network Advertising Initiative<\/a> (USA) e <a href=\"https:\/\/www.aboutads.info\/consumers\/\" target=\"_blank\" rel=\"noreferrer noopener\">Digital Advertising Alliance<\/a> (USA), <a href=\"https:\/\/youradchoices.ca\/understanding-online-advertising\/\" target=\"_blank\" rel=\"noreferrer noopener\">DAAC<\/a> (Canada), <a href=\"http:\/\/www.ddai.info\/optout\" target=\"_blank\" rel=\"noreferrer noopener\">DDAI<\/a> (Giappone) o altri servizi analoghi. Con questi servizi \u00e8 possibile gestire le preferenze di tracciamento della maggior parte degli strumenti pubblicitari. Il Titolare, pertanto, consiglia agli Utenti di utilizzare tali risorse in aggiunta alle informazioni fornite dal presente documento.<\/p>\n\n\n\n<p>Dal momento che l&#8217;installazione di Cookie e di altri sistemi di tracciamento operata da terze parti tramite i servizi utilizzati all&#8217;interno di questa Applicazione non pu\u00f2 essere tecnicamente controllata dal Titolare, ogni riferimento specifico a Cookie e sistemi di tracciamento installati da terze parti \u00e8 da considerarsi indicativo. Per ottenere informazioni complete, l\u2019Utente \u00e8 invitato a consultare la privacy policy degli eventuali servizi terzi elencati in questo documento.<\/p>\n\n\n\n<p>Vista l&#8217;oggettiva complessit\u00e0 di identificazione delle tecnologie basate sui Cookie l&#8217;Utente \u00e8 invitato a contattare il Titolare qualora volesse ricevere qualunque approfondimento relativo all&#8217;utilizzo dei Cookie stessi tramite questa Applicazione.<\/p>\n\n\n\n<p><strong>Definizioni e riferimenti legali<\/strong><\/p>\n\n\n\n<p><strong>Dati Personali (o Dati)<\/strong><\/p>\n\n\n\n<p>Costituisce dato personale qualunque informazione che, direttamente o indirettamente, anche in collegamento con qualsiasi altra informazione, ivi compreso un numero di identificazione personale, renda identificata o identificabile una persona fisica.<\/p>\n\n\n\n<p><strong>Dati di Utilizzo<\/strong><\/p>\n\n\n\n<p>Sono le informazioni raccolte automaticamente attraverso questa Applicazione (anche da applicazioni di parti terze integrate in questa Applicazione), tra cui: gli indirizzi IP o i nomi a dominio dei computer utilizzati dall\u2019Utente che si connette con questa Applicazione, gli indirizzi in notazione URI (Uniform Resource Identifier), l\u2019orario della richiesta, il metodo utilizzato nell\u2019inoltrare la richiesta al server, la dimensione del file ottenuto in risposta, il codice numerico indicante lo stato della risposta dal server (buon fine, errore, ecc.) il paese di provenienza, le caratteristiche del browser e del sistema operativo utilizzati dal visitatore, le varie connotazioni temporali della visita (ad esempio il tempo di permanenza su ciascuna pagina) e i dettagli relativi all\u2019itinerario seguito all\u2019interno dell\u2019Applicazione, con particolare riferimento alla sequenza delle pagine consultate, ai parametri relativi al sistema operativo e all\u2019ambiente informatico dell\u2019Utente.<\/p>\n\n\n\n<p><strong>Utente<\/strong><\/p>\n\n\n\n<p>L&#8217;individuo che utilizza questa Applicazione che, salvo ove diversamente specificato, coincide con l&#8217;Interessato.<\/p>\n\n\n\n<p><strong>Interessato<\/strong><\/p>\n\n\n\n<p>La persona fisica cui si riferiscono i Dati Personali.<\/p>\n\n\n\n<p><strong>Responsabile del Trattamento (o Responsabile)<\/strong><\/p>\n\n\n\n<p>La persona fisica, giuridica, la pubblica amministrazione e qualsiasi altro ente che tratta dati personali per conto del Titolare, secondo quanto esposto nella presente privacy policy.<\/p>\n\n\n\n<p><strong>Titolare del Trattamento (o Titolare)<\/strong><\/p>\n\n\n\n<p>La persona fisica o giuridica, l&#8217;autorit\u00e0 pubblica, il servizio o altro organismo che, singolarmente o insieme ad altri, determina le finalit\u00e0 e i mezzi del trattamento di dati personali e gli strumenti adottati, ivi comprese le misure di sicurezza relative al funzionamento ed alla fruizione di questa Applicazione. Il Titolare del Trattamento, salvo quanto diversamente specificato, \u00e8 il titolare di questa Applicazione.<\/p>\n\n\n\n<p><strong>Questa Applicazione<\/strong><\/p>\n\n\n\n<p>Lo strumento hardware o software mediante il quale sono raccolti e trattati i Dati Personali degli Utenti.<\/p>\n\n\n\n<p><strong>Servizio<\/strong><\/p>\n\n\n\n<p>Il Servizio fornito da questa Applicazione cos\u00ec come definito nei relativi termini (se presenti) su questo sito\/applicazione.<\/p>\n\n\n\n<p><strong>Unione Europea (o UE)<\/strong><\/p>\n\n\n\n<p>Salvo ove diversamente specificato, ogni riferimento all\u2019Unione Europea contenuto in questo documento si intende esteso a tutti gli attuali stati membri dell\u2019Unione Europea e dello Spazio Economico Europeo.<\/p>\n\n\n\n<p><strong>Cookie<\/strong><\/p>\n\n\n\n<p>Piccola porzione di dati conservata all&#8217;interno del dispositivo dell&#8217;Utente.<\/p>\n\n\n\n<p><strong>Riferimenti legali<\/strong><\/p>\n\n\n\n<p>La presente informativa privacy \u00e8 redatta sulla base di molteplici ordinamenti legislativi, inclusi gli artt. 13 e 14 del Regolamento (UE) 2016\/679.<\/p>\n\n\n\n<p>La presente informativa privacy si applica al sito istituzionale del Comune di Sestu (questa Applicazione) ed ai siti web tematici correlati, ovvero:<\/p>\n\n\n\n<p>tutti i siti web con dominio del tipo *.comune.sestu.ca.it<\/p>\n\n\n\n<p><\/p>\n\n\n\n<h4 class=\"wp-block-heading\">Diritti dell\u2019interessato<\/h4>\n\n\n\n<p>In qualit\u00e0 di soggetto interessato, secondo la vigente disciplina, potr\u00e0:<\/p>\n\n\n\n<ul>\n<li>esercitare il diritto di accesso ai Suoi dati personali ed alle informazioni relative agli stessi; richiedere la rettifica dei dati inesatti o l&#8217;integrazione di quelli incompleti; richiedere la cancellazione dei dati personali che La riguardino (al verificarsi di una delle condizioni indicate nell&#8217;articolo 17, paragrafo 1 del GDPR e nel rispetto delle eccezioni previste nel paragrafo 3 dello stesso articolo, ad esempio se i Suoi dati siano trattati illecitamente); richiedere la limitazione del trattamento dei Suoi dati personali (al ricorrere di una delle ipotesi indicate nell&#8217;articolo 18, paragrafo 1 del GDPR quando, ad esempio i suoi dati siano trattati illecitamente);&nbsp;<\/li>\n\n\n\n<li>opporsi in qualsiasi momento al trattamento dei Suoi dati personali al ricorrere di situazioni particolari che la riguardano;<br>Tali richieste potranno essere indirizzate al Titolare \u2013anche per il tramite del Responsabile per la protezione dei dati (Dpo)\u2013 mediante comunicazione agli indirizzi sopra indicati, compilando il modulo allegato e reso disponibile sul sito dell\u2019Autorit\u00e0 Garante per la protezione dei dati personali;<\/li>\n\n\n\n<li>proporre reclamo a un\u2019autorit\u00e0 di controllo (Autorit\u00e0 Garante per la protezione dei dati personali &#8211;&nbsp;www.garanteprivacy.it), o di adire le opportune sedi giudiziarie, qualora ritenga che il trattamento dei dati personali a lei riferiti, effettuato attraverso questo sito, avvenga in violazione di quanto previsto dal GDPR.<\/li>\n<\/ul>\n\n\n\n<h4 class=\"wp-block-heading\">Conseguenze della mancata comunicazione dei dati personali<\/h4>\n\n\n\n<p>Per quanto riguarda le comunicazioni di dati personali per un obbligo legale, o per l\u2019adempimento di un compito di pubblico interesse, la mancata comunicazione dei dati personali impedisce l\u2019erogazione dei servizi online richiesti.<\/p>\n\n\n\n<h4 class=\"wp-block-heading\">Processo decisionale automatizzato, compresa la profilazione<\/h4>\n\n\n\n<p>I suoi dati personali non saranno soggetti ad alcun processo decisionale automatizzato, compresa la profilazione.<\/p>\n","protected":false},"excerpt":{"rendered":"<p>Premessa Ai sensi e per gli effetti dell\u2019articolo&nbsp;13 del Regolamento (UE) 2016\/679 General data protection regulation&nbsp;(Gdpr), informiamo che il Comune di Sestu (di seguito anche Comune&nbsp;o Titolare) tratta i dati personali da lei forniti e liberamente comunicati al fine dello svolgimento delle proprie funzioni istituzionali.<\/p>\n","protected":false},"author":1,"featured_media":0,"parent":0,"menu_order":0,"comment_status":"closed","ping_status":"closed","template":"","meta":[],"_links":{"self":[{"href":"https:\/\/at.comune.sestu.ca.it\/index.php\/wp-json\/wp\/v2\/pages\/30"}],"collection":[{"href":"https:\/\/at.comune.sestu.ca.it\/index.php\/wp-json\/wp\/v2\/pages"}],"about":[{"href":"https:\/\/at.comune.sestu.ca.it\/index.php\/wp-json\/wp\/v2\/types\/page"}],"author":[{"embeddable":true,"href":"https:\/\/at.comune.sestu.ca.it\/index.php\/wp-json\/wp\/v2\/users\/1"}],"replies":[{"embeddable":true,"href":"https:\/\/at.comune.sestu.ca.it\/index.php\/wp-json\/wp\/v2\/comments?post=30"}],"version-history":[{"count":17,"href":"https:\/\/at.comune.sestu.ca.it\/index.php\/wp-json\/wp\/v2\/pages\/30\/revisions"}],"predecessor-version":[{"id":28210,"href":"https:\/\/at.comune.sestu.ca.it\/index.php\/wp-json\/wp\/v2\/pages\/30\/revisions\/28210"}],"wp:attachment":[{"href":"https:\/\/at.comune.sestu.ca.it\/index.php\/wp-json\/wp\/v2\/media?parent=30"}],"curies":[{"name":"wp","href":"https:\/\/api.w.org\/{rel}","templated":true}]}}