{"id":334,"date":"2018-11-27T18:24:23","date_gmt":"2018-11-27T17:24:23","guid":{"rendered":"http:\/\/192.168.10.215\/wordpress\/?page_id=334"},"modified":"2024-01-08T13:16:14","modified_gmt":"2024-01-08T12:16:14","slug":"ufficio-finanziario","status":"publish","type":"page","link":"https:\/\/at.comune.sestu.ca.it\/index.php\/amministrazione\/aree-amministrative\/settore-servizi-finanziari-e-tributi\/ufficio-finanziario\/","title":{"rendered":"Ufficio Servizi Finanziari"},"content":{"rendered":"\n<table id=\"tablepress-3\" class=\"tablepress tablepress-id-3 tablepress-responsive\">\n<thead>\n<tr class=\"row-1\">\n\t<th class=\"column-1\"><strong>Responsabile<\/strong><\/th><th class=\"column-2\">dott.ssa Alessandra Sorce<\/th>\n<\/tr>\n<\/thead>\n<tbody>\n<tr class=\"row-2\">\n\t<td class=\"column-1\"><strong>Telefono<\/strong><\/td><td class=\"column-2\">070 23601<\/td>\n<\/tr>\n<tr class=\"row-3\">\n\t<td class=\"column-1\"><strong>Email<\/strong><\/td><td class=\"column-2\"><a href=\"mailto:alessandra.sorce@comune.sestu.ca.it\">alessandra.sorce@comune.sestu.ca.it<\/a><\/td>\n<\/tr>\n<tr class=\"row-4\">\n\t<td class=\"column-1\"><strong>PEC<\/strong><\/td><td class=\"column-2\"><a href=\"mailto:protocollo.sestu@pec.it\">protocollo.sestu@pec.it<\/a><\/td>\n<\/tr>\n<\/tbody>\n<\/table>\n<!-- #tablepress-3 from cache -->\n\n\n\n<div style=\"height:48px\" aria-hidden=\"true\" class=\"wp-block-spacer\"><\/div>\n\n\n\n<p><strong>Competenze principali<\/strong><\/p>\n\n\n\n<table id=\"tablepress-127\" class=\"tablepress tablepress-id-127 tablepress-responsive\">\n<thead>\n<tr class=\"row-1\">\n\t<th class=\"column-1\"><i><strong>Funzioni<\/strong><\/i><\/th><th class=\"column-2\"><i><strong>Attivit\u00e0 non esaustive di competenza del Servizio<\/strong><\/i><\/th>\n<\/tr>\n<\/thead>\n<tbody>\n<tr class=\"row-2\">\n\t<td class=\"column-1\">Programmazione e rendicontazione generale delle risorse finanziarie ed economiche.<br \/>\nServizio di economato.<br \/>\nServizio di provveditorato carta cancelleria toner.<br \/>\nServizio fiscale.<br \/>\nServizio uscite.<br \/>\nServizio entrate.<br \/>\nServizio inventario.<br \/>\nServizio societ\u00e0 partecipate (con esclusione della Farmacia comunale di Sestu)<SUP>1<\/SUP><br \/>\nControllo di regolarit\u00e0 contabile.<br \/>\nVerifica equilibri di bilancio.<br \/>\nControllo di gestione.<\/td><td class=\"column-2\">Elaborazione del bilancio di previsione annuale e pluriennale, e atti deliberativi connessi;<br \/>\nelaborazione del piano esecutivo di gestione relativamente alla parte finanziaria;<br \/>\nelaborazione del rendiconto annuale e atti deliberativi connessi;<br \/>\nelaborazione dei certificati al bilancio di previsione e al rendiconto della gestione;<br \/>\nestrazione dei prospetti e delle statistiche sui dati previsionali e consuntivi del Comune;<br \/>\nelaborazione delle variazioni al bilancio annuale, pluriennale e P.E.G. secondo le disposizioni del Regolamento di contabilit\u00e0 e predisposizione degli atti deliberativi connessi;<br \/>\nmonitoraggio finanziario;<br \/>\ncoordinamento degli adempimenti relativi alle norme sui vincoli di bilancio e sulla salvaguardia degli equilibri di bilancio:<br \/>\npredisposizione deliberazione per gli equilibri di bilancio;<br \/>\ntenuta delle registrazioni contabili afferenti alle entrate ed alle spese del Comune;<br \/>\nconsulenza contabile ai Servizi, nelle materie di competenza;<br \/>\nertificazione dei redditi da lavoro autonomo e dei redditi assimilati al lavoro dipendente di competenza del servizio finanziario gestione degli oneri conseguenti all'indebitamento, esclusa la gestione dei contratti di mutuo;<br \/>\ngestione della liquidit\u00e0 e monitoraggio saldi di cassa;<br \/>\ngestione della cassa economale;<br \/>\ntenuta degli inventari dei beni mobili ed immobili sulla base delle indicazioni provenienti dagli uffici competenti;<br \/>\nregistrazione dei dati inventariali sui beni mobili, secondo i dati di rilievo inventariale forniti dai Responsabili di Settore consegnatari;<br \/>\nregistrazione di tutte le variazioni relative al patrimonio mobiliare comunicate dagli Uffici;<br \/>\ncoordinamento dei vari settori interessati alla produzione delle informazioni utili all\u2019aggiornamento dell\u2019inventario;<br \/>\nverifica presenza buono di carico in ogni atto di liquidazione di spesa di investimento per arredi e attrezzature;<br \/>\nacquisizione e inserimento dei dati beni mobili sulla procedura software di gestione;<br \/>\nregistrazione dei dati inventariali sui beni immobili, secondo i dati di rilievo inventariale forniti dai Responsabili consegnatari dei settori tecnici;<br \/>\ntenuta dell\u2019inventario generale dei beni immobili e trasmissione dei dati immobiliari relativi alla predisposizione del conto patrimoniale all\u2019ufficio ragioneria;<br \/>\nregistrazione di tutte le variazioni relative al patrimonio immobiliare comunicate dagli Uffici tecnici sopra elencati o da altri consegnatari dei beni immobili;<br \/>\nrapporti con il Tesoriere;<br \/>\ngestione delle societ\u00e0 partecipate in merito agli aspetti connessi allo status di socio del Comune, ad eccezione della Farmacia comunale di Sestu la gestione del cui servizio \u00e8 attribuita al Segretario generale<br \/>\ndell'Ente rapporti con il Collegio dei Revisori dei Conti;<br \/>\nrapporti con la Corte dei Conti inerenti al controllo generale della gestione economico finanziaria.<br \/>\ntenuto del Registro unico delle Fatture;<br \/>\nadempimenti connessi allo Split paymnent;<br \/>\nadempimenti connessi alla comunicazione periodica delle fatture e dei pagamenti nella piattaforma delle fatture;<br \/>\npredisposizione e aggiornamento del Regolamento di contabilit\u00e0 e del Regolamento economale;<br \/>\ngestione del conto corrente postale ordinario e delle carte contabili;<br \/>\nverifiche di legge sui conti degli agenti contabili;<br \/>\nsupporto alle verifiche di cassa dei revisori;<br \/>\nincasso dei riversamenti Tarsu e gestione delle specifiche di incasso fornite dai concessionari;<br \/>\nsupporto ai revisori per i questionari alla Corte dei Conti;<br \/>\nadempimenti connessi al patto interno di stabilit\u00e0 e sui saldi di bilancio, relativamente all'attivit\u00e0 di programmazione, monitoraggio concomitante alla gestione, rendicontazione e coordinamento uffici;<br \/>\neffettuazione delle ritenute fiscali sui compensi erogati in qualit\u00e0 di sostituto d\u2019imposta non di competenza del servizio personale;<br \/>\nverifica e quadratura mensile delle partite di giro relative a ritenute e versamenti;<br \/>\nversamento, alle relative scadenze, delle ritenute operate mediante emissione dei mandati ed invio di relativo F24EP mediante servizio telematico \u201cEntratel\u201d dell\u2019Agenzia delle Entrate;<br \/>\ncontabilizzazione e versamento , alle relative scadenze, dei tributi a carico dell\u2019Ente;<br \/>\npredisposizione delle Certificazioni dei redditi da lavoro autonomo e delle Certificazioni uniche relative ai redditi da lavoro assimilato corrisposti durante l\u2019anno e relativo invio ai beneficiari;<br \/>\ncollaborazione con l\u2019ufficio personale, per la parte relativa alla gestione ritenute tramite procedura finanziaria, alla predisposizione e all\u2019invio all\u2019Agenzia delle Entrate del modello 770 Semplificato ed Ordinario;<br \/>\nannotazioni sui registri IVA dei Servizi a rilevanza Commerciale svolti dall\u2019Ente;<br \/>\nliquidazioni mensili dell\u2019IVA e predisposizione della dichiarazione Iva ;<br \/>\nliquidazione mensile Irap e predisposizione dichiarazione annuale Irap,<br \/>\ncon la collaborazione dell\u2019ufficio personale per la parte di competenza;<br \/>\nverifica e consulenza problematiche di natura fiscale non di competenza di altri uffici;<br \/>\ncollaborazione con l\u2019ufficio tecnico per l\u2019individuazione del credito Conai spettante all\u2019ente.<br \/>\nprogrammazione e gestione delle procedure per l\u2019acquisto di materiali di pulizia, di cancelleria, toner e predisposizione timbri necessari ai diversi settori dell\u2019Ente;<br \/>\ngestione magazzino economale;<br \/>\ndistribuzione materiale di cancelleria e toner;<br \/>\ngestione della quasi totalit\u00e0 delle spese di rappresentanza, in carico al servizio segreteria;<br \/>\ngestione cassa economale, gestione dei registri di cassa, rendicontazione trimestrale e resa del conto annuale;<br \/>\ngestione delle spese economali relative alle consultazioni elettorali, e predisposizione della documentazione necessaria per la rendicontazione;<br \/>\nacquisto libri e gestione abbonamenti a riviste e banche dati;<br \/>\npagamento bolli automezzi comunali;<br \/>\ncontrollo di gestione.<\/td>\n<\/tr>\n<tr class=\"row-3\">\n\t<td class=\"column-1\">Presidio della regolarit\u00e0<br \/>\ncontabile e del rispetto dei<br \/>\nvincoli di finanza pubblica.<\/td><td class=\"column-2\">Rilascio di pareri ai sensi dell'articolo 49 del T.U.E.L. su tutte le proposte di deliberazione sottoposte all'approvazione della Giunta o del Consiglio Comunale che abbiano riflessi finanziari ed economicopatrimoniali;<br \/>\nrilascio del visto attestante la copertura finanziaria ai sensi dell'art.151 del T.U.E.L., sulle determinazioni a rilevanza contabile;<br \/>\ndirezione e coordinamento dell'attivit\u00e0 di indirizzo e controllo su enti, organismi e societ\u00e0 partecipate dal Comune, ad eccezione della partecipata Farmacia comunale di Sestu la gestione del cui servizio \u00e8 in<br \/>\ncapo al Segretario generale dell'Ente<\/td>\n<\/tr>\n<\/tbody>\n<tfoot>\n<tr class=\"row-4\">\n\t<th class=\"column-1\"><\/th><th class=\"column-2\">(<SUP>1<\/SUP>)  Attribuzione di funzione modificata con delibera di Giunta n.99 del 30\/05\/2019 con decorrenza dal 01\/06\/2019<\/th>\n<\/tr>\n<\/tfoot>\n<\/table>\n<!-- #tablepress-127 from cache -->\n\n\n\n<div style=\"height:59px\" aria-hidden=\"true\" class=\"wp-block-spacer\"><\/div>\n\n\n\n<p><strong>Personale operativo assegnato all&#8217;Ufficio<\/strong><\/p>\n\n\n\n<table id=\"tablepress-42\" class=\"tablepress tablepress-id-42 tablepress-responsive\">\n<thead>\n<tr class=\"row-1\">\n\t<th class=\"column-1\"><strong>Dipendente<\/strong><\/th><th class=\"column-2\">Enzo Petruzzelli<\/th>\n<\/tr>\n<\/thead>\n<tbody>\n<tr class=\"row-2\">\n\t<td class=\"column-1\"><strong>Telefono<\/strong><\/td><td class=\"column-2\">0702360218<\/td>\n<\/tr>\n<tr class=\"row-3\">\n\t<td class=\"column-1\"><strong>Email<\/strong><\/td><td class=\"column-2\"><a href=\"mailto:enzo.petruzzelli@comune.sestu.ca.it\ufeff\">enzo.petruzzelli@comune.sestu.ca.it<\/a><br \/>\n<\/td>\n<\/tr>\n<\/tbody>\n<\/table>\n<!-- #tablepress-42 from cache -->\n\n\n\n<table id=\"tablepress-43\" class=\"tablepress tablepress-id-43 tablepress-responsive\">\n<thead>\n<tr class=\"row-1\">\n\t<th class=\"column-1\"><strong>Dipendente<\/strong><\/th><th class=\"column-2\">Monia Caboni<\/th>\n<\/tr>\n<\/thead>\n<tbody>\n<tr class=\"row-2\">\n\t<td class=\"column-1\"><strong>Telefono<\/strong><\/td><td class=\"column-2\">0702360215<\/td>\n<\/tr>\n<tr class=\"row-3\">\n\t<td class=\"column-1\"><strong>Email<\/strong><\/td><td class=\"column-2\"><a href=\"mailto:monia.caboni@comune.sestu.ca.it\ufeff\">monia.caboni@comune.sestu.ca.it<\/td>\n<\/tr>\n<\/tbody>\n<\/table>\n<!-- #tablepress-43 from cache -->\n\n\n\n<table id=\"tablepress-44\" class=\"tablepress tablepress-id-44 tablepress-responsive\">\n<thead>\n<tr class=\"row-1\">\n\t<th class=\"column-1\"><strong>Dipendente<\/strong><\/th><th class=\"column-2\">Stefania Atzori<\/th>\n<\/tr>\n<\/thead>\n<tbody>\n<tr class=\"row-2\">\n\t<td class=\"column-1\"><strong>Telefono<\/strong><\/td><td class=\"column-2\">0702360461<\/td>\n<\/tr>\n<tr class=\"row-3\">\n\t<td class=\"column-1\"><strong>Email<\/strong><\/td><td class=\"column-2\"><a href=\"mailto:stefania.atzori@comune.sestu.ca.it\ufeff\">stefania.atzori@comune.sestu.ca.it<\/a><br \/>\n<\/td>\n<\/tr>\n<\/tbody>\n<\/table>\n<!-- #tablepress-44 from cache -->\n\n\n\n<table id=\"tablepress-45\" class=\"tablepress tablepress-id-45 tablepress-responsive\">\n<thead>\n<tr class=\"row-1\">\n\t<th class=\"column-1\"><strong>Dipendente<\/strong><\/th><th class=\"column-2\">Elena Piras<\/th>\n<\/tr>\n<\/thead>\n<tbody>\n<tr class=\"row-2\">\n\t<td class=\"column-1\"><strong>Telefono<\/strong><\/td><td class=\"column-2\">0702360205<\/td>\n<\/tr>\n<tr class=\"row-3\">\n\t<td class=\"column-1\"><strong>Email<\/strong><\/td><td class=\"column-2\"><a href=\"mailto:elena.piras@comune.sestu.ca.it\ufeff\">elena.piras@comune.sestu.ca.it<\/a><br \/>\n<\/td>\n<\/tr>\n<\/tbody>\n<\/table>\n<!-- #tablepress-45 from cache -->\n\n\n\n<table id=\"tablepress-46\" class=\"tablepress tablepress-id-46 tablepress-responsive\">\n<thead>\n<tr class=\"row-1\">\n\t<th class=\"column-1\"><strong>Dipendente<\/strong><\/th><th class=\"column-2\">Maria Assunta Baldussi<\/th>\n<\/tr>\n<\/thead>\n<tbody>\n<tr class=\"row-2\">\n\t<td class=\"column-1\"><strong>Telefono<\/strong><\/td><td class=\"column-2\">0702360204<\/td>\n<\/tr>\n<tr class=\"row-3\">\n\t<td class=\"column-1\"><strong>Email<\/strong><\/td><td class=\"column-2\"><a href=\"mailto:maria.assunta.baldussi@comune.sestu.ca.it\ufeff\">maria.assunta.baldussi@comune.sestu.ca.it<\/a><\/td>\n<\/tr>\n<\/tbody>\n<\/table>\n<!-- #tablepress-46 from cache -->\n\n\n\n<table id=\"tablepress-47\" class=\"tablepress tablepress-id-47 tablepress-responsive\">\n<thead>\n<tr class=\"row-1\">\n\t<th class=\"column-1\"><strong>Dipendente<\/strong><\/th><th class=\"column-2\">Luciana Pusceddu<\/th>\n<\/tr>\n<\/thead>\n<tbody>\n<tr class=\"row-2\">\n\t<td class=\"column-1\"><strong>Telefono<\/strong><\/td><td class=\"column-2\">0702360206<\/td>\n<\/tr>\n<tr class=\"row-3\">\n\t<td class=\"column-1\"><strong>Email<\/strong><\/td><td class=\"column-2\"><a href=\"mailto:luciana.pusceddu@comune.sestu.ca.it\ufeff\">luciana.pusceddu@comune.sestu.ca.it<\/a><\/td>\n<\/tr>\n<\/tbody>\n<\/table>\n<!-- #tablepress-47 from cache -->\n\n\n\n<table id=\"tablepress-361\" class=\"tablepress tablepress-id-361 tablepress-responsive\">\n<thead>\n<tr class=\"row-1\">\n\t<th class=\"column-1\"><strong>Dipendente<\/strong><\/th><th class=\"column-2\">Alessandra Loi<\/th>\n<\/tr>\n<\/thead>\n<tbody>\n<tr class=\"row-2\">\n\t<td class=\"column-1\"><strong>Telefono<\/strong><\/td><td class=\"column-2\">0702360473<\/td>\n<\/tr>\n<tr class=\"row-3\">\n\t<td class=\"column-1\"><strong>Email<\/strong><\/td><td class=\"column-2\"><a href=\"mailto:alessandra.loi@comune.sestu.ca.it\ufeff\">alessandra.loi@comune.sestu.ca.it<\/a><\/td>\n<\/tr>\n<\/tbody>\n<\/table>\n<!-- #tablepress-361 from cache -->\n","protected":false},"excerpt":{"rendered":"","protected":false},"author":1,"featured_media":0,"parent":332,"menu_order":0,"comment_status":"closed","ping_status":"closed","template":"","meta":[],"_links":{"self":[{"href":"https:\/\/at.comune.sestu.ca.it\/index.php\/wp-json\/wp\/v2\/pages\/334"}],"collection":[{"href":"https:\/\/at.comune.sestu.ca.it\/index.php\/wp-json\/wp\/v2\/pages"}],"about":[{"href":"https:\/\/at.comune.sestu.ca.it\/index.php\/wp-json\/wp\/v2\/types\/page"}],"author":[{"embeddable":true,"href":"https:\/\/at.comune.sestu.ca.it\/index.php\/wp-json\/wp\/v2\/users\/1"}],"replies":[{"embeddable":true,"href":"https:\/\/at.comune.sestu.ca.it\/index.php\/wp-json\/wp\/v2\/comments?post=334"}],"version-history":[{"count":16,"href":"https:\/\/at.comune.sestu.ca.it\/index.php\/wp-json\/wp\/v2\/pages\/334\/revisions"}],"predecessor-version":[{"id":29657,"href":"https:\/\/at.comune.sestu.ca.it\/index.php\/wp-json\/wp\/v2\/pages\/334\/revisions\/29657"}],"up":[{"embeddable":true,"href":"https:\/\/at.comune.sestu.ca.it\/index.php\/wp-json\/wp\/v2\/pages\/332"}],"wp:attachment":[{"href":"https:\/\/at.comune.sestu.ca.it\/index.php\/wp-json\/wp\/v2\/media?parent=334"}],"curies":[{"name":"wp","href":"https:\/\/api.w.org\/{rel}","templated":true}]}}