{"id":3687,"date":"2019-11-12T08:11:52","date_gmt":"2019-11-12T07:11:52","guid":{"rendered":"http:\/\/at.comune.sestu.ca.it\/?page_id=3687"},"modified":"2020-03-05T12:01:28","modified_gmt":"2020-03-05T11:01:28","slug":"aree-amministrative","status":"publish","type":"page","link":"https:\/\/at.comune.sestu.ca.it\/index.php\/amministrazione\/aree-amministrative\/","title":{"rendered":"Aree Amministrative"},"content":{"rendered":"\n<div style=\"height:32px\" aria-hidden=\"true\" class=\"wp-block-spacer\"><\/div>\n\n\n\n<p>Il Comune di Sestu \u00e8 composto da sette Settori di massimo livello articolati in uno o pi\u00f9 Uffici, coordinati dal Segretario generale. Ciascun settore \u00e8 presieduto da un funzionario responsabile.<\/p>\n\n\n\n<p>L&#8217;attuale macrostruttura organizzativa \u00e8 stata approvata con delibera della Giunta n.159 del 10\/09\/2019.<\/p>\n\n\n\n<p>Per contattare i singoli Uffici \u00e8 possibile chiamare il centralino al n.07023601.<\/p>\n\n\n\n<table id=\"tablepress-145\" class=\"tablepress tablepress-id-145 tablepress-responsive\">\n<tbody class=\"row-hover\">\n<tr class=\"row-1 odd\">\n\t<td class=\"column-1\"><strong><a href=\"http:\/\/at.comune.sestu.ca.it\/index.php\/aree-amministrative\/segretario-generale\/\">Segretario generale<\/a><\/strong><\/td>\n<\/tr>\n<tr class=\"row-2 even\">\n\t<td class=\"column-1\"><strong><a href=\"http:\/\/at.comune.sestu.ca.it\/index.php\/aree-amministrative\/settore-1\/\">Settore 1 - Affari Generali, Organi Istituzionali, Appalti e  Contratti, Politiche Sociali<\/a><\/strong><\/td>\n<\/tr>\n<tr class=\"row-3 odd\">\n\t<td class=\"column-1\"><strong><a href=\"http:\/\/at.comune.sestu.ca.it\/index.php\/aree-amministrative\/settore-servizi-finanziari-e-tributi\/\">Settore 2 - Servizi Finanziari e Tributi<\/a><\/strong><\/td>\n<\/tr>\n<tr class=\"row-4 even\">\n\t<td class=\"column-1\"><strong><a href=\"http:\/\/at.comune.sestu.ca.it\/index.php\/aree-amministrative\/personale-informatica-protocollo-attivita-produttive-commercio-e-agricoltura\/\">Settore 3 - Personale, Informatica, Protocollo, Attivit\u00e0 produttive, Commercio e Agricoltura<\/a><\/strong><\/td>\n<\/tr>\n<tr class=\"row-5 odd\">\n\t<td class=\"column-1\"><strong><a href=\"http:\/\/at.comune.sestu.ca.it\/index.php\/amministrazione\/aree-amministrative\/servizi-demografici-pubblica-istruzione-cultura-sport-biblioteca-contenzioso\/\">Settore 4 \u2013 Servizi Demografici, Pubblica Istruzione, Cultura, Sport, Biblioteca, Contenzioso<\/a><\/strong><\/td>\n<\/tr>\n<tr class=\"row-6 even\">\n\t<td class=\"column-1\"><strong><a href=\"http:\/\/at.comune.sestu.ca.it\/index.php\/amministrazione\/aree-amministrative\/polizia-locale\/\">Settore 5 \u2013 Polizia Locale<\/a><\/strong><\/td>\n<\/tr>\n<tr class=\"row-7 odd\">\n\t<td class=\"column-1\"><strong><a href=\"http:\/\/at.comune.sestu.ca.it\/index.php\/aree-amministrative\/edilizia-pubblica-ambiente-servizi\/\">Settore 6 - Edilizia pubblica, infrastrutture, strade, ambiente e servizi tecnologici<\/a><\/strong><\/td>\n<\/tr>\n<tr class=\"row-8 even\">\n\t<td class=\"column-1\"><strong><a href=\"http:\/\/at.comune.sestu.ca.it\/index.php\/aree-amministrative\/urbanistica-edilizia-privata-suape\/\">Settore 7 - Urbanistica, Edilizia Privata, Patrimonio, SUAPE<\/a><\/strong><\/td>\n<\/tr>\n<tr class=\"row-9 odd\">\n\t<td class=\"column-1\">Organigramma <a href=\"http:\/\/at.comune.sestu.ca.it\/wp-content\/uploads\/2024\/03\/Organigramma-2023.pdf\">Organigramma-2023<\/a><\/td>\n<\/tr>\n<\/tbody>\n<\/table>\n<!-- #tablepress-145 from cache -->\n","protected":false},"excerpt":{"rendered":"<p>Il Comune di Sestu \u00e8 composto da sette Settori di massimo livello articolati in uno o pi\u00f9 Uffici, coordinati dal Segretario generale.<\/p>\n","protected":false},"author":3,"featured_media":0,"parent":32,"menu_order":1,"comment_status":"closed","ping_status":"closed","template":"","meta":[],"_links":{"self":[{"href":"https:\/\/at.comune.sestu.ca.it\/index.php\/wp-json\/wp\/v2\/pages\/3687"}],"collection":[{"href":"https:\/\/at.comune.sestu.ca.it\/index.php\/wp-json\/wp\/v2\/pages"}],"about":[{"href":"https:\/\/at.comune.sestu.ca.it\/index.php\/wp-json\/wp\/v2\/types\/page"}],"author":[{"embeddable":true,"href":"https:\/\/at.comune.sestu.ca.it\/index.php\/wp-json\/wp\/v2\/users\/3"}],"replies":[{"embeddable":true,"href":"https:\/\/at.comune.sestu.ca.it\/index.php\/wp-json\/wp\/v2\/comments?post=3687"}],"version-history":[{"count":13,"href":"https:\/\/at.comune.sestu.ca.it\/index.php\/wp-json\/wp\/v2\/pages\/3687\/revisions"}],"predecessor-version":[{"id":6281,"href":"https:\/\/at.comune.sestu.ca.it\/index.php\/wp-json\/wp\/v2\/pages\/3687\/revisions\/6281"}],"up":[{"embeddable":true,"href":"https:\/\/at.comune.sestu.ca.it\/index.php\/wp-json\/wp\/v2\/pages\/32"}],"wp:attachment":[{"href":"https:\/\/at.comune.sestu.ca.it\/index.php\/wp-json\/wp\/v2\/media?parent=3687"}],"curies":[{"name":"wp","href":"https:\/\/api.w.org\/{rel}","templated":true}]}}