{"id":376,"date":"2018-11-29T12:37:45","date_gmt":"2018-11-29T11:37:45","guid":{"rendered":"http:\/\/192.168.10.215\/wordpress\/?page_id=376"},"modified":"2024-02-16T12:56:43","modified_gmt":"2024-02-16T11:56:43","slug":"servizio-politiche-sociali","status":"publish","type":"page","link":"https:\/\/at.comune.sestu.ca.it\/index.php\/amministrazione\/aree-amministrative\/settore-1\/servizio-politiche-sociali\/","title":{"rendered":"Ufficio Politiche Sociali"},"content":{"rendered":"\n<div style=\"height:28px\" aria-hidden=\"true\" class=\"wp-block-spacer\"><\/div>\n\n\n<div id=\"tablepress-2-scroll-wrapper\" class=\"tablepress-scroll-wrapper\">\n\n<table id=\"tablepress-2\" class=\"tablepress tablepress-id-2 tablepress-responsive\">\n<thead>\n<tr class=\"row-1\">\n\t<th class=\"column-1\"><strong>Responsabile<\/strong><\/th><th class=\"column-2\">dott.ssa Sandra Licheri<\/th>\n<\/tr>\n<\/thead>\n<tbody>\n<tr class=\"row-2\">\n\t<td class=\"column-1\"><strong>Telefono<\/strong><\/td><td class=\"column-2\">0702360213<\/td>\n<\/tr>\n<tr class=\"row-3\">\n\t<td class=\"column-1\"><strong>Email<\/strong><\/td><td class=\"column-2\"><a href=\"mailto:sandra.licheri@comune.sestu.ca.it\">sandra.licheri@comune.sestu.ca.it<\/a><\/td>\n<\/tr>\n<\/tbody>\n<\/table>\n\n<\/div><!-- #tablepress-2 from cache -->\n\n\n\n<table id=\"tablepress-17\" class=\"tablepress tablepress-id-17 tablepress-responsive tablepress-responsive-stack-phone\">\n<tbody>\n<tr class=\"row-1 odd\">\n\t<td colspan=\"5\" class=\"column-1\"><strong>Orario al pubblico<\/strong><\/td>\n<\/tr>\n<tr class=\"row-2 even\">\n\t<td class=\"column-1\"><strong> Luned\u00ec<\/strong><br \/>\n11:00\/13:00<\/td><td class=\"column-2\"><strong>Marted\u00ec<\/strong><br \/>\n11:00\/13:00<br \/>\n15:30\/17:00<\/td><td class=\"column-3\"><strong>Mercoled\u00ec<\/strong><br \/>\n11:00\/13:00<\/td><td class=\"column-4\"><strong>Gioved\u00ec<\/strong><br \/>\n11:00\/13:00<br \/>\n15:30\/17:00<br \/>\n<\/td><td class=\"column-5\"><strong>Venerd\u00ec<\/strong><br \/>\n11:00\/13:00<\/td>\n<\/tr>\n<tr class=\"row-3 odd\">\n\t<td colspan=\"5\" class=\"column-1\">Per comunicazioni urgenti, dal luned\u00ec al venerd\u00ec in orario di servizio, \u00e8 possibile contattare il segretariato sociale al numero 070 237339<\/td>\n<\/tr>\n<\/tbody>\n<\/table>\n<!-- #tablepress-17 from cache -->\n\n\n\n<table id=\"tablepress-7\" class=\"tablepress tablepress-id-7 tablepress-responsive tablepress-responsive-stack-phone\">\n<tbody>\n<tr class=\"row-1 odd\">\n\t<td class=\"column-1\"><strong>Indirizzo<\/strong><\/td><td class=\"column-2\">Palazzo Civico Comunale - Via Scipione 1 - Primo piano<\/td>\n<\/tr>\n<\/tbody>\n<\/table>\n<!-- #tablepress-7 from cache -->\n\n\n\n<div style=\"height:28px\" aria-hidden=\"true\" class=\"wp-block-spacer\"><\/div>\n\n\n\n<p><strong>Competenze principali<\/strong><\/p>\n\n\n\n<table id=\"tablepress-126\" class=\"tablepress tablepress-id-126 tablepress-responsive\">\n<thead>\n<tr class=\"row-1\">\n\t<th class=\"column-1\"><i><strong>Funzioni<\/strong><\/i><\/th><th class=\"column-2\"><i><strong>Attivit\u00e0 non esaustive di competenza del Servizio<\/strong><\/i><\/th>\n<\/tr>\n<\/thead>\n<tbody>\n<tr class=\"row-2\">\n\t<td class=\"column-1\">Pianificazione e coordinamento<br \/>\ndegli interventi dell'area<br \/>\nsocio-sanitaria.<\/td><td class=\"column-2\">Supporto al coordinamento, presidio e controllo di tutte le attivit\u00e0<br \/>\nconnesse alla pianificazione socio-sanitaria;<br \/>\nistruttoria, elaborazione e valutazione della programmazione sociosanitaria<br \/>\ne coordinamento, gestione e controllo delle attivit\u00e0 connesse;<br \/>\ndirezione, coordinamento e monitoraggio delle attivit\u00e0 legate all'accesso<br \/>\nai servizi ed alla presa in carico, nonch\u00e9 definizione dei regolamenti<br \/>\nsull'accesso, sulla compartecipazione degli utenti alla spesa e sulla<br \/>\nregolazione dell'integrazione socio-sanitaria;<br \/>\nazioni di impulso e di verifica delle attivit\u00e0 attuative della<br \/>\nprogrammazione sociale e sociosanitaria.<\/td>\n<\/tr>\n<tr class=\"row-3\">\n\t<td class=\"column-1\">Gestione amministrativa.<\/td><td class=\"column-2\">Gestione degli aspetti amministrativi legati alla funzione di<br \/>\npianificazione propri del Comune e nell'ambito delle forme associative<br \/>\npreviste dalla vigente normativa di settore;<br \/>\ngestione amministrativa, contabile e finanziaria dei trasferimenti<br \/>\nregionali e statali in ordine ai progetti ed alle attivit\u00e0 gestite in proprio e<br \/>\nnelle forme associative previste dalla vigente normativa di settore.<\/td>\n<\/tr>\n<tr class=\"row-4\">\n\t<td class=\"column-1\">Istruttoria, Monitoraggio e<br \/>\nrendicontazione.<\/td><td class=\"column-2\">Istruttoria, monitoraggio e rendicontazione degli strumenti di<br \/>\nprogrammazione in area socio-sanitaria;<br \/>\nistruttoria e monitoraggio per la definizione dei regolamenti sull'accesso<br \/>\ne sulla compartecipazione degli utenti alla spesa;<br \/>\nmonitoraggio e rendicontazione dei fondi di finanziamento regionali e<br \/>\nnon, in ordine alle risorse economiche utilizzate ed alle attivit\u00e0 svolte.<\/td>\n<\/tr>\n<tr class=\"row-5\">\n\t<td class=\"column-1\">Partecipazione e confronto.<\/td><td class=\"column-2\">Supporto nel coinvolgimento costante delle espressioni del Terzo<br \/>\nSettore (Volontariato, Associazionismo, Cooperazione sociale, ecc) e<\/td>\n<\/tr>\n<tr class=\"row-6\">\n\t<td class=\"column-1\">Gestione dei contratti di<br \/>\nservizi.<\/td><td class=\"column-2\">Direzione e monitoraggio dei contratti relativi a servizi esternalizzati.<\/td>\n<\/tr>\n<tr class=\"row-7\">\n\t<td class=\"column-1\">Pari opportunit\u00e0 e politiche<br \/>\ndi genere.<\/td><td class=\"column-2\">Studi, ricerche, sperimentazioni, organizzazione di manifestazioni e<br \/>\nconvegni per la promozione di politiche di genere, conciliazione e pari<br \/>\nopportunit\u00e0;<br \/>\nattivazione di iniziative di informazione ed educazione connesse alle<br \/>\ntematiche di genere;<br \/>\ncollaborazione con l'associazionismo per la gestione di servizi di<br \/>\naccoglienza e di case rifugio per donne che subiscono violenza<br \/>\ndomestica o sono vittime di tratta;<br \/>\nadesione a reti e protocolli locali, regionali e nazionali in materia di<br \/>\ncontrasto alla violenza di genere, allo sfruttamento sessuale ed alla<br \/>\ntratta.<\/td>\n<\/tr>\n<tr class=\"row-8\">\n\t<td class=\"column-1\">Pianificazione delle azioni a<br \/>\nsostegno delle categorie<br \/>\nsociali in difficolt\u00e0 e<br \/>\nattuazione degli interventi.<\/td><td class=\"column-2\">Regolamentazione, pianificazione e direzione per l'erogazione di<br \/>\ncontributi e provvidenze in materia sanitaria e sociale: individuazione<br \/>\ndelle linee di indirizzo, definizione dei criteri e predisposizione dei<br \/>\nbandi;<br \/>\ngestione amministrativa dei contributi e delle provvidenze del Comune<br \/>\ne della Regione in materia sociale;<\/td>\n<\/tr>\n<\/tbody>\n<\/table>\n<!-- #tablepress-126 from cache -->\n\n\n\n<div style=\"height:36px\" aria-hidden=\"true\" class=\"wp-block-spacer\"><\/div>\n\n\n\n<p><strong>Personale operativo assegnato all\u2019Ufficio<\/strong><\/p>\n\n\n<div id=\"tablepress-18-scroll-wrapper\" class=\"tablepress-scroll-wrapper\">\n\n<table id=\"tablepress-18\" class=\"tablepress tablepress-id-18 tablepress-responsive\">\n<thead>\n<tr class=\"row-1\">\n\t<th class=\"column-1\"><strong>Dipendente<\/strong><\/th><th class=\"column-2\">Lucia Locci<\/th>\n<\/tr>\n<\/thead>\n<tbody>\n<tr class=\"row-2\">\n\t<td class=\"column-1\"><strong>Telefono<\/strong><\/td><td class=\"column-2\">0702360226 <\/td>\n<\/tr>\n<tr class=\"row-3\">\n\t<td class=\"column-1\"><strong>Email<\/strong><\/td><td class=\"column-2\"><a href=\"mailto:lucia.locci@comune.sestu.ca.it\ufeff\">lucia.locci@comune.sestu.ca.it\ufeff<\/a><br \/>\n<a href=\"servizi.sociali@comune.sestu.ca.it\ufeff\ufeff\">servizi.sociali@comune.sestu.ca.it\ufeff<\/a><\/td>\n<\/tr>\n<\/tbody>\n<\/table>\n\n<\/div><!-- #tablepress-18 from cache -->\n\n\n<div id=\"tablepress-32-scroll-wrapper\" class=\"tablepress-scroll-wrapper\">\n\n<table id=\"tablepress-32\" class=\"tablepress tablepress-id-32 tablepress-responsive\">\n<thead>\n<tr class=\"row-1\">\n\t<th class=\"column-1\"><strong>Dipendente<\/strong><\/th><th class=\"column-2\">Rossana Santus<\/th>\n<\/tr>\n<\/thead>\n<tbody>\n<tr class=\"row-2\">\n\t<td class=\"column-1\"><strong>Telefono<\/strong><\/td><td class=\"column-2\">0702360227<\/td>\n<\/tr>\n<tr class=\"row-3\">\n\t<td class=\"column-1\"><strong>Email<\/strong><\/td><td class=\"column-2\"><a href=\"mailto:rossana.santus@comune.sestu.ca.it\ufeff\">rossana.santus@comune.sestu.ca.it\ufeff<\/a><br \/>\n<\/td>\n<\/tr>\n<\/tbody>\n<\/table>\n\n<\/div><!-- #tablepress-32 from cache -->\n\n\n<div id=\"tablepress-33-scroll-wrapper\" class=\"tablepress-scroll-wrapper\">\n\n<table id=\"tablepress-33\" class=\"tablepress tablepress-id-33 tablepress-responsive\">\n<thead>\n<tr class=\"row-1\">\n\t<th class=\"column-1\"><strong>Dipendente<\/strong><\/th><th class=\"column-2\">Isabella Caschili<\/th>\n<\/tr>\n<\/thead>\n<tbody>\n<tr class=\"row-2\">\n\t<td class=\"column-1\"><strong>Telefono<\/strong><\/td><td class=\"column-2\">0702360234<\/td>\n<\/tr>\n<tr class=\"row-3\">\n\t<td class=\"column-1\"><strong>Email<\/strong><\/td><td class=\"column-2\"><a href=\"mailto:isabella.caschili@comune.sestu.ca.it\">isabella.caschili@comune.sestu.ca.it\ufeff<\/a><br \/>\n<\/td>\n<\/tr>\n<\/tbody>\n<\/table>\n\n<\/div><!-- #tablepress-33 from cache -->\n\n\n<div id=\"tablepress-34-scroll-wrapper\" class=\"tablepress-scroll-wrapper\">\n\n<table id=\"tablepress-34\" class=\"tablepress tablepress-id-34 tablepress-responsive\">\n<thead>\n<tr class=\"row-1\">\n\t<th class=\"column-1\"><strong>Dipendente<\/strong><\/th><th class=\"column-2\">Simona Manunza<\/th>\n<\/tr>\n<\/thead>\n<tbody>\n<tr class=\"row-2\">\n\t<td class=\"column-1\"><strong>Telefono<\/strong><\/td><td class=\"column-2\">0702360273<\/td>\n<\/tr>\n<tr class=\"row-3\">\n\t<td class=\"column-1\"><strong>Email<\/strong><\/td><td class=\"column-2\"><a href=\"mailto:simona.manunza@comune.sestu.ca.it\">simona.manunza@comune.sestu.ca.it\ufeff<\/a><br \/>\n<\/td>\n<\/tr>\n<\/tbody>\n<\/table>\n\n<\/div><!-- #tablepress-34 from cache -->\n\n\n<div id=\"tablepress-35-scroll-wrapper\" class=\"tablepress-scroll-wrapper\">\n\n<table id=\"tablepress-35\" class=\"tablepress tablepress-id-35 tablepress-responsive\">\n<thead>\n<tr class=\"row-1\">\n\t<th class=\"column-1\"><strong>Dipendente<\/strong><\/th><th class=\"column-2\">Simone Troga<\/th>\n<\/tr>\n<\/thead>\n<tbody>\n<tr class=\"row-2\">\n\t<td class=\"column-1\"><strong>Telefono<\/strong><\/td><td class=\"column-2\">0702360209<\/td>\n<\/tr>\n<tr class=\"row-3\">\n\t<td class=\"column-1\"><strong>Email<\/strong><\/td><td class=\"column-2\"><a href=\"mailto:simone.troga@comune.sestu.ca.it\">simone.troga@comune.sestu.ca.it\ufeff<\/a><br \/>\n<\/td>\n<\/tr>\n<\/tbody>\n<\/table>\n\n<\/div><!-- #tablepress-35 from cache -->\n\n\n<div id=\"tablepress-14-scroll-wrapper\" class=\"tablepress-scroll-wrapper\">\n\n<table id=\"tablepress-14\" class=\"tablepress tablepress-id-14 tablepress-responsive\">\n<thead>\n<tr class=\"row-1 odd\">\n\t<th class=\"column-1\"><strong>Dipendente<\/strong><\/th><th class=\"column-2\">Gianmichele Pau<\/th>\n<\/tr>\n<\/thead>\n<tbody>\n<tr class=\"row-2 even\">\n\t<td class=\"column-1\"><strong>Telefono<\/strong><\/td><td class=\"column-2\">0702360219<\/td>\n<\/tr>\n<tr class=\"row-3 odd\">\n\t<td class=\"column-1\"><strong>Email<\/strong><\/td><td class=\"column-2\"><a href=\"mailto:gianmichele.pau@comune.sestu.ca.it\ufeff\">gianmichele.pau@comune.sestu.ca.it\ufeff<\/a><\/td>\n<\/tr>\n<\/tbody>\n<\/table>\n\n<\/div><!-- #tablepress-14 from cache -->\n","protected":false},"excerpt":{"rendered":"","protected":false},"author":1,"featured_media":0,"parent":310,"menu_order":2,"comment_status":"closed","ping_status":"closed","template":"","meta":[],"_links":{"self":[{"href":"https:\/\/at.comune.sestu.ca.it\/index.php\/wp-json\/wp\/v2\/pages\/376"}],"collection":[{"href":"https:\/\/at.comune.sestu.ca.it\/index.php\/wp-json\/wp\/v2\/pages"}],"about":[{"href":"https:\/\/at.comune.sestu.ca.it\/index.php\/wp-json\/wp\/v2\/types\/page"}],"author":[{"embeddable":true,"href":"https:\/\/at.comune.sestu.ca.it\/index.php\/wp-json\/wp\/v2\/users\/1"}],"replies":[{"embeddable":true,"href":"https:\/\/at.comune.sestu.ca.it\/index.php\/wp-json\/wp\/v2\/comments?post=376"}],"version-history":[{"count":20,"href":"https:\/\/at.comune.sestu.ca.it\/index.php\/wp-json\/wp\/v2\/pages\/376\/revisions"}],"predecessor-version":[{"id":30351,"href":"https:\/\/at.comune.sestu.ca.it\/index.php\/wp-json\/wp\/v2\/pages\/376\/revisions\/30351"}],"up":[{"embeddable":true,"href":"https:\/\/at.comune.sestu.ca.it\/index.php\/wp-json\/wp\/v2\/pages\/310"}],"wp:attachment":[{"href":"https:\/\/at.comune.sestu.ca.it\/index.php\/wp-json\/wp\/v2\/media?parent=376"}],"curies":[{"name":"wp","href":"https:\/\/api.w.org\/{rel}","templated":true}]}}