{"id":3910,"date":"2019-11-21T11:15:11","date_gmt":"2019-11-21T10:15:11","guid":{"rendered":"http:\/\/at.comune.sestu.ca.it\/?page_id=3910"},"modified":"2023-02-07T11:24:40","modified_gmt":"2023-02-07T10:24:40","slug":"attivita-produttive-e-commercio","status":"publish","type":"page","link":"https:\/\/at.comune.sestu.ca.it\/index.php\/servizi\/attivita-produttive-e-commercio\/","title":{"rendered":"Attivit\u00e0 produttive, commercio e agricoltura"},"content":{"rendered":"\n<p>In questa sezione sono consultabili tutte le notizie relative alle attivit\u00e0 produttive, al commercio, all&#8217;agricoltura e alla caccia. Navigando nell&#8217;apposito men\u00f9 \u00e8 possibile reperire le informazione suddivise per ciascuna area tematica.<\/p>\n\n\n\n<div class=\"wp-block-buttons is-layout-flex\">\n<div class=\"wp-block-button\"><a class=\"wp-block-button__link has-colore-primario-chiaro-background-color has-background\" href=\"http:\/\/at.comune.sestu.ca.it\/index.php\/servizi\/attivita-produttive-e-commercio\/agricoltura\/\">Agricoltura<\/a><\/div>\n<\/div>\n\n\n\n<div class=\"wp-block-buttons is-layout-flex\">\n<div class=\"wp-block-button\"><a class=\"wp-block-button__link has-colore-primario-chiaro-background-color has-background\" href=\"http:\/\/at.comune.sestu.ca.it\/index.php\/servizi\/attivita-produttive-e-commercio\/attivita-produttive-e-commerciali\/\">Attivit\u00e0 produttive e commerciali<\/a><\/div>\n<\/div>\n\n\n\n<div class=\"wp-block-buttons is-layout-flex\">\n<div class=\"wp-block-button is-style-fill\"><a class=\"wp-block-button__link has-colore-primario-chiaro-background-color has-background\" href=\"http:\/\/at.comune.sestu.ca.it\/index.php\/servizi\/attivita-produttive-e-commercio\/caccia\/\">Caccia<\/a><\/div>\n<\/div>\n\n\n\n<div class=\"wp-block-buttons is-layout-flex\">\n<div class=\"wp-block-button\"><a class=\"wp-block-button__link has-colore-primario-chiaro-background-color has-background\" href=\"http:\/\/at.comune.sestu.ca.it\/index.php\/servizi\/attivita-produttive-e-commercio\/ufficio-suape\/\">Suape<\/a><\/div>\n<\/div>\n\n\n\n<div style=\"height:33px\" aria-hidden=\"true\" class=\"wp-block-spacer\"><\/div>\n\n\n\n<p><strong>News e avvisi<\/strong><\/p>\n\n\n<ul class=\"wp-block-latest-posts__list has-dates wp-block-latest-posts\"><li><a class=\"wp-block-latest-posts__post-title\" href=\"https:\/\/at.comune.sestu.ca.it\/index.php\/2024\/03\/20\/https-www-comune-sestu-ca-it-wp-admin-post-phppost30911actionedit\/\">Misure anti spopolamento \u2013 Avviso rivolto alle imprese, lavoratori autonomi e liberi professionisti.<\/a><time datetime=\"2024-03-20T14:37:42+01:00\" class=\"wp-block-latest-posts__post-date\">20\/03\/2024<\/time><div class=\"wp-block-latest-posts__post-excerpt\">Si informa che \u00e8 disponibile l\u2019avviso per usufruire del credito di imposta da utilizzarsi in compensazione con F24, ai sensi della legge regionale n. 3 del 2022 in materia di misure anti spopolamento.<\/div><\/li>\n<li><a class=\"wp-block-latest-posts__post-title\" href=\"https:\/\/at.comune.sestu.ca.it\/index.php\/2024\/03\/01\/https-www-comune-sestu-ca-it-wp-admin-post-phppost30642actionedit\/\">Scadenza domanda  per indennizzi danni da vento forte alle produzioni in agro di Sestu nel febbraio 2021<\/a><time datetime=\"2024-03-01T14:07:25+01:00\" class=\"wp-block-latest-posts__post-date\">01\/03\/2024<\/time><div class=\"wp-block-latest-posts__post-excerpt\">Si comunica che L&#8217;Agenzia Laore Sardegna ha pubblicato il bando per la presentazione delle domande di indennizzo per i danni subiti dalle impese agricole alle produzioni a causa delle eccezionali avversit\u00e0 atmosferiche (vento forte) che si sono verificate&nbsp;nel territorio comunale di Sestu nel mese di febbraio 2021&nbsp;(D.<\/div><\/li>\n<li><a class=\"wp-block-latest-posts__post-title\" href=\"https:\/\/at.comune.sestu.ca.it\/index.php\/2024\/02\/01\/https-www-comune-sestu-ca-it-wp-admin-post-phppost30166actionedit\/\">Indennizzi danni da vento forte alle produzioni in agro di Sestu nel febbraio 2021<\/a><time datetime=\"2024-02-01T11:10:17+01:00\" class=\"wp-block-latest-posts__post-date\">01\/02\/2024<\/time><div class=\"wp-block-latest-posts__post-excerpt\">Si comunica che L&#8217;Agenzia Laore Sardegna ha pubblicato il bando per la presentazione delle domande di indennizzo dei danni alle produzioni subiti dalle impese agricole a causa delle eccezionali avversit\u00e0 atmosferiche (vento forte) che si sono verificate\u00a0nel territorio comunale di Sestu nel mese di febbraio 2021\u00a0(D.G.R. n. 27\/92 del 10.08.2023).<\/div><\/li>\n<li><a class=\"wp-block-latest-posts__post-title\" href=\"https:\/\/at.comune.sestu.ca.it\/index.php\/2024\/01\/18\/https-www-comune-sestu-ca-it-wp-admin-post-phppost29975actionedit\/\">Incontro con Associazioni di categoria e Concessionari di posteggio del mercato settimanale di via Piave per lo spostamento del mercato nella piazza Campioni d\u2019Italia prospiciente Corso Italia e via Dante in Sestu.<\/a><time datetime=\"2024-01-18T13:15:40+01:00\" class=\"wp-block-latest-posts__post-date\">18\/01\/2024<\/time><div class=\"wp-block-latest-posts__post-excerpt\">Si rende noto che in relazione all\u2019intendimento dell&#8217;Amministrazione comunale di addivenire allo spostamento del mercato settimanale, attualmente svolgentesi al gioved\u00ec nella via Piave, nella nuova piazza Campioni d\u2019Italia realizzata all\u2019angolo tra la via Dante e il Corso Italia in Sestu, si terr\u00e0 presso la Sala consiliare di questo Comune, sita nella via Scipione 1, il giorno 25 gennaio 2024, alle ore 15:00, una conferenza esplicativa nel corso della quale saranno rappresentate le specificit\u00e0 dell\u2019intervento ed acquisite le eventuali considerazioni delle parti in causa.<\/div><\/li>\n<li><a class=\"wp-block-latest-posts__post-title\" href=\"https:\/\/at.comune.sestu.ca.it\/index.php\/2023\/11\/17\/elenco-fornitori-della-ristorazione-collettiva-sostenibile\/\">Elenco fornitori della ristorazione collettiva sostenibile<\/a><time datetime=\"2023-11-17T09:22:09+01:00\" class=\"wp-block-latest-posts__post-date\">17\/11\/2023<\/time><div class=\"wp-block-latest-posts__post-excerpt\">L&#8217;Agenzia Laore Sardegna ha istituito un elenco fornitori, imprese agricole, artigiane e commerciali ad uso dagli operatori della ristorazione collettiva al fine promuovere e facilitare l\u2019incontro tra domanda-offerta di produzioni di qualit\u00e0 e di eccellenza, sostenibili, a bassa percorrenza valorizzando la cultura agroalimentare dei territori.<\/div><\/li>\n<\/ul>\n\n\n<div class=\"wp-block-columns is-layout-flex wp-container-7\">\n<div class=\"wp-block-column is-layout-flow\" style=\"flex-basis:100%\">\n<div class=\"wp-block-group is-layout-flow\"><div class=\"wp-block-group__inner-container\"><\/div><\/div>\n<\/div>\n<\/div>\n","protected":false},"excerpt":{"rendered":"<p>In questa sezione sono consultabili tutte le notizie relative alle attivit\u00e0 produttive, al commercio, all&#8217;agricoltura e alla caccia.<\/p>\n","protected":false},"author":3,"featured_media":0,"parent":4512,"menu_order":2,"comment_status":"closed","ping_status":"closed","template":"","meta":[],"_links":{"self":[{"href":"https:\/\/at.comune.sestu.ca.it\/index.php\/wp-json\/wp\/v2\/pages\/3910"}],"collection":[{"href":"https:\/\/at.comune.sestu.ca.it\/index.php\/wp-json\/wp\/v2\/pages"}],"about":[{"href":"https:\/\/at.comune.sestu.ca.it\/index.php\/wp-json\/wp\/v2\/types\/page"}],"author":[{"embeddable":true,"href":"https:\/\/at.comune.sestu.ca.it\/index.php\/wp-json\/wp\/v2\/users\/3"}],"replies":[{"embeddable":true,"href":"https:\/\/at.comune.sestu.ca.it\/index.php\/wp-json\/wp\/v2\/comments?post=3910"}],"version-history":[{"count":20,"href":"https:\/\/at.comune.sestu.ca.it\/index.php\/wp-json\/wp\/v2\/pages\/3910\/revisions"}],"predecessor-version":[{"id":21429,"href":"https:\/\/at.comune.sestu.ca.it\/index.php\/wp-json\/wp\/v2\/pages\/3910\/revisions\/21429"}],"up":[{"embeddable":true,"href":"https:\/\/at.comune.sestu.ca.it\/index.php\/wp-json\/wp\/v2\/pages\/4512"}],"wp:attachment":[{"href":"https:\/\/at.comune.sestu.ca.it\/index.php\/wp-json\/wp\/v2\/media?parent=3910"}],"curies":[{"name":"wp","href":"https:\/\/api.w.org\/{rel}","templated":true}]}}