{"id":4586,"date":"2020-01-03T13:20:26","date_gmt":"2020-01-03T12:20:26","guid":{"rendered":"http:\/\/at.comune.sestu.ca.it\/?page_id=4586"},"modified":"2020-01-03T13:23:43","modified_gmt":"2020-01-03T12:23:43","slug":"richiesta-cambio-di-residenza-provenienza-da-altro-comune","status":"publish","type":"page","link":"https:\/\/at.comune.sestu.ca.it\/index.php\/servizi\/anagrafe-e-stato-civile\/richiesta-cambio-di-residenza-provenienza-da-altro-comune\/","title":{"rendered":"Richiesta cambio di residenza &#8211; provenienza da altro Comune"},"content":{"rendered":"\n<h4 class=\"wp-block-heading\">Cos&#8217;\u00e8<\/h4>\n\n\n\n<p>Il Comune si occupa di comunicare le variazioni alla Motorizzazione Civile, in modo che esse vengano tracciate anche sulle patenti e sui libretti dei veicoli in possesso di chi cambia residenza. Congiuntamente va presentata una dichiarazione all&#8217;ufficio tributi per la gestione della variazione in merito alla tassa sui rifiuti.<\/p>\n\n\n\n<h4 class=\"wp-block-heading\">A chi si rivolge<\/h4>\n\n\n\n<p>Cittadini che si trasferiscono presso un alloggio collocato all&#8217;interno dello territorio comunale.<\/p>\n\n\n\n<h5 class=\"wp-block-heading\">Chi pu\u00f2 fare domanda<\/h5>\n\n\n\n<p>Cittadini maggiorenni. In caso di nuclei famigliari, la domanda include anche i dati di tutti i componenti della famiglia.<\/p>\n\n\n\n<h4 class=\"wp-block-heading\">Accedere al servizio<\/h4>\n\n\n\n<p>La richiesta va presentata&nbsp;<strong>entro&nbsp;20 giorni dalla data del trasferimento<\/strong>&nbsp;nel nuovo alloggio.&nbsp;<\/p>\n\n\n\n<p>La documentazione richiesta va compilata e presentata all&#8217;ufficio Servizi Demografici.<\/p>\n\n\n\n<p>Verr\u00e0 chiesto di indicare delle fasce orarie di reperibilit\u00e0 ai fini del controllo (dimora abituale) da parte della Polizia municipale. Il controllo serve a stabilire che i richiedenti risiedano effettivamente presso l&#8217;alloggio indicato nella richiesta.<\/p>\n\n\n\n<p>Alla presentazione della documentazione, si ottiene una dichiarazione di avvio del procedimento. Tale dichiarazione (o una sua copia) va tenuta insieme al libretto di circolazione dei mezzi in possesso.<\/p>\n\n\n\n<p><strong>Attenzione:&nbsp;<\/strong>si ricorda che<strong>&nbsp;entro 60 giorni<\/strong>&nbsp;dalla data di trasferimento nel nuovo alloggio va presentata anche la&nbsp;Dichiarazione TARI&nbsp;all&#8217;ufficio Tributi,&nbsp;che si occuper\u00e0 di tracciare la variazione per quanto riguarda la tassa sui rifiuti (TARI).<\/p>\n\n\n\n<h5 class=\"wp-block-heading\">Dopo la presentazione della richiesta<\/h5>\n\n\n\n<p><strong>entro 2 giorni lavorativi<\/strong>&nbsp;dalla presentazione della documentazione, le modifiche vengono apportate all&#8217;anagrafe. Di fatto il cambio di residenza \u00e8 effettivo.&nbsp;<\/p>\n\n\n\n<p><strong>entro 45 giorni<\/strong>&nbsp;dalla presentazione della documentazione, il comune conclude il procedimento, previo controllo di effettiva residenza da parte della Polizia locale.<\/p>\n\n\n\n<h4 class=\"wp-block-heading\">Cosa serve<\/h4>\n\n\n\n<h5 class=\"wp-block-heading\">Documentazione da presentare<\/h5>\n\n\n\n<ul><li>Modulo &#8220;Dichiarazione cambio di residenza&#8221; compilato e sottoscritto dal dichiarante e da tutti i componenti maggiorenni del nucleo familiare;<\/li><li>Copia dei documenti di identit\u00e0 dei componenti del nucleo familiare;<\/li><li>Copia delle patenti di guida per i componenti del nucleo familiare che ne sono in possesso;<\/li><li>Lista delle targhe dei veicoli in possesso del nucleo familiare<\/li><li><strong>Ai cittadini di paesi extra UE<\/strong>&nbsp;\u00e8 richiesta anche la documentazione indicata nell&#8217;<strong>allegato A<\/strong>&nbsp;del Modulo &#8220;Dichiarazione cambio di residenza&#8221;<\/li><li><strong>Ai cittadini di paesi UE<\/strong>&nbsp;\u00e8 richiesta anche la documentazione indicata nell&#8217;<strong>allegato B<\/strong>&nbsp;del Modulo &#8220;Dichiarazione cambio di residenza&#8221;<\/li><\/ul>\n\n\n\n<p>Pu\u00f2 essere richiesto il&nbsp;<strong>titolo di occupazione dell&#8217;alloggio,&nbsp;<\/strong>a seconda della posizione di chi presenta la richiesta:<\/p>\n\n\n\n<ul><li>Se chi presenta \u00e8<strong>&nbsp;Proprietario<\/strong>, viene chiesta la&nbsp;compilazione degli estremi catastali, oppure copia dell&#8217;atto notarile di compravendita;<\/li><li>Se chi presenta \u00e8&nbsp;<strong>Intestatario del contratto di locazione&nbsp;<\/strong>viene chiesta&nbsp;copia del contratto d&#8217;affitto o estremi di registrazione presso l&#8217;Agenzia delle Entrate;<\/li><li>Se chi presenta \u00e8&nbsp;<strong>Intestatario del contratto di locazione per un alloggio pubblico<\/strong>, viene chiesta&nbsp;copia del contratto o del verbale di consegna dell&#8217;immobile;<\/li><li>Se chi presenta \u00e8<strong>&nbsp;Comodatario con contratto di comodato d&#8217;uso gratuito<\/strong>, viene chiesta&nbsp;copia del contratto o estremi di registrazione presso l&#8217;Agenzia delle Entrate;<\/li><li>Se chi presenta \u00e8<strong>&nbsp;Usufruttuario<\/strong>, vengono chiesti dati utili al fine di consentire la verifica da parte dell&#8217;ufficio Anagrafe.<\/li><\/ul>\n\n\n\n<p>Potrebbe inoltre essere richiesta la compilazione del modulo&nbsp;<strong>Dichiarazione sostitutiva dell&#8217;atto di notoriet\u00e0<\/strong>&nbsp;da parte del del proprietario dell&#8217;immobile.<\/p>\n\n\n\n<h4 class=\"wp-block-heading\">Tempi e scadenze<\/h4>\n\n\n\n<p>45 giorni <strong>Giorni massimi di attesa, dalla richiesta<\/strong><\/p>\n\n\n\n<h4 class=\"wp-block-heading\">Casi particolari<\/h4>\n\n\n\n<p>In caso di&nbsp;<strong>mancanza dei requisiti<\/strong>&nbsp;o di&nbsp;<strong>accertamenti negativi da parte del Corpo di Polizia locale<\/strong>, il Comune provveder\u00e0 a comunicare l&#8217;esito negativo al cittadino (preavviso di rigetto). L&#8217;interessato avr\u00e0 10 giorni per presentare le proprie osservazioni.<\/p>\n\n\n\n<p>In caso di mancato accoglimento della dichiarazione di cambio di residenza, il comune provveder\u00e0 a ripristinare la posizione anagrafica precedente, annullando l&#8217;iscrizione. Il dichiarante decadr\u00e0 inoltre dai benefici nel frattempo conseguiti e dovr\u00e0 rispondere delle false dichiarazioni.<\/p>\n\n\n\n<p><strong>Orario Ufficio Servizi Demografici<\/strong><\/p>\n\n\n\n<table id=\"tablepress-72\" class=\"tablepress tablepress-id-72 tablepress-responsive\">\n<tbody>\n<tr class=\"row-1 odd\">\n\t<td colspan=\"5\" class=\"column-1\"><strong>Orario al pubblico<\/strong><\/td>\n<\/tr>\n<tr class=\"row-2 even\">\n\t<td class=\"column-1\"><strong> Luned\u00ec<\/strong><br \/>\n11:00\/13:00<\/td><td class=\"column-2\"><strong>Marted\u00ec<\/strong><br \/>\n11:00\/13:00<br \/>\n15:30\/17:00<\/td><td class=\"column-3\"><strong>Mercoled\u00ec<\/strong><br \/>\n11:00\/13:00<\/td><td class=\"column-4\"><strong>Gioved\u00ec<\/strong><br \/>\n11:00\/13:00<br \/>\n15:30\/17:00<\/td><td class=\"column-5\"><strong>Venerd\u00ec<\/strong><br \/>\n11:00\/13:00<\/td>\n<\/tr>\n<\/tbody>\n<\/table>\n<!-- #tablepress-72 from cache -->\n","protected":false},"excerpt":{"rendered":"<p>Cos&#8217;\u00e8 Il Comune si occupa di comunicare le variazioni alla Motorizzazione Civile, in modo che esse vengano tracciate anche sulle patenti e sui libretti dei veicoli in possesso di chi cambia residenza.<\/p>\n","protected":false},"author":3,"featured_media":0,"parent":3898,"menu_order":1,"comment_status":"closed","ping_status":"closed","template":"","meta":[],"_links":{"self":[{"href":"https:\/\/at.comune.sestu.ca.it\/index.php\/wp-json\/wp\/v2\/pages\/4586"}],"collection":[{"href":"https:\/\/at.comune.sestu.ca.it\/index.php\/wp-json\/wp\/v2\/pages"}],"about":[{"href":"https:\/\/at.comune.sestu.ca.it\/index.php\/wp-json\/wp\/v2\/types\/page"}],"author":[{"embeddable":true,"href":"https:\/\/at.comune.sestu.ca.it\/index.php\/wp-json\/wp\/v2\/users\/3"}],"replies":[{"embeddable":true,"href":"https:\/\/at.comune.sestu.ca.it\/index.php\/wp-json\/wp\/v2\/comments?post=4586"}],"version-history":[{"count":4,"href":"https:\/\/at.comune.sestu.ca.it\/index.php\/wp-json\/wp\/v2\/pages\/4586\/revisions"}],"predecessor-version":[{"id":4590,"href":"https:\/\/at.comune.sestu.ca.it\/index.php\/wp-json\/wp\/v2\/pages\/4586\/revisions\/4590"}],"up":[{"embeddable":true,"href":"https:\/\/at.comune.sestu.ca.it\/index.php\/wp-json\/wp\/v2\/pages\/3898"}],"wp:attachment":[{"href":"https:\/\/at.comune.sestu.ca.it\/index.php\/wp-json\/wp\/v2\/media?parent=4586"}],"curies":[{"name":"wp","href":"https:\/\/api.w.org\/{rel}","templated":true}]}}