{"id":4591,"date":"2020-01-03T13:24:27","date_gmt":"2020-01-03T12:24:27","guid":{"rendered":"http:\/\/at.comune.sestu.ca.it\/?page_id=4591"},"modified":"2020-01-03T13:26:16","modified_gmt":"2020-01-03T12:26:16","slug":"richiesta-cambio-di-residenza-allinterno-del-comune","status":"publish","type":"page","link":"https:\/\/at.comune.sestu.ca.it\/index.php\/servizi\/anagrafe-e-stato-civile\/richiesta-cambio-di-residenza-allinterno-del-comune\/","title":{"rendered":"Richiesta cambio di residenza all&#8217;interno del Comune"},"content":{"rendered":"\n<p>Un cittadino che cambia indirizzo all&#8217;interno del Comune \u00e8 tenuto a richiedere il cambio di residenza.\u00a0 <\/p>\n\n\n\n<h4 class=\"wp-block-heading\">Cos&#8217;\u00e8<\/h4>\n\n\n\n<p>Cambio di abitazione del nucleo familiare nell\u2019ambito del territorio comunale.<\/p>\n\n\n\n<h4 class=\"wp-block-heading\">A chi si rivolge<\/h4>\n\n\n\n<p>Cittadini residenti nel territorio comunale che si spostano presso un nuovo alloggio collocato all&#8217;interno dello stesso territorio.<\/p>\n\n\n\n<h5 class=\"wp-block-heading\">Chi pu\u00f2 fare domanda<\/h5>\n\n\n\n<p>Cittadini maggiorenni. In caso di nuclei famigliari, la domanda include anche i dati di tutti i componenti della famiglia.<\/p>\n\n\n\n<h4 class=\"wp-block-heading\">Accedere al servizio<\/h4>\n\n\n\n<p>La richiesta va presentata&nbsp;<strong>entro&nbsp;20 giorni dalla data del trasferimento<\/strong>&nbsp;nel nuovo alloggio.&nbsp;<\/p>\n\n\n\n<p>La documentazione richiesta va compilata e presentata all&#8217;ufficio Servizi Demografici.<\/p>\n\n\n\n<p>In caso di&nbsp;<strong>trasferimento di un interno nucleo familiare<\/strong>, la dichiarazione pu\u00f2 essere presentata da uno&nbsp;qualsiasi dei componenti la famiglia purch\u00e8 maggiorenne.<\/p>\n\n\n\n<p>In caso di trasferimento di minori con un solo genitore si richiede la dichiarazione dell&#8217;altro genitore.<\/p>\n\n\n\n<p>In caso di cambio di residenza presso una famiglia gi\u00e0 residente, si richiede la dichiarazione di un&nbsp;componente di tale famiglia<\/p>\n\n\n\n<p>Verr\u00e0 chiesto di comunicare delle fasce orarie di reperibilit\u00e0 ai fini del controllo della dimora abituale da parte della Polizia Locale. Il controllo serve a stabilire che i richiedenti risiedano effettivamente presso l&#8217;alloggio indicato nella richiesta.<\/p>\n\n\n\n<p>Se gli interessati al cambio di abitazione sono in possesso di libretto di circolazione di veicoli e\/o di&nbsp;patente di guida italiana o rilasciata da Paesi dell&#8217;UE e riconosciuta dall&#8217;Italia, il dichiarante deve&nbsp;anche fornire i seguenti dati:<\/p>\n\n\n\n<ul><li>per i veicoli: la targa<\/li><li>per le patenti: numero, tipo (A,B,C&#8230;), data rilascio, ente che ha rilasciato il documento(Prefettura o Motorizzazione) con la relativa Provincia.<\/li><\/ul>\n\n\n\n<p>Verr\u00e0 rilasciata una ricevuta provvisoria attestante la variazione dell\u2019indirizzo da conservare<br>unitamente al libretto di circolazione dei mezzi in possesso fino al ricevimento del tagliando<br>adesivo dalla Motorizzazione.<\/p>\n\n\n\n<p><strong>Attenzione:\u00a0<\/strong>si ricorda che<strong>\u00a0entro 60 giorni<\/strong>\u00a0dalla data di trasferimento nel nuovo alloggio va presentata anche la\u00a0Dichiarazione TARI\u00a0all&#8217;ufficio Tributi,\u00a0che si occuper\u00e0 di annotare la variazione per quanto riguarda la tassa sui rifiuti (TARI).<\/p>\n\n\n\n<h5 class=\"wp-block-heading\">Dopo la presentazione della richiesta<\/h5>\n\n\n\n<p>La variazione di indirizzo decorre dal giorno in cui \u00e8 stata presentata la dichiarazione.<\/p>\n\n\n\n<p><strong>entro 2 giorni lavorativi<\/strong>&nbsp;dalla presentazione della documentazione, le modifiche vengono apportate all&#8217;anagrafe. Di fatto il cambio di residenza \u00e8 effettivo.&nbsp;<\/p>\n\n\n\n<p><strong>entro 45 giorni<\/strong>&nbsp;dalla presentazione della documentazione, il comune conclude il procedimento, previo controllo di effettiva residenza da parte della Polizia municipale.<\/p>\n\n\n\n<p>Alla conclusione della procedura, il Comune&nbsp;<strong>invia un sms di conferma&nbsp;<\/strong>dell<strong>&#8216;<\/strong>avvenuto cambio di residenza.<\/p>\n\n\n\n<h4 class=\"wp-block-heading\">Cosa serve<\/h4>\n\n\n\n<h5 class=\"wp-block-heading\">Documentazione da presentare<\/h5>\n\n\n\n<ul><li>Modulo &#8220;Dichiarazione cambio di residenza&#8221; compilato e sottoscritto dal dichiarante e da tutti i componenti maggiorenni del nucleo familiare;<\/li><li>Copia di un documento di riconoscimento in corso di validit\u00e0 di tutti i componenti del nucleo familiare;<\/li><li>Estremi della patente di guida per i componenti del nucleo familiare che ne sono in possesso;<\/li><li>Lista delle targhe dei veicoli in possesso&nbsp;dei componenti il nucleo familiare<\/li><\/ul>\n\n\n\n<p>Pu\u00f2 essere richiesto il&nbsp;<strong>titolo di occupazione dell&#8217;alloggio,&nbsp;<\/strong>a seconda della posizione di chi presenta la richiesta:<\/p>\n\n\n\n<ul><li>Se chi presenta \u00e8<strong>&nbsp;Proprietario<\/strong>, viene chiesta la&nbsp;compilazione degli estremi catastali, oppure copia dell&#8217;atto notarile di compravendita;<\/li><li>Se chi presenta \u00e8&nbsp;<strong>Intestatario del contratto di locazione&nbsp;<\/strong>viene chiesta&nbsp;copia del contratto d&#8217;affitto o estremi di registrazione presso l&#8217;Agenzia delle Entrate;<\/li><li>Se chi presenta \u00e8&nbsp;<strong>Intestatario del contratto di locazione per un alloggio pubblico<\/strong>, viene chiesta&nbsp;copia del contratto o del verbale di consegna dell&#8217;immobile;<\/li><li>Se chi presenta \u00e8<strong>&nbsp;Comodatario con contratto di comodato d&#8217;uso gratuito<\/strong>, viene chiesta&nbsp;copia del contratto o estremi di registrazione presso l&#8217;Agenzia delle Entrate;<\/li><li>Se chi presenta \u00e8<strong>&nbsp;Usufruttuario<\/strong>, vengono chiesti dati utili al fine di consentire la verifica da parte dell&#8217;ufficio Anagrafe.<\/li><\/ul>\n\n\n\n<p>Potrebbe inoltre essere richiesta la compilazione del modulo&nbsp;<strong>Dichiarazione sostitutiva dell&#8217;atto di notoriet\u00e0<\/strong>&nbsp;da parte del proprietario dell&#8217;immobile.<\/p>\n\n\n\n<h4 class=\"wp-block-heading\">Tempi e scadenze<\/h4>\n\n\n\n<p>45 GIORNI  <strong>Giorni massimi di attesa, dalla richiesta<\/strong><\/p>\n\n\n\n<h4 class=\"wp-block-heading\">Casi particolari<\/h4>\n\n\n\n<p>In caso di\u00a0<strong>mancanza dei requisiti<\/strong>\u00a0o di\u00a0<strong>accertamenti negativi da parte del Corpo di Polizia Locale<\/strong>, il Comune provveder\u00e0 a comunicare l&#8217;esito negativo al cittadino (preavviso di rigetto). L&#8217;interessato avr\u00e0 10 giorni per presentare le proprie osservazioni.<\/p>\n\n\n\n<p>In caso di mancato accoglimento della dichiarazione di cambio di residenza, il comune provveder\u00e0 a ripristinare la posizione anagrafica precedente, annullando l&#8217;iscrizione. Il dichiarante decadr\u00e0 inoltre dai benefici nel frattempo conseguiti e dovr\u00e0 rispondere delle false dichiarazioni.<br><\/p>\n","protected":false},"excerpt":{"rendered":"<p>Un cittadino che cambia indirizzo all&#8217;interno del Comune \u00e8 tenuto a richiedere il cambio di residenza.<\/p>\n","protected":false},"author":3,"featured_media":0,"parent":3898,"menu_order":2,"comment_status":"closed","ping_status":"closed","template":"","meta":[],"_links":{"self":[{"href":"https:\/\/at.comune.sestu.ca.it\/index.php\/wp-json\/wp\/v2\/pages\/4591"}],"collection":[{"href":"https:\/\/at.comune.sestu.ca.it\/index.php\/wp-json\/wp\/v2\/pages"}],"about":[{"href":"https:\/\/at.comune.sestu.ca.it\/index.php\/wp-json\/wp\/v2\/types\/page"}],"author":[{"embeddable":true,"href":"https:\/\/at.comune.sestu.ca.it\/index.php\/wp-json\/wp\/v2\/users\/3"}],"replies":[{"embeddable":true,"href":"https:\/\/at.comune.sestu.ca.it\/index.php\/wp-json\/wp\/v2\/comments?post=4591"}],"version-history":[{"count":2,"href":"https:\/\/at.comune.sestu.ca.it\/index.php\/wp-json\/wp\/v2\/pages\/4591\/revisions"}],"predecessor-version":[{"id":4593,"href":"https:\/\/at.comune.sestu.ca.it\/index.php\/wp-json\/wp\/v2\/pages\/4591\/revisions\/4593"}],"up":[{"embeddable":true,"href":"https:\/\/at.comune.sestu.ca.it\/index.php\/wp-json\/wp\/v2\/pages\/3898"}],"wp:attachment":[{"href":"https:\/\/at.comune.sestu.ca.it\/index.php\/wp-json\/wp\/v2\/media?parent=4591"}],"curies":[{"name":"wp","href":"https:\/\/api.w.org\/{rel}","templated":true}]}}