{"id":4602,"date":"2020-01-03T14:03:46","date_gmt":"2020-01-03T13:03:46","guid":{"rendered":"http:\/\/at.comune.sestu.ca.it\/?page_id=4602"},"modified":"2023-03-23T11:39:04","modified_gmt":"2023-03-23T10:39:04","slug":"ritiro-e-denuncia-furto-contenitori-raccolta-differenziata","status":"publish","type":"page","link":"https:\/\/at.comune.sestu.ca.it\/index.php\/servizi\/ambiente\/ritiro-e-denuncia-furto-contenitori-raccolta-differenziata\/","title":{"rendered":"Ritiro e denuncia furto kit raccolta differenziata"},"content":{"rendered":"\n<p>A ciascuna utenza regolarmente iscritta nel registro TARI del Comune di Sestu \u00e8 consegnato un kit RD (raccolta differenziata) costituito da buste e contenitori dotati di un tag a radiofrequenza.<\/p>\n\n\n\n<p>In caso di furto o di rottura non imputabile agli operatori, \u00e8 possibile acquistare nuovi contenitori per l&#8217;effettuazione della raccolta differenziata dei rifiuti. Dato che essi sono dotati del un tag a radiofrequenza \u00e8 necessario registrare il nuovo acquisto e cancellare il precedente. Per questa ragione, chi ha subito il furto di uno o pi\u00f9 contenitori dovr\u00e0 denunciarlo all\u2019Ufficio Ambiente usando l&#8217;apposito modulo di seguito scaricabile. Il modulo, una volta compilato, con allegata copia del documento di identit\u00e0 del titolare dell\u2019utenza TARI, dovr\u00e0 essere consegnato al Protocollo del Comune che provveder\u00e0 al rilascio di una copia timbrata. Con quella copia sar\u00e0 possibile comprare un nuovo contenitore dello stesso tipo di quello di cui si \u00e8 denunciato il furto. <\/p>\n\n\n\n<p>In caso di rottura, invece, sar\u00e0 sufficiente riportare il bidone rotto, cos\u00ec che questo venga ritirato e smaltito correttamente, e procedere all\u2019acquisto e alla riassegnazione del tag. In nessun caso sar\u00e0 possibile vendere bidoni a chi non ne denunci il furto o non ne riconsegni uno rotto della propria dotazione originaria. Il tag permette agli operatori di riconoscere se per strada si trovano dei bidoni che risultano rubati e chi avesse dichiarato un falso furto sarebbe punibile secondo le norme vigenti. <\/p>\n\n\n\n<p>Per l\u2019acquisto sar\u00e0 necessario mostrare il proprio documento di identit\u00e0 \u2013 se titolare dell\u2019utenza \u2013 o delegare altri usando l&#8217;apposito modulo. Il delegato dovr\u00e0 mostrare il proprio documento di identit\u00e0 agli operatori.<\/p>\n\n\n\n<p>Per ulteriori informazioni contattare il numero verde <strong>800 276862<\/strong> o mandare una mail a <a href=\"mailto:sestudifferenzia@etaspa.com\">sestudifferenzia@etaspa.com<\/a>.<\/p>\n","protected":false},"excerpt":{"rendered":"<p>A ciascuna utenza regolarmente iscritta nel registro TARI del Comune di Sestu \u00e8 consegnato un kit RD (raccolta differenziata) costituito da buste e contenitori dotati di un tag a radiofrequenza.<\/p>\n","protected":false},"author":3,"featured_media":0,"parent":3904,"menu_order":5,"comment_status":"closed","ping_status":"closed","template":"","meta":[],"_links":{"self":[{"href":"https:\/\/at.comune.sestu.ca.it\/index.php\/wp-json\/wp\/v2\/pages\/4602"}],"collection":[{"href":"https:\/\/at.comune.sestu.ca.it\/index.php\/wp-json\/wp\/v2\/pages"}],"about":[{"href":"https:\/\/at.comune.sestu.ca.it\/index.php\/wp-json\/wp\/v2\/types\/page"}],"author":[{"embeddable":true,"href":"https:\/\/at.comune.sestu.ca.it\/index.php\/wp-json\/wp\/v2\/users\/3"}],"replies":[{"embeddable":true,"href":"https:\/\/at.comune.sestu.ca.it\/index.php\/wp-json\/wp\/v2\/comments?post=4602"}],"version-history":[{"count":6,"href":"https:\/\/at.comune.sestu.ca.it\/index.php\/wp-json\/wp\/v2\/pages\/4602\/revisions"}],"predecessor-version":[{"id":18384,"href":"https:\/\/at.comune.sestu.ca.it\/index.php\/wp-json\/wp\/v2\/pages\/4602\/revisions\/18384"}],"up":[{"embeddable":true,"href":"https:\/\/at.comune.sestu.ca.it\/index.php\/wp-json\/wp\/v2\/pages\/3904"}],"wp:attachment":[{"href":"https:\/\/at.comune.sestu.ca.it\/index.php\/wp-json\/wp\/v2\/media?parent=4602"}],"curies":[{"name":"wp","href":"https:\/\/api.w.org\/{rel}","templated":true}]}}